{"id":96,"date":"2019-02-11T11:24:10","date_gmt":"2019-02-11T09:24:10","guid":{"rendered":"https:\/\/www.in2sa.cat\/?page_id=96"},"modified":"2019-05-30T10:58:45","modified_gmt":"2019-05-30T08:58:45","slug":"outsourcing-de-servicios-informaticos","status":"publish","type":"page","link":"https:\/\/www.in2sa.cat\/es\/servicios-it\/outsourcing-de-servicios-informaticos\/","title":{"rendered":"Outsourcing de servicios inform\u00e1ticos"},"content":{"rendered":"<h2>Migraci\u00f3n de Datos<\/h2>\r\n\r\n<div class=\"is-layout-flex wp-container-3 wp-block-columns has-2-columns\">\r\n<div class=\"is-layout-flow wp-block-column\">\r\n<p>La migraci\u00f3n de datos es el proceso de transferir los datos de un equipo a otro cuando tenemos la necesidad de cambiar estos equipos, o bien mientras se practican las modificaciones necesarias en la base de datos o en la aplicaci\u00f3n que los gestiona.<\/p>\r\n\r\n\r\n\r\n<p>IN2 le ofrece un servicio de migraci\u00f3n personalizada con una coordinaci\u00f3n y gesti\u00f3n del proyecto con medios propios y con una interferencia m\u00ednima en el d\u00eda a d\u00eda de su empresa.<\/p>\r\n\r\n\r\n\r\n<p>Mediante el outsourcing que le ofrece Inform\u00e1tica Industrial podr\u00e1 utilizar nuestros servicios t\u00e9cnicos que se integraran en su estructura ayud\u00e1ndole y sumando esfuerzos de forma conjunta.<\/p>\r\n<\/div>\r\n\r\n\r\n\r\n<div class=\"is-layout-flow wp-block-column\">\r\n<figure class=\"wp-block-image\"><img decoding=\"async\" loading=\"lazy\" class=\"alignnone size-full wp-image-224\" src=\"https:\/\/www.in2sa.cat\/wp-content\/uploads\/2019\/02\/Migracion-de-Datos.png\" alt=\"\" width=\"350\" height=\"350\" srcset=\"https:\/\/www.in2sa.cat\/wp-content\/uploads\/2019\/02\/Migracion-de-Datos.png 350w, https:\/\/www.in2sa.cat\/wp-content\/uploads\/2019\/02\/Migracion-de-Datos-150x150.png 150w, https:\/\/www.in2sa.cat\/wp-content\/uploads\/2019\/02\/Migracion-de-Datos-300x300.png 300w\" sizes=\"(max-width: 350px) 100vw, 350px\" \/><\/figure>\r\n<\/div>\r\n<\/div>\r\n\r\n<h2>Actualizaci\u00f3n de equipos<\/h2>\r\n\r\n<div class=\"is-layout-flex wp-container-6 wp-block-columns has-2-columns\">\r\n<div class=\"is-layout-flow wp-block-column\">\r\n<figure class=\"wp-block-image\"><img decoding=\"async\" loading=\"lazy\" class=\"alignnone size-full wp-image-226\" src=\"https:\/\/www.in2sa.cat\/wp-content\/uploads\/2019\/02\/Actualizacion-de-equipos.png\" alt=\"Actualizaci\u00f3n de equipos\" width=\"350\" height=\"350\" srcset=\"https:\/\/www.in2sa.cat\/wp-content\/uploads\/2019\/02\/Actualizacion-de-equipos.png 350w, https:\/\/www.in2sa.cat\/wp-content\/uploads\/2019\/02\/Actualizacion-de-equipos-150x150.png 150w, https:\/\/www.in2sa.cat\/wp-content\/uploads\/2019\/02\/Actualizacion-de-equipos-300x300.png 300w\" sizes=\"(max-width: 350px) 100vw, 350px\" \/><\/figure>\r\n<\/div>\r\n\r\n\r\n\r\n<div class=\"is-layout-flow wp-block-column\">\r\n<p>La renovaci\u00f3n y actualizaci\u00f3n de los equipos inform\u00e1ticos es una de las necesidades de cualquier empresa.<\/p>\r\n\r\n\r\n\r\n<p>Desde IN2 le ofrecemos los servicios de: actualizaci\u00f3n de sus equipos, renovaci\u00f3n de los mismos, traspaso de informaci\u00f3n, actualizaci\u00f3n de su sistema operativo o de otras aplicaciones, mejora de la conectividad, etc.<\/p>\r\n\r\n\r\n\r\n<p>Con este servicio de Inform\u00e1tica Industrial le ofrecemos la posibilidad de gestionar la destrucci\u00f3n de datos o equipos obsoletos, as\u00ed como el env\u00edo certificado al gestor de residuos. Con nuestro servicio alargar\u00e1 de forma sencilla la vida de sus equipos.<\/p>\r\n<\/div>\r\n<\/div>\r\n\r\n<h2>Help Desk<\/h2>\r\n\r\n<div class=\"is-layout-flex wp-container-9 wp-block-columns has-2-columns\">\r\n<div class=\"is-layout-flow wp-block-column\">\r\n<p>Las necesidades de tener una asistencia t\u00e9cnica inmediata han llevado a muchas empresas a tener que contratar Servicios de Help Desk remoto.<\/p>\r\n\r\n\r\n\r\n<p>Desde IN2 le garantizamos un servicio de Help Desk de asistencia remota de primer nivel con un apoyo inmediato y siempre de un modo eficaz, sencillo y seguro.<\/p>\r\n\r\n\r\n\r\n<p>Se trata de un recurso inform\u00e1tico que Inform\u00e1tica Industrial pone a su disposici\u00f3n y que le permitir\u00e1 iniciar la gestiona de cualquier tipo de incidencias de lo forma m\u00e1s \u00e1gil posible.<\/p>\r\n<\/div>\r\n\r\n\r\n\r\n<div class=\"is-layout-flow wp-block-column\">\r\n<figure class=\"wp-block-image\"><img decoding=\"async\" loading=\"lazy\" class=\"alignnone size-full wp-image-228\" src=\"https:\/\/www.in2sa.cat\/wp-content\/uploads\/2019\/02\/Help-Desk.png\" alt=\"Help Desk\" width=\"350\" height=\"350\" srcset=\"https:\/\/www.in2sa.cat\/wp-content\/uploads\/2019\/02\/Help-Desk.png 350w, https:\/\/www.in2sa.cat\/wp-content\/uploads\/2019\/02\/Help-Desk-150x150.png 150w, https:\/\/www.in2sa.cat\/wp-content\/uploads\/2019\/02\/Help-Desk-300x300.png 300w\" sizes=\"(max-width: 350px) 100vw, 350px\" \/><\/figure>\r\n<\/div>\r\n<\/div>\r\n\r\n<p>&nbsp;<\/p>","protected":false},"excerpt":{"rendered":"<p>Migraci\u00f3n de Datos La migraci\u00f3n de datos es el proceso de transferir los datos de un equipo a otro cuando tenemos la necesidad de cambiar estos equipos, o bien mientras se practican las modificaciones necesarias en la base de datos o en la aplicaci\u00f3n que los gestiona. IN2 le ofrece un servicio de migraci\u00f3n personalizada [&hellip;]<\/p>\n","protected":false},"author":1,"featured_media":0,"parent":129,"menu_order":4,"comment_status":"closed","ping_status":"closed","template":"","meta":{"inline_featured_image":false},"yoast_head":"<!-- This site is optimized with the Yoast SEO plugin v20.13 - https:\/\/yoast.com\/wordpress\/plugins\/seo\/ -->\n<title>Outsourcing de servicios inform\u00e1ticos - IN2 - Inform\u00e1tica industrial<\/title>\n<meta name=\"robots\" content=\"index, follow, max-snippet:-1, max-image-preview:large, max-video-preview:-1\" \/>\n<link rel=\"canonical\" href=\"https:\/\/www.in2sa.cat\/es\/servicios-it\/outsourcing-de-servicios-informaticos\/\" \/>\n<meta property=\"og:locale\" content=\"es_ES\" \/>\n<meta property=\"og:type\" content=\"article\" \/>\n<meta property=\"og:title\" content=\"Outsourcing de servicios inform\u00e1ticos - IN2 - Inform\u00e1tica industrial\" \/>\n<meta property=\"og:description\" content=\"Migraci\u00f3n de Datos La migraci\u00f3n de datos es el proceso de transferir los datos de un equipo a otro cuando tenemos la necesidad de cambiar estos equipos, o bien mientras se practican las modificaciones necesarias en la base de datos o en la aplicaci\u00f3n que los gestiona. IN2 le ofrece un servicio de migraci\u00f3n personalizada [&hellip;]\" \/>\n<meta property=\"og:url\" content=\"https:\/\/www.in2sa.cat\/es\/servicios-it\/outsourcing-de-servicios-informaticos\/\" \/>\n<meta property=\"og:site_name\" content=\"IN2 - Inform\u00e1tica industrial\" \/>\n<meta property=\"article:modified_time\" content=\"2019-05-30T08:58:45+00:00\" \/>\n<meta property=\"og:image\" content=\"https:\/\/www.in2sa.cat\/wp-content\/uploads\/2019\/02\/Migracion-de-Datos.png\" \/>\n<meta name=\"twitter:card\" content=\"summary_large_image\" \/>\n<meta name=\"twitter:label1\" content=\"Tiempo de lectura\" \/>\n\t<meta name=\"twitter:data1\" content=\"2 minutos\" \/>\n<script type=\"application\/ld+json\" class=\"yoast-schema-graph\">{\"@context\":\"https:\/\/schema.org\",\"@graph\":[{\"@type\":\"WebPage\",\"@id\":\"https:\/\/www.in2sa.cat\/es\/servicios-it\/outsourcing-de-servicios-informaticos\/\",\"url\":\"https:\/\/www.in2sa.cat\/es\/servicios-it\/outsourcing-de-servicios-informaticos\/\",\"name\":\"Outsourcing de servicios inform\u00e1ticos - IN2 - Inform\u00e1tica industrial\",\"isPartOf\":{\"@id\":\"https:\/\/www.in2sa.cat\/es\/#website\"},\"datePublished\":\"2019-02-11T09:24:10+00:00\",\"dateModified\":\"2019-05-30T08:58:45+00:00\",\"breadcrumb\":{\"@id\":\"https:\/\/www.in2sa.cat\/es\/servicios-it\/outsourcing-de-servicios-informaticos\/#breadcrumb\"},\"inLanguage\":\"es\",\"potentialAction\":[{\"@type\":\"ReadAction\",\"target\":[\"https:\/\/www.in2sa.cat\/es\/servicios-it\/outsourcing-de-servicios-informaticos\/\"]}]},{\"@type\":\"BreadcrumbList\",\"@id\":\"https:\/\/www.in2sa.cat\/es\/servicios-it\/outsourcing-de-servicios-informaticos\/#breadcrumb\",\"itemListElement\":[{\"@type\":\"ListItem\",\"position\":1,\"name\":\"Home\",\"item\":\"https:\/\/www.in2sa.cat\/es\/\"},{\"@type\":\"ListItem\",\"position\":2,\"name\":\"Servicios IT\",\"item\":\"https:\/\/www.in2sa.cat\/es\/servicios-it\/\"},{\"@type\":\"ListItem\",\"position\":3,\"name\":\"Outsourcing de servicios inform\u00e1ticos\"}]},{\"@type\":\"WebSite\",\"@id\":\"https:\/\/www.in2sa.cat\/es\/#website\",\"url\":\"https:\/\/www.in2sa.cat\/es\/\",\"name\":\"IN2 - Inform\u00e1tica industrial\",\"description\":\"Services for business\",\"publisher\":{\"@id\":\"https:\/\/www.in2sa.cat\/es\/#organization\"},\"potentialAction\":[{\"@type\":\"SearchAction\",\"target\":{\"@type\":\"EntryPoint\",\"urlTemplate\":\"https:\/\/www.in2sa.cat\/es\/?s={search_term_string}\"},\"query-input\":\"required name=search_term_string\"}],\"inLanguage\":\"es\"},{\"@type\":\"Organization\",\"@id\":\"https:\/\/www.in2sa.cat\/es\/#organization\",\"name\":\"IN2 - Inform\u00e1tica industrial\",\"url\":\"https:\/\/www.in2sa.cat\/es\/\",\"logo\":{\"@type\":\"ImageObject\",\"inLanguage\":\"es\",\"@id\":\"https:\/\/www.in2sa.cat\/es\/#\/schema\/logo\/image\/\",\"url\":\"https:\/\/www.in2sa.cat\/wp-content\/uploads\/2019\/02\/logo.png\",\"contentUrl\":\"https:\/\/www.in2sa.cat\/wp-content\/uploads\/2019\/02\/logo.png\",\"width\":287,\"height\":64,\"caption\":\"IN2 - Inform\u00e1tica industrial\"},\"image\":{\"@id\":\"https:\/\/www.in2sa.cat\/es\/#\/schema\/logo\/image\/\"}}]}<\/script>\n<!-- \/ Yoast SEO plugin. -->","yoast_head_json":{"title":"Outsourcing de servicios inform\u00e1ticos - IN2 - Inform\u00e1tica industrial","robots":{"index":"index","follow":"follow","max-snippet":"max-snippet:-1","max-image-preview":"max-image-preview:large","max-video-preview":"max-video-preview:-1"},"canonical":"https:\/\/www.in2sa.cat\/es\/servicios-it\/outsourcing-de-servicios-informaticos\/","og_locale":"es_ES","og_type":"article","og_title":"Outsourcing de servicios inform\u00e1ticos - IN2 - Inform\u00e1tica industrial","og_description":"Migraci\u00f3n de Datos La migraci\u00f3n de datos es el proceso de transferir los datos de un equipo a otro cuando tenemos la necesidad de cambiar estos equipos, o bien mientras se practican las modificaciones necesarias en la base de datos o en la aplicaci\u00f3n que los gestiona. IN2 le ofrece un servicio de migraci\u00f3n personalizada [&hellip;]","og_url":"https:\/\/www.in2sa.cat\/es\/servicios-it\/outsourcing-de-servicios-informaticos\/","og_site_name":"IN2 - Inform\u00e1tica industrial","article_modified_time":"2019-05-30T08:58:45+00:00","og_image":[{"url":"https:\/\/www.in2sa.cat\/wp-content\/uploads\/2019\/02\/Migracion-de-Datos.png"}],"twitter_card":"summary_large_image","twitter_misc":{"Tiempo de lectura":"2 minutos"},"schema":{"@context":"https:\/\/schema.org","@graph":[{"@type":"WebPage","@id":"https:\/\/www.in2sa.cat\/es\/servicios-it\/outsourcing-de-servicios-informaticos\/","url":"https:\/\/www.in2sa.cat\/es\/servicios-it\/outsourcing-de-servicios-informaticos\/","name":"Outsourcing de servicios inform\u00e1ticos - IN2 - Inform\u00e1tica industrial","isPartOf":{"@id":"https:\/\/www.in2sa.cat\/es\/#website"},"datePublished":"2019-02-11T09:24:10+00:00","dateModified":"2019-05-30T08:58:45+00:00","breadcrumb":{"@id":"https:\/\/www.in2sa.cat\/es\/servicios-it\/outsourcing-de-servicios-informaticos\/#breadcrumb"},"inLanguage":"es","potentialAction":[{"@type":"ReadAction","target":["https:\/\/www.in2sa.cat\/es\/servicios-it\/outsourcing-de-servicios-informaticos\/"]}]},{"@type":"BreadcrumbList","@id":"https:\/\/www.in2sa.cat\/es\/servicios-it\/outsourcing-de-servicios-informaticos\/#breadcrumb","itemListElement":[{"@type":"ListItem","position":1,"name":"Home","item":"https:\/\/www.in2sa.cat\/es\/"},{"@type":"ListItem","position":2,"name":"Servicios IT","item":"https:\/\/www.in2sa.cat\/es\/servicios-it\/"},{"@type":"ListItem","position":3,"name":"Outsourcing de servicios inform\u00e1ticos"}]},{"@type":"WebSite","@id":"https:\/\/www.in2sa.cat\/es\/#website","url":"https:\/\/www.in2sa.cat\/es\/","name":"IN2 - Inform\u00e1tica industrial","description":"Services for business","publisher":{"@id":"https:\/\/www.in2sa.cat\/es\/#organization"},"potentialAction":[{"@type":"SearchAction","target":{"@type":"EntryPoint","urlTemplate":"https:\/\/www.in2sa.cat\/es\/?s={search_term_string}"},"query-input":"required name=search_term_string"}],"inLanguage":"es"},{"@type":"Organization","@id":"https:\/\/www.in2sa.cat\/es\/#organization","name":"IN2 - Inform\u00e1tica industrial","url":"https:\/\/www.in2sa.cat\/es\/","logo":{"@type":"ImageObject","inLanguage":"es","@id":"https:\/\/www.in2sa.cat\/es\/#\/schema\/logo\/image\/","url":"https:\/\/www.in2sa.cat\/wp-content\/uploads\/2019\/02\/logo.png","contentUrl":"https:\/\/www.in2sa.cat\/wp-content\/uploads\/2019\/02\/logo.png","width":287,"height":64,"caption":"IN2 - Inform\u00e1tica industrial"},"image":{"@id":"https:\/\/www.in2sa.cat\/es\/#\/schema\/logo\/image\/"}}]}},"_links":{"self":[{"href":"https:\/\/www.in2sa.cat\/es\/wp-json\/wp\/v2\/pages\/96"}],"collection":[{"href":"https:\/\/www.in2sa.cat\/es\/wp-json\/wp\/v2\/pages"}],"about":[{"href":"https:\/\/www.in2sa.cat\/es\/wp-json\/wp\/v2\/types\/page"}],"author":[{"embeddable":true,"href":"https:\/\/www.in2sa.cat\/es\/wp-json\/wp\/v2\/users\/1"}],"replies":[{"embeddable":true,"href":"https:\/\/www.in2sa.cat\/es\/wp-json\/wp\/v2\/comments?post=96"}],"version-history":[{"count":13,"href":"https:\/\/www.in2sa.cat\/es\/wp-json\/wp\/v2\/pages\/96\/revisions"}],"predecessor-version":[{"id":716,"href":"https:\/\/www.in2sa.cat\/es\/wp-json\/wp\/v2\/pages\/96\/revisions\/716"}],"up":[{"embeddable":true,"href":"https:\/\/www.in2sa.cat\/es\/wp-json\/wp\/v2\/pages\/129"}],"wp:attachment":[{"href":"https:\/\/www.in2sa.cat\/es\/wp-json\/wp\/v2\/media?parent=96"}],"curies":[{"name":"wp","href":"https:\/\/api.w.org\/{rel}","templated":true}]}}