{"id":94,"date":"2019-02-11T11:23:11","date_gmt":"2019-02-11T09:23:11","guid":{"rendered":"https:\/\/www.in2sa.cat\/?page_id=94"},"modified":"2019-03-26T09:51:43","modified_gmt":"2019-03-26T07:51:43","slug":"consultoria-informatica","status":"publish","type":"page","link":"https:\/\/www.in2sa.cat\/es\/servicios-it\/consultoria-informatica\/","title":{"rendered":"Consultor\u00eda inform\u00e1tica"},"content":{"rendered":"<h2>Almacenamiento<\/h2>\r\n\r\n<div class=\"is-layout-flex wp-container-3 wp-block-columns has-2-columns\">\r\n<div class=\"is-layout-flow wp-block-column\">\r\n<p>Actualmente las necesidades de almacenamiento de datos en las empresas est\u00e1n creciendo entre el 40 y el 60 % anuales.<\/p>\r\n\r\n\r\n\r\n<p>En IN2 conscientes de esta necesidad le ayudaremos a escoger la mejor estrategia para el almacenaje seguro de todos sus datos, en infraestructura propia del cliente en la nube (cloud) siempre de la mano de los mejores proveedores de estos servicios y a precios econ\u00f3micamente competitivos que se adapten a sus necesidades.<\/p>\r\n<\/div>\r\n\r\n\r\n\r\n<div class=\"is-layout-flow wp-block-column\">\r\n<figure class=\"wp-block-image\"><img decoding=\"async\" loading=\"lazy\" class=\"alignnone size-full wp-image-202\" src=\"https:\/\/www.in2sa.cat\/wp-content\/uploads\/2019\/02\/almacenamiento-en-la-nube.png\" alt=\"\" width=\"350\" height=\"350\" srcset=\"https:\/\/www.in2sa.cat\/wp-content\/uploads\/2019\/02\/almacenamiento-en-la-nube.png 350w, https:\/\/www.in2sa.cat\/wp-content\/uploads\/2019\/02\/almacenamiento-en-la-nube-150x150.png 150w, https:\/\/www.in2sa.cat\/wp-content\/uploads\/2019\/02\/almacenamiento-en-la-nube-300x300.png 300w\" sizes=\"(max-width: 350px) 100vw, 350px\" \/><\/figure>\r\n<\/div>\r\n<\/div>\r\n\r\n<h2>Virtualizaci\u00f3n<\/h2>\r\n\r\n<div class=\"is-layout-flex wp-container-6 wp-block-columns has-2-columns\">\r\n<div class=\"is-layout-flow wp-block-column\">\r\n\r\n<figure class=\"wp-block-image\"><img decoding=\"async\" loading=\"lazy\" class=\"alignnone size-full wp-image-204\" src=\"https:\/\/www.in2sa.cat\/wp-content\/uploads\/2019\/02\/avirtualizacion-en-la-nube.png\" alt=\"\" width=\"350\" height=\"350\" srcset=\"https:\/\/www.in2sa.cat\/wp-content\/uploads\/2019\/02\/avirtualizacion-en-la-nube.png 350w, https:\/\/www.in2sa.cat\/wp-content\/uploads\/2019\/02\/avirtualizacion-en-la-nube-150x150.png 150w, https:\/\/www.in2sa.cat\/wp-content\/uploads\/2019\/02\/avirtualizacion-en-la-nube-300x300.png 300w\" sizes=\"(max-width: 350px) 100vw, 350px\" \/><\/figure>\r\n<\/div>\r\n\r\n\r\n\r\n<div class=\"is-layout-flow wp-block-column\">\r\n<p>La virtualizaci\u00f3n de servidores es una tecnolog\u00eda que permite segmentar un servidor f\u00edsico en varios servidores virtuales y ello aporta un importante ahorro de costes, a la vez que aumenta la seguridad y la eficiencia en la gesti\u00f3n.<\/p>\r\n\r\n\r\n\r\n<p>La experiencia de IN2 en este entorno, con instalaciones que funcionan desde hace m\u00e1s de una d\u00e9cada, nos permite ofrecerle una gran optimizaci\u00f3n de recursos lo que eliminar\u00e1 muchos elementos que pueden ser innecesarios y encarecer sus instalaciones.<\/p>\r\n\r\n\r\n\r\n<p>Las soluciones de Inform\u00e1tica Industrial le permitir\u00e1n un crecimiento sostenible que se adapte a sus necesidades reales, tanto actuales como futuras a la vez que le asegurar\u00e1 un ahorro en el consumo energ\u00e9tico.<\/p>\r\n<\/div>\r\n<\/div>\r\n\r\n<h2>Copias de seguridad internas y externas<\/h2>\r\n\r\n<div class=\"is-layout-flex wp-container-9 wp-block-columns has-2-columns\">\r\n<div class=\"is-layout-flow wp-block-column\">\r\n<p>Mantener un sistema de copias de Seguridad en las empresas es una necesidad actual que no siempre garantiza la recuperaci\u00f3n de todos los datos.<\/p>\r\n\r\n\r\n\r\n<p>Con IN2 tendr\u00e1 las mejores soluciones para sus copias de seguridad que pueden combinar la infraestructura en sus propias instalaciones o los recursos on-line, siempre con la posibilidad de que IN2 supervise todo el proceso.<\/p>\r\n\r\n\r\n\r\n<p>El servicio de Inform\u00e1tica Industrial es sencillo de utilizar y le garantizamos que sus datos estar\u00e1n siempre disponibles, seguros y actualizados, cumpliendo en todo momento con la RGPD.<\/p>\r\n<\/div>\r\n\r\n\r\n\r\n<div class=\"is-layout-flow wp-block-column\">\r\n\r\n<figure class=\"wp-block-image\"><img decoding=\"async\" loading=\"lazy\" class=\"alignnone size-full wp-image-207\" src=\"https:\/\/www.in2sa.cat\/wp-content\/uploads\/2019\/02\/copias-de-seguridad.png\" alt=\"\" width=\"350\" height=\"350\" srcset=\"https:\/\/www.in2sa.cat\/wp-content\/uploads\/2019\/02\/copias-de-seguridad.png 350w, https:\/\/www.in2sa.cat\/wp-content\/uploads\/2019\/02\/copias-de-seguridad-150x150.png 150w, https:\/\/www.in2sa.cat\/wp-content\/uploads\/2019\/02\/copias-de-seguridad-300x300.png 300w\" sizes=\"(max-width: 350px) 100vw, 350px\" \/><\/figure>\r\n<\/div>\r\n<\/div>\r\n\r\n<h2>Redes y cableado<\/h2>\r\n\r\n<div class=\"is-layout-flex wp-container-12 wp-block-columns has-2-columns\">\r\n<div class=\"is-layout-flow wp-block-column\">\r\n\r\n<figure class=\"wp-block-image\"><img decoding=\"async\" loading=\"lazy\" class=\"alignnone size-full wp-image-210\" src=\"https:\/\/www.in2sa.cat\/wp-content\/uploads\/2019\/02\/redes-y-cableado.png\" alt=\"\" width=\"350\" height=\"350\" srcset=\"https:\/\/www.in2sa.cat\/wp-content\/uploads\/2019\/02\/redes-y-cableado.png 350w, https:\/\/www.in2sa.cat\/wp-content\/uploads\/2019\/02\/redes-y-cableado-150x150.png 150w, https:\/\/www.in2sa.cat\/wp-content\/uploads\/2019\/02\/redes-y-cableado-300x300.png 300w\" sizes=\"(max-width: 350px) 100vw, 350px\" \/><\/figure>\r\n<\/div>\r\n\r\n\r\n\r\n<div class=\"is-layout-flow wp-block-column\">\r\n<p>Las redes utilizan el cableado para distribuir la informaci\u00f3n y en funci\u00f3n de las caracter\u00edsticas de la instalaci\u00f3n, las distancias a cubrir y el tipo de equipos a conectar deben usarse diferentes tipos de cables certificados o bien optar por soluciones inal\u00e1mbricas.<\/p>\r\n\r\n\r\n\r\n<p>En IN2 dispone del personal t\u00e9cnico para certificar la instalaci\u00f3n m\u00e1s adecuada a cada necesidad.<\/p>\r\n\r\n\r\n\r\n<p>Para asegurar la correcta interconexi\u00f3n de los equipos, en Inform\u00e1tica Industrial, recomendamos usar siempre switches, gateways o routers de prestigiosas marcas, como HP, Dell o Cisco.<\/p>\r\n<\/div>\r\n<\/div>\r\n\r\n<h2>Ofim\u00e1tica<\/h2>\r\n\r\n<div class=\"is-layout-flex wp-container-15 wp-block-columns has-2-columns\">\r\n<div class=\"is-layout-flow wp-block-column\">\r\n<p>La Ofim\u00e1tica son los programas que son utilizados en oficinas y nos dan la posibilidad de crear, transmitir y almacenar todo tipo de informaci\u00f3n necesaria para desarrollar el trabajo.<\/p>\r\n\r\n\r\n\r\n<p>IN2 recomienda la utilizaci\u00f3n de Office 365 ya que mejorar\u00e1 considerablemente el funcionamiento de sus equipos de trabajo y les permitir\u00e1 el acceso a sus datos actualizados con y sin conexi\u00f3n, en todos los lugares y desde todos los dispositivos.<\/p>\r\n\r\n\r\n\r\n<p>Aproveche ahora esta versi\u00f3n de Office con las mejores condiciones econ\u00f3micas y la garant\u00eda de actualizaci\u00f3n permanente.<\/p>\r\n<\/div>\r\n\r\n\r\n\r\n<div class=\"is-layout-flow wp-block-column\">\r\n\r\n<figure class=\"wp-block-image\"><img decoding=\"async\" loading=\"lazy\" class=\"alignnone size-full wp-image-213\" src=\"https:\/\/www.in2sa.cat\/wp-content\/uploads\/2019\/02\/office.png\" alt=\"\" width=\"350\" height=\"350\" srcset=\"https:\/\/www.in2sa.cat\/wp-content\/uploads\/2019\/02\/office.png 350w, https:\/\/www.in2sa.cat\/wp-content\/uploads\/2019\/02\/office-150x150.png 150w, https:\/\/www.in2sa.cat\/wp-content\/uploads\/2019\/02\/office-300x300.png 300w\" sizes=\"(max-width: 350px) 100vw, 350px\" \/><\/figure>\r\n<\/div>\r\n<\/div>\r\n\r\n<h2>Seguridad perimetral<\/h2>\r\n\r\n<div class=\"is-layout-flex wp-container-18 wp-block-columns has-2-columns\">\r\n<div class=\"is-layout-flow wp-block-column\">\r\n\r\n<figure class=\"wp-block-image\"><img decoding=\"async\" loading=\"lazy\" class=\"alignnone size-full wp-image-215\" src=\"https:\/\/www.in2sa.cat\/wp-content\/uploads\/2019\/02\/Seguridad-perimetral.png\" alt=\"Seguridad perimetral\" width=\"350\" height=\"350\" srcset=\"https:\/\/www.in2sa.cat\/wp-content\/uploads\/2019\/02\/Seguridad-perimetral.png 350w, https:\/\/www.in2sa.cat\/wp-content\/uploads\/2019\/02\/Seguridad-perimetral-150x150.png 150w, https:\/\/www.in2sa.cat\/wp-content\/uploads\/2019\/02\/Seguridad-perimetral-300x300.png 300w\" sizes=\"(max-width: 350px) 100vw, 350px\" \/><\/figure>\r\n<\/div>\r\n\r\n\r\n\r\n<div class=\"is-layout-flow wp-block-column\">\r\n<p>Actualmente los ciberataques se est\u00e1n convirtiendo en uno de los grandes problemas de seguridad y de funcionamiento de los equipos inform\u00e1ticos y de los departamentos de IT que los gestionan.<\/p>\r\n\r\n\r\n\r\n<p>En IN2 le garantizamos la seguridad de sus infraestructuras ante ataques externos e internos mediante firewalls que bloquearan los ataques que puedan sufrir.<\/p>\r\n\r\n\r\n\r\n<p>Las soluciones de seguridad perimetral (SonicWall, Antivirus, etc.) de Inform\u00e1tica Industrial le permitir\u00e1n trabajar a trav\u00e9s de un canal seguro (VPN) que le asegurar\u00e1 tanto la inviolabilidad de su informaci\u00f3n como la continuidad de su trabajo.<\/p>\r\n<\/div>\r\n<\/div>\r\n\r\n<h2>Rentings tecnol\u00f3gicos<\/h2>\r\n\r\n<div class=\"is-layout-flex wp-container-21 wp-block-columns has-2-columns\">\r\n<div class=\"is-layout-flow wp-block-column\">\r\n<p>El Renting le ofrece poder disponer de todos los servicios tecnol\u00f3gicos con una \u00fanica cuota mensual, liberando parte de sus recursos hacia otras actividades, as\u00ed como poder estructurar el pago como mejor se adapte a sus necesidades.<\/p>\r\n\r\n\r\n\r\n<p>En IN2 le ofrecemos una soluci\u00f3n de Renting f\u00e1cil, flexible y adaptable a las necesidades cambiantes de su negocio.<\/p>\r\n\r\n\r\n\r\n<p>En Inform\u00e1tica Industrial cubrimos \u00edntegramente la totalidad de su proyecto tecnol\u00f3gico con productos, programas, apps y servicios, todo desde una \u00fanica factura.<\/p>\r\n<\/div>\r\n\r\n\r\n\r\n<div class=\"is-layout-flow wp-block-column\">\r\n\r\n<figure class=\"wp-block-image\"><img decoding=\"async\" loading=\"lazy\" class=\"alignnone size-full wp-image-218\" src=\"https:\/\/www.in2sa.cat\/wp-content\/uploads\/2019\/02\/renting-tecnologico.png\" alt=\"\" width=\"350\" height=\"350\" srcset=\"https:\/\/www.in2sa.cat\/wp-content\/uploads\/2019\/02\/renting-tecnologico.png 350w, https:\/\/www.in2sa.cat\/wp-content\/uploads\/2019\/02\/renting-tecnologico-150x150.png 150w, https:\/\/www.in2sa.cat\/wp-content\/uploads\/2019\/02\/renting-tecnologico-300x300.png 300w\" sizes=\"(max-width: 350px) 100vw, 350px\" \/><\/figure>\r\n<\/div>\r\n<\/div>\r\n\r\n<p>&nbsp;<\/p>","protected":false},"excerpt":{"rendered":"<p>Almacenamiento Actualmente las necesidades de almacenamiento de datos en las empresas est\u00e1n creciendo entre el 40 y el 60 % anuales. En IN2 conscientes de esta necesidad le ayudaremos a escoger la mejor estrategia para el almacenaje seguro de todos sus datos, en infraestructura propia del cliente en la nube (cloud) siempre de la mano [&hellip;]<\/p>\n","protected":false},"author":1,"featured_media":0,"parent":129,"menu_order":1,"comment_status":"closed","ping_status":"closed","template":"","meta":{"inline_featured_image":false},"yoast_head":"<!-- This site is optimized with the Yoast SEO plugin v20.13 - https:\/\/yoast.com\/wordpress\/plugins\/seo\/ -->\n<title>Consultor\u00eda inform\u00e1tica - IN2 - Inform\u00e1tica industrial<\/title>\n<meta name=\"robots\" content=\"index, follow, max-snippet:-1, max-image-preview:large, max-video-preview:-1\" \/>\n<link rel=\"canonical\" href=\"https:\/\/www.in2sa.cat\/es\/servicios-it\/consultoria-informatica\/\" \/>\n<meta property=\"og:locale\" content=\"es_ES\" \/>\n<meta property=\"og:type\" content=\"article\" \/>\n<meta property=\"og:title\" content=\"Consultor\u00eda inform\u00e1tica - IN2 - Inform\u00e1tica industrial\" \/>\n<meta property=\"og:description\" content=\"Almacenamiento Actualmente las necesidades de almacenamiento de datos en las empresas est\u00e1n creciendo entre el 40 y el 60 % anuales. En IN2 conscientes de esta necesidad le ayudaremos a escoger la mejor estrategia para el almacenaje seguro de todos sus datos, en infraestructura propia del cliente en la nube (cloud) siempre de la mano [&hellip;]\" \/>\n<meta property=\"og:url\" content=\"https:\/\/www.in2sa.cat\/es\/servicios-it\/consultoria-informatica\/\" \/>\n<meta property=\"og:site_name\" content=\"IN2 - Inform\u00e1tica industrial\" \/>\n<meta property=\"article:modified_time\" content=\"2019-03-26T07:51:43+00:00\" \/>\n<meta property=\"og:image\" content=\"https:\/\/www.in2sa.cat\/wp-content\/uploads\/2019\/02\/almacenamiento-en-la-nube.png\" \/>\n<meta name=\"twitter:card\" content=\"summary_large_image\" \/>\n<meta name=\"twitter:label1\" content=\"Tiempo de lectura\" \/>\n\t<meta name=\"twitter:data1\" content=\"3 minutos\" \/>\n<script type=\"application\/ld+json\" class=\"yoast-schema-graph\">{\"@context\":\"https:\/\/schema.org\",\"@graph\":[{\"@type\":\"WebPage\",\"@id\":\"https:\/\/www.in2sa.cat\/es\/servicios-it\/consultoria-informatica\/\",\"url\":\"https:\/\/www.in2sa.cat\/es\/servicios-it\/consultoria-informatica\/\",\"name\":\"Consultor\u00eda inform\u00e1tica - IN2 - Inform\u00e1tica industrial\",\"isPartOf\":{\"@id\":\"https:\/\/www.in2sa.cat\/es\/#website\"},\"datePublished\":\"2019-02-11T09:23:11+00:00\",\"dateModified\":\"2019-03-26T07:51:43+00:00\",\"breadcrumb\":{\"@id\":\"https:\/\/www.in2sa.cat\/es\/servicios-it\/consultoria-informatica\/#breadcrumb\"},\"inLanguage\":\"es\",\"potentialAction\":[{\"@type\":\"ReadAction\",\"target\":[\"https:\/\/www.in2sa.cat\/es\/servicios-it\/consultoria-informatica\/\"]}]},{\"@type\":\"BreadcrumbList\",\"@id\":\"https:\/\/www.in2sa.cat\/es\/servicios-it\/consultoria-informatica\/#breadcrumb\",\"itemListElement\":[{\"@type\":\"ListItem\",\"position\":1,\"name\":\"Home\",\"item\":\"https:\/\/www.in2sa.cat\/es\/\"},{\"@type\":\"ListItem\",\"position\":2,\"name\":\"Servicios IT\",\"item\":\"https:\/\/www.in2sa.cat\/es\/servicios-it\/\"},{\"@type\":\"ListItem\",\"position\":3,\"name\":\"Consultor\u00eda inform\u00e1tica\"}]},{\"@type\":\"WebSite\",\"@id\":\"https:\/\/www.in2sa.cat\/es\/#website\",\"url\":\"https:\/\/www.in2sa.cat\/es\/\",\"name\":\"IN2 - Inform\u00e1tica industrial\",\"description\":\"Services for business\",\"publisher\":{\"@id\":\"https:\/\/www.in2sa.cat\/es\/#organization\"},\"potentialAction\":[{\"@type\":\"SearchAction\",\"target\":{\"@type\":\"EntryPoint\",\"urlTemplate\":\"https:\/\/www.in2sa.cat\/es\/?s={search_term_string}\"},\"query-input\":\"required name=search_term_string\"}],\"inLanguage\":\"es\"},{\"@type\":\"Organization\",\"@id\":\"https:\/\/www.in2sa.cat\/es\/#organization\",\"name\":\"IN2 - Inform\u00e1tica industrial\",\"url\":\"https:\/\/www.in2sa.cat\/es\/\",\"logo\":{\"@type\":\"ImageObject\",\"inLanguage\":\"es\",\"@id\":\"https:\/\/www.in2sa.cat\/es\/#\/schema\/logo\/image\/\",\"url\":\"https:\/\/www.in2sa.cat\/wp-content\/uploads\/2019\/02\/logo.png\",\"contentUrl\":\"https:\/\/www.in2sa.cat\/wp-content\/uploads\/2019\/02\/logo.png\",\"width\":287,\"height\":64,\"caption\":\"IN2 - Inform\u00e1tica industrial\"},\"image\":{\"@id\":\"https:\/\/www.in2sa.cat\/es\/#\/schema\/logo\/image\/\"}}]}<\/script>\n<!-- \/ Yoast SEO plugin. -->","yoast_head_json":{"title":"Consultor\u00eda inform\u00e1tica - IN2 - Inform\u00e1tica industrial","robots":{"index":"index","follow":"follow","max-snippet":"max-snippet:-1","max-image-preview":"max-image-preview:large","max-video-preview":"max-video-preview:-1"},"canonical":"https:\/\/www.in2sa.cat\/es\/servicios-it\/consultoria-informatica\/","og_locale":"es_ES","og_type":"article","og_title":"Consultor\u00eda inform\u00e1tica - IN2 - Inform\u00e1tica industrial","og_description":"Almacenamiento Actualmente las necesidades de almacenamiento de datos en las empresas est\u00e1n creciendo entre el 40 y el 60 % anuales. En IN2 conscientes de esta necesidad le ayudaremos a escoger la mejor estrategia para el almacenaje seguro de todos sus datos, en infraestructura propia del cliente en la nube (cloud) siempre de la mano [&hellip;]","og_url":"https:\/\/www.in2sa.cat\/es\/servicios-it\/consultoria-informatica\/","og_site_name":"IN2 - Inform\u00e1tica industrial","article_modified_time":"2019-03-26T07:51:43+00:00","og_image":[{"url":"https:\/\/www.in2sa.cat\/wp-content\/uploads\/2019\/02\/almacenamiento-en-la-nube.png"}],"twitter_card":"summary_large_image","twitter_misc":{"Tiempo de lectura":"3 minutos"},"schema":{"@context":"https:\/\/schema.org","@graph":[{"@type":"WebPage","@id":"https:\/\/www.in2sa.cat\/es\/servicios-it\/consultoria-informatica\/","url":"https:\/\/www.in2sa.cat\/es\/servicios-it\/consultoria-informatica\/","name":"Consultor\u00eda inform\u00e1tica - IN2 - Inform\u00e1tica industrial","isPartOf":{"@id":"https:\/\/www.in2sa.cat\/es\/#website"},"datePublished":"2019-02-11T09:23:11+00:00","dateModified":"2019-03-26T07:51:43+00:00","breadcrumb":{"@id":"https:\/\/www.in2sa.cat\/es\/servicios-it\/consultoria-informatica\/#breadcrumb"},"inLanguage":"es","potentialAction":[{"@type":"ReadAction","target":["https:\/\/www.in2sa.cat\/es\/servicios-it\/consultoria-informatica\/"]}]},{"@type":"BreadcrumbList","@id":"https:\/\/www.in2sa.cat\/es\/servicios-it\/consultoria-informatica\/#breadcrumb","itemListElement":[{"@type":"ListItem","position":1,"name":"Home","item":"https:\/\/www.in2sa.cat\/es\/"},{"@type":"ListItem","position":2,"name":"Servicios IT","item":"https:\/\/www.in2sa.cat\/es\/servicios-it\/"},{"@type":"ListItem","position":3,"name":"Consultor\u00eda inform\u00e1tica"}]},{"@type":"WebSite","@id":"https:\/\/www.in2sa.cat\/es\/#website","url":"https:\/\/www.in2sa.cat\/es\/","name":"IN2 - Inform\u00e1tica industrial","description":"Services for business","publisher":{"@id":"https:\/\/www.in2sa.cat\/es\/#organization"},"potentialAction":[{"@type":"SearchAction","target":{"@type":"EntryPoint","urlTemplate":"https:\/\/www.in2sa.cat\/es\/?s={search_term_string}"},"query-input":"required name=search_term_string"}],"inLanguage":"es"},{"@type":"Organization","@id":"https:\/\/www.in2sa.cat\/es\/#organization","name":"IN2 - Inform\u00e1tica industrial","url":"https:\/\/www.in2sa.cat\/es\/","logo":{"@type":"ImageObject","inLanguage":"es","@id":"https:\/\/www.in2sa.cat\/es\/#\/schema\/logo\/image\/","url":"https:\/\/www.in2sa.cat\/wp-content\/uploads\/2019\/02\/logo.png","contentUrl":"https:\/\/www.in2sa.cat\/wp-content\/uploads\/2019\/02\/logo.png","width":287,"height":64,"caption":"IN2 - Inform\u00e1tica industrial"},"image":{"@id":"https:\/\/www.in2sa.cat\/es\/#\/schema\/logo\/image\/"}}]}},"_links":{"self":[{"href":"https:\/\/www.in2sa.cat\/es\/wp-json\/wp\/v2\/pages\/94"}],"collection":[{"href":"https:\/\/www.in2sa.cat\/es\/wp-json\/wp\/v2\/pages"}],"about":[{"href":"https:\/\/www.in2sa.cat\/es\/wp-json\/wp\/v2\/types\/page"}],"author":[{"embeddable":true,"href":"https:\/\/www.in2sa.cat\/es\/wp-json\/wp\/v2\/users\/1"}],"replies":[{"embeddable":true,"href":"https:\/\/www.in2sa.cat\/es\/wp-json\/wp\/v2\/comments?post=94"}],"version-history":[{"count":12,"href":"https:\/\/www.in2sa.cat\/es\/wp-json\/wp\/v2\/pages\/94\/revisions"}],"predecessor-version":[{"id":573,"href":"https:\/\/www.in2sa.cat\/es\/wp-json\/wp\/v2\/pages\/94\/revisions\/573"}],"up":[{"embeddable":true,"href":"https:\/\/www.in2sa.cat\/es\/wp-json\/wp\/v2\/pages\/129"}],"wp:attachment":[{"href":"https:\/\/www.in2sa.cat\/es\/wp-json\/wp\/v2\/media?parent=94"}],"curies":[{"name":"wp","href":"https:\/\/api.w.org\/{rel}","templated":true}]}}