{"id":135,"date":"2019-02-04T12:54:37","date_gmt":"2019-02-04T11:54:37","guid":{"rendered":"https:\/\/www.in2sa.cat\/?page_id=135"},"modified":"2023-10-27T11:09:09","modified_gmt":"2023-10-27T10:09:09","slug":"contacto","status":"publish","type":"page","link":"https:\/\/www.in2sa.cat\/es\/contacto\/","title":{"rendered":"Contacto"},"content":{"rendered":"\r\n<div class=\"is-layout-flex wp-container-3 wp-block-columns has-2-columns\">\r\n<div class=\"is-layout-flow wp-block-column\">\r\n<div class=\"place-name\">\r\n<h3>INFORM\u00c0TICA INDUSTRIAL, IN2 S.A.<\/h3>\r\n<\/div>\r\n<div class=\"address\">Calle Doctor Salv\u00e0, 148 bajos, 08224, Terrassa, Barcelona<\/div>\r\n<div>\u00a0<\/div>\r\n<div><strong>Tel\u00e9fono:<\/strong>\u00a0\u00a0<a href=\"tel:937331919\">93 733 19 19<\/a><\/div>\r\n<div><strong>Correo electr\u00f3nico:<\/strong> info@in2sa.cat<\/div>\r\n<h4>Horario:<\/h4>\r\n<strong>De lunes a jueves:<\/strong> 8:00 a 14:00 y de 15:00 a 17:30<br \/><strong>Viernes:<\/strong> 8:00 a 14:30<br \/><br \/>\r\n<h5>Horario de verano (del 1 de Julio al 31 de Agosto)<\/h5>\r\n<strong>De lunes a viernes:<\/strong> de 8:00 a 14:30\r\n<div>\u00a0<\/div>\r\n\r\n<\/div>\r\n\r\n\r\n\r\n<div class=\"is-layout-flow wp-block-column\"><iframe src=\"https:\/\/www.google.com\/maps\/embed?pb=!1m18!1m12!1m3!1d2985.4360189725403!2d1.9975189419574615!3d41.55980707658522!2m3!1f0!2f0!3f0!3m2!1i1024!2i768!4f13.1!3m3!1m2!1s0x12a492974225b157%3A0x3857219aa41d42b7!2sCarrer%20del%20Dr.%20Salv%C3%A0%2C%20148%2C%2008224%20Terrassa%2C%20Barcelona%2C%20Espanya!5e0!3m2!1sca!2sus!4v1698401168233!5m2!1sca!2sus\" width=\"600\" height=\"450\" style=\"border:0;\" allowfullscreen=\"\" loading=\"lazy\" referrerpolicy=\"no-referrer-when-downgrade\"><\/iframe><\/div>\r\n<\/div>\r\n","protected":false},"excerpt":{"rendered":"<p>INFORM\u00c0TICA INDUSTRIAL, IN2 S.A. Calle Doctor Salv\u00e0, 148 bajos, 08224, Terrassa, Barcelona \u00a0 Tel\u00e9fono:\u00a0\u00a093 733 19 19 Correo electr\u00f3nico: info@in2sa.cat Horario: De lunes a jueves: 8:00 a 14:00 y de 15:00 a 17:30Viernes: 8:00 a 14:30 Horario de verano (del 1 de Julio al 31 de Agosto) De lunes a viernes: de 8:00 a 14:30 [&hellip;]<\/p>\n","protected":false},"author":1,"featured_media":0,"parent":0,"menu_order":6,"comment_status":"closed","ping_status":"closed","template":"","meta":{"inline_featured_image":false},"yoast_head":"<!-- This site is optimized with the Yoast SEO plugin v20.13 - https:\/\/yoast.com\/wordpress\/plugins\/seo\/ -->\n<title>Contacto - IN2 - Inform\u00e1tica industrial<\/title>\n<meta name=\"robots\" content=\"index, follow, max-snippet:-1, max-image-preview:large, max-video-preview:-1\" \/>\n<link rel=\"canonical\" href=\"https:\/\/www.in2sa.cat\/es\/contacto\/\" \/>\n<meta property=\"og:locale\" content=\"es_ES\" \/>\n<meta property=\"og:type\" content=\"article\" \/>\n<meta property=\"og:title\" content=\"Contacto - IN2 - Inform\u00e1tica industrial\" \/>\n<meta property=\"og:description\" content=\"INFORM\u00c0TICA INDUSTRIAL, IN2 S.A. Calle Doctor Salv\u00e0, 148 bajos, 08224, Terrassa, Barcelona \u00a0 Tel\u00e9fono:\u00a0\u00a093 733 19 19 Correo electr\u00f3nico: info@in2sa.cat Horario: De lunes a jueves: 8:00 a 14:00 y de 15:00 a 17:30Viernes: 8:00 a 14:30 Horario de verano (del 1 de Julio al 31 de Agosto) De lunes a viernes: de 8:00 a 14:30 [&hellip;]\" \/>\n<meta property=\"og:url\" content=\"https:\/\/www.in2sa.cat\/es\/contacto\/\" \/>\n<meta property=\"og:site_name\" content=\"IN2 - Inform\u00e1tica industrial\" \/>\n<meta property=\"article:modified_time\" content=\"2023-10-27T10:09:09+00:00\" \/>\n<meta name=\"twitter:card\" content=\"summary_large_image\" \/>\n<meta name=\"twitter:label1\" content=\"Tiempo de lectura\" \/>\n\t<meta name=\"twitter:data1\" content=\"1 minuto\" \/>\n<script type=\"application\/ld+json\" class=\"yoast-schema-graph\">{\"@context\":\"https:\/\/schema.org\",\"@graph\":[{\"@type\":\"WebPage\",\"@id\":\"https:\/\/www.in2sa.cat\/es\/contacto\/\",\"url\":\"https:\/\/www.in2sa.cat\/es\/contacto\/\",\"name\":\"Contacto - IN2 - Inform\u00e1tica industrial\",\"isPartOf\":{\"@id\":\"https:\/\/www.in2sa.cat\/es\/#website\"},\"datePublished\":\"2019-02-04T11:54:37+00:00\",\"dateModified\":\"2023-10-27T10:09:09+00:00\",\"breadcrumb\":{\"@id\":\"https:\/\/www.in2sa.cat\/es\/contacto\/#breadcrumb\"},\"inLanguage\":\"es\",\"potentialAction\":[{\"@type\":\"ReadAction\",\"target\":[\"https:\/\/www.in2sa.cat\/es\/contacto\/\"]}]},{\"@type\":\"BreadcrumbList\",\"@id\":\"https:\/\/www.in2sa.cat\/es\/contacto\/#breadcrumb\",\"itemListElement\":[{\"@type\":\"ListItem\",\"position\":1,\"name\":\"Home\",\"item\":\"https:\/\/www.in2sa.cat\/es\/\"},{\"@type\":\"ListItem\",\"position\":2,\"name\":\"Contacto\"}]},{\"@type\":\"WebSite\",\"@id\":\"https:\/\/www.in2sa.cat\/es\/#website\",\"url\":\"https:\/\/www.in2sa.cat\/es\/\",\"name\":\"IN2 - Inform\u00e1tica industrial\",\"description\":\"Services for business\",\"publisher\":{\"@id\":\"https:\/\/www.in2sa.cat\/es\/#organization\"},\"potentialAction\":[{\"@type\":\"SearchAction\",\"target\":{\"@type\":\"EntryPoint\",\"urlTemplate\":\"https:\/\/www.in2sa.cat\/es\/?s={search_term_string}\"},\"query-input\":\"required name=search_term_string\"}],\"inLanguage\":\"es\"},{\"@type\":\"Organization\",\"@id\":\"https:\/\/www.in2sa.cat\/es\/#organization\",\"name\":\"IN2 - Inform\u00e1tica industrial\",\"url\":\"https:\/\/www.in2sa.cat\/es\/\",\"logo\":{\"@type\":\"ImageObject\",\"inLanguage\":\"es\",\"@id\":\"https:\/\/www.in2sa.cat\/es\/#\/schema\/logo\/image\/\",\"url\":\"https:\/\/www.in2sa.cat\/wp-content\/uploads\/2019\/02\/logo.png\",\"contentUrl\":\"https:\/\/www.in2sa.cat\/wp-content\/uploads\/2019\/02\/logo.png\",\"width\":287,\"height\":64,\"caption\":\"IN2 - Inform\u00e1tica industrial\"},\"image\":{\"@id\":\"https:\/\/www.in2sa.cat\/es\/#\/schema\/logo\/image\/\"}}]}<\/script>\n<!-- \/ Yoast SEO plugin. -->","yoast_head_json":{"title":"Contacto - IN2 - Inform\u00e1tica industrial","robots":{"index":"index","follow":"follow","max-snippet":"max-snippet:-1","max-image-preview":"max-image-preview:large","max-video-preview":"max-video-preview:-1"},"canonical":"https:\/\/www.in2sa.cat\/es\/contacto\/","og_locale":"es_ES","og_type":"article","og_title":"Contacto - IN2 - Inform\u00e1tica industrial","og_description":"INFORM\u00c0TICA INDUSTRIAL, IN2 S.A. Calle Doctor Salv\u00e0, 148 bajos, 08224, Terrassa, Barcelona \u00a0 Tel\u00e9fono:\u00a0\u00a093 733 19 19 Correo electr\u00f3nico: info@in2sa.cat Horario: De lunes a jueves: 8:00 a 14:00 y de 15:00 a 17:30Viernes: 8:00 a 14:30 Horario de verano (del 1 de Julio al 31 de Agosto) De lunes a viernes: de 8:00 a 14:30 [&hellip;]","og_url":"https:\/\/www.in2sa.cat\/es\/contacto\/","og_site_name":"IN2 - Inform\u00e1tica industrial","article_modified_time":"2023-10-27T10:09:09+00:00","twitter_card":"summary_large_image","twitter_misc":{"Tiempo de lectura":"1 minuto"},"schema":{"@context":"https:\/\/schema.org","@graph":[{"@type":"WebPage","@id":"https:\/\/www.in2sa.cat\/es\/contacto\/","url":"https:\/\/www.in2sa.cat\/es\/contacto\/","name":"Contacto - IN2 - Inform\u00e1tica industrial","isPartOf":{"@id":"https:\/\/www.in2sa.cat\/es\/#website"},"datePublished":"2019-02-04T11:54:37+00:00","dateModified":"2023-10-27T10:09:09+00:00","breadcrumb":{"@id":"https:\/\/www.in2sa.cat\/es\/contacto\/#breadcrumb"},"inLanguage":"es","potentialAction":[{"@type":"ReadAction","target":["https:\/\/www.in2sa.cat\/es\/contacto\/"]}]},{"@type":"BreadcrumbList","@id":"https:\/\/www.in2sa.cat\/es\/contacto\/#breadcrumb","itemListElement":[{"@type":"ListItem","position":1,"name":"Home","item":"https:\/\/www.in2sa.cat\/es\/"},{"@type":"ListItem","position":2,"name":"Contacto"}]},{"@type":"WebSite","@id":"https:\/\/www.in2sa.cat\/es\/#website","url":"https:\/\/www.in2sa.cat\/es\/","name":"IN2 - Inform\u00e1tica industrial","description":"Services for business","publisher":{"@id":"https:\/\/www.in2sa.cat\/es\/#organization"},"potentialAction":[{"@type":"SearchAction","target":{"@type":"EntryPoint","urlTemplate":"https:\/\/www.in2sa.cat\/es\/?s={search_term_string}"},"query-input":"required name=search_term_string"}],"inLanguage":"es"},{"@type":"Organization","@id":"https:\/\/www.in2sa.cat\/es\/#organization","name":"IN2 - Inform\u00e1tica industrial","url":"https:\/\/www.in2sa.cat\/es\/","logo":{"@type":"ImageObject","inLanguage":"es","@id":"https:\/\/www.in2sa.cat\/es\/#\/schema\/logo\/image\/","url":"https:\/\/www.in2sa.cat\/wp-content\/uploads\/2019\/02\/logo.png","contentUrl":"https:\/\/www.in2sa.cat\/wp-content\/uploads\/2019\/02\/logo.png","width":287,"height":64,"caption":"IN2 - Inform\u00e1tica industrial"},"image":{"@id":"https:\/\/www.in2sa.cat\/es\/#\/schema\/logo\/image\/"}}]}},"_links":{"self":[{"href":"https:\/\/www.in2sa.cat\/es\/wp-json\/wp\/v2\/pages\/135"}],"collection":[{"href":"https:\/\/www.in2sa.cat\/es\/wp-json\/wp\/v2\/pages"}],"about":[{"href":"https:\/\/www.in2sa.cat\/es\/wp-json\/wp\/v2\/types\/page"}],"author":[{"embeddable":true,"href":"https:\/\/www.in2sa.cat\/es\/wp-json\/wp\/v2\/users\/1"}],"replies":[{"embeddable":true,"href":"https:\/\/www.in2sa.cat\/es\/wp-json\/wp\/v2\/comments?post=135"}],"version-history":[{"count":25,"href":"https:\/\/www.in2sa.cat\/es\/wp-json\/wp\/v2\/pages\/135\/revisions"}],"predecessor-version":[{"id":2559,"href":"https:\/\/www.in2sa.cat\/es\/wp-json\/wp\/v2\/pages\/135\/revisions\/2559"}],"wp:attachment":[{"href":"https:\/\/www.in2sa.cat\/es\/wp-json\/wp\/v2\/media?parent=135"}],"curies":[{"name":"wp","href":"https:\/\/api.w.org\/{rel}","templated":true}]}}