{"id":131,"date":"2019-02-11T13:07:16","date_gmt":"2019-02-11T11:07:16","guid":{"rendered":"https:\/\/www.in2sa.cat\/?page_id=131"},"modified":"2019-05-30T11:30:20","modified_gmt":"2019-05-30T09:30:20","slug":"rsc","status":"publish","type":"page","link":"https:\/\/www.in2sa.cat\/es\/rsc\/","title":{"rendered":"RSC"},"content":{"rendered":"<p style=\"font-weight: 400;\"><strong>En IN2 somos colaboradores de <em>\u00abla Cursa de les Ciutats\u201d<\/em><\/strong><\/p>\n<p style=\"font-weight: 400;\">Inform\u00e1tica Industrial es una empresa comprometida con las causas solidarias.<\/p>\n<p style=\"font-weight: 400;\">En el a\u00f1o 2018 fuimos coorganizadores de la 1\u00aa edici\u00f3n de la \u201c<em>Cursa de les Ciutats\u201d<\/em>\u00a0realizada en Terrassa.<\/p>\n<p style=\"font-weight: 400;\">Una carrera <strong>100% ben\u00e9fica<\/strong>, cuyas inscripciones se destinan \u00edntegramente a proyectos de investigaci\u00f3n del c\u00e1ncer de p\u00e1ncreas.<\/p>\n<p style=\"font-weight: 400;\">En esta primera edici\u00f3n se recaudaron 159.000 euros entre todas las ciudades participantes y esta cantidad se ha dedicado exclusivamente a becas para la investigaci\u00f3n.<\/p>\n<p>&nbsp;<\/p>\n<p><img decoding=\"async\" loading=\"lazy\" class=\"size-full wp-image-301 aligncenter\" src=\"https:\/\/www.in2sa.cat\/wp-content\/uploads\/2019\/02\/rsc.jpg\" alt=\"\" width=\"1110\" height=\"741\" srcset=\"https:\/\/www.in2sa.cat\/wp-content\/uploads\/2019\/02\/rsc.jpg 1110w, https:\/\/www.in2sa.cat\/wp-content\/uploads\/2019\/02\/rsc-300x200.jpg 300w, https:\/\/www.in2sa.cat\/wp-content\/uploads\/2019\/02\/rsc-768x513.jpg 768w, https:\/\/www.in2sa.cat\/wp-content\/uploads\/2019\/02\/rsc-1024x684.jpg 1024w\" sizes=\"(max-width: 1110px) 100vw, 1110px\" \/><\/p>\n<p style=\"font-weight: 400;\">Si deseas formar parte o ayudar en este tipo de causas solidarias m\u00e1ndanos un mail a\u00a0<a href=\"mailto:info@in2sa.com\">info@in2sa.com<\/a>\u00a0y te indicaremos como puedes hacerlo.<\/p>\n","protected":false},"excerpt":{"rendered":"<p>En IN2 somos colaboradores de \u00abla Cursa de les Ciutats\u201d Inform\u00e1tica Industrial es una empresa comprometida con las causas solidarias. En el a\u00f1o 2018 fuimos coorganizadores de la 1\u00aa edici\u00f3n de la \u201cCursa de les Ciutats\u201d\u00a0realizada en Terrassa. Una carrera 100% ben\u00e9fica, cuyas inscripciones se destinan \u00edntegramente a proyectos de investigaci\u00f3n del c\u00e1ncer de p\u00e1ncreas. [&hellip;]<\/p>\n","protected":false},"author":1,"featured_media":0,"parent":0,"menu_order":4,"comment_status":"closed","ping_status":"closed","template":"","meta":{"inline_featured_image":false},"yoast_head":"<!-- This site is optimized with the Yoast SEO plugin v20.13 - https:\/\/yoast.com\/wordpress\/plugins\/seo\/ -->\n<title>RSC - IN2 - Inform\u00e1tica industrial<\/title>\n<meta name=\"robots\" content=\"index, follow, max-snippet:-1, max-image-preview:large, max-video-preview:-1\" \/>\n<link rel=\"canonical\" href=\"https:\/\/www.in2sa.cat\/es\/rsc\/\" \/>\n<meta property=\"og:locale\" content=\"es_ES\" \/>\n<meta property=\"og:type\" content=\"article\" \/>\n<meta property=\"og:title\" content=\"RSC - IN2 - Inform\u00e1tica industrial\" \/>\n<meta property=\"og:description\" content=\"En IN2 somos colaboradores de \u00abla Cursa de les Ciutats\u201d Inform\u00e1tica Industrial es una empresa comprometida con las causas solidarias. En el a\u00f1o 2018 fuimos coorganizadores de la 1\u00aa edici\u00f3n de la \u201cCursa de les Ciutats\u201d\u00a0realizada en Terrassa. Una carrera 100% ben\u00e9fica, cuyas inscripciones se destinan \u00edntegramente a proyectos de investigaci\u00f3n del c\u00e1ncer de p\u00e1ncreas. [&hellip;]\" \/>\n<meta property=\"og:url\" content=\"https:\/\/www.in2sa.cat\/es\/rsc\/\" \/>\n<meta property=\"og:site_name\" content=\"IN2 - Inform\u00e1tica industrial\" \/>\n<meta property=\"article:modified_time\" content=\"2019-05-30T09:30:20+00:00\" \/>\n<meta property=\"og:image\" content=\"https:\/\/www.in2sa.cat\/wp-content\/uploads\/2019\/02\/rsc.jpg\" \/>\n<meta name=\"twitter:card\" content=\"summary_large_image\" \/>\n<meta name=\"twitter:label1\" content=\"Tiempo de lectura\" \/>\n\t<meta name=\"twitter:data1\" content=\"1 minuto\" \/>\n<script type=\"application\/ld+json\" class=\"yoast-schema-graph\">{\"@context\":\"https:\/\/schema.org\",\"@graph\":[{\"@type\":\"WebPage\",\"@id\":\"https:\/\/www.in2sa.cat\/es\/rsc\/\",\"url\":\"https:\/\/www.in2sa.cat\/es\/rsc\/\",\"name\":\"RSC - IN2 - Inform\u00e1tica industrial\",\"isPartOf\":{\"@id\":\"https:\/\/www.in2sa.cat\/es\/#website\"},\"datePublished\":\"2019-02-11T11:07:16+00:00\",\"dateModified\":\"2019-05-30T09:30:20+00:00\",\"breadcrumb\":{\"@id\":\"https:\/\/www.in2sa.cat\/es\/rsc\/#breadcrumb\"},\"inLanguage\":\"es\",\"potentialAction\":[{\"@type\":\"ReadAction\",\"target\":[\"https:\/\/www.in2sa.cat\/es\/rsc\/\"]}]},{\"@type\":\"BreadcrumbList\",\"@id\":\"https:\/\/www.in2sa.cat\/es\/rsc\/#breadcrumb\",\"itemListElement\":[{\"@type\":\"ListItem\",\"position\":1,\"name\":\"Home\",\"item\":\"https:\/\/www.in2sa.cat\/es\/\"},{\"@type\":\"ListItem\",\"position\":2,\"name\":\"RSC\"}]},{\"@type\":\"WebSite\",\"@id\":\"https:\/\/www.in2sa.cat\/es\/#website\",\"url\":\"https:\/\/www.in2sa.cat\/es\/\",\"name\":\"IN2 - Inform\u00e1tica industrial\",\"description\":\"Services for business\",\"publisher\":{\"@id\":\"https:\/\/www.in2sa.cat\/es\/#organization\"},\"potentialAction\":[{\"@type\":\"SearchAction\",\"target\":{\"@type\":\"EntryPoint\",\"urlTemplate\":\"https:\/\/www.in2sa.cat\/es\/?s={search_term_string}\"},\"query-input\":\"required name=search_term_string\"}],\"inLanguage\":\"es\"},{\"@type\":\"Organization\",\"@id\":\"https:\/\/www.in2sa.cat\/es\/#organization\",\"name\":\"IN2 - Inform\u00e1tica industrial\",\"url\":\"https:\/\/www.in2sa.cat\/es\/\",\"logo\":{\"@type\":\"ImageObject\",\"inLanguage\":\"es\",\"@id\":\"https:\/\/www.in2sa.cat\/es\/#\/schema\/logo\/image\/\",\"url\":\"https:\/\/www.in2sa.cat\/wp-content\/uploads\/2019\/02\/logo.png\",\"contentUrl\":\"https:\/\/www.in2sa.cat\/wp-content\/uploads\/2019\/02\/logo.png\",\"width\":287,\"height\":64,\"caption\":\"IN2 - Inform\u00e1tica industrial\"},\"image\":{\"@id\":\"https:\/\/www.in2sa.cat\/es\/#\/schema\/logo\/image\/\"}}]}<\/script>\n<!-- \/ Yoast SEO plugin. -->","yoast_head_json":{"title":"RSC - IN2 - Inform\u00e1tica industrial","robots":{"index":"index","follow":"follow","max-snippet":"max-snippet:-1","max-image-preview":"max-image-preview:large","max-video-preview":"max-video-preview:-1"},"canonical":"https:\/\/www.in2sa.cat\/es\/rsc\/","og_locale":"es_ES","og_type":"article","og_title":"RSC - IN2 - Inform\u00e1tica industrial","og_description":"En IN2 somos colaboradores de \u00abla Cursa de les Ciutats\u201d Inform\u00e1tica Industrial es una empresa comprometida con las causas solidarias. En el a\u00f1o 2018 fuimos coorganizadores de la 1\u00aa edici\u00f3n de la \u201cCursa de les Ciutats\u201d\u00a0realizada en Terrassa. Una carrera 100% ben\u00e9fica, cuyas inscripciones se destinan \u00edntegramente a proyectos de investigaci\u00f3n del c\u00e1ncer de p\u00e1ncreas. [&hellip;]","og_url":"https:\/\/www.in2sa.cat\/es\/rsc\/","og_site_name":"IN2 - Inform\u00e1tica industrial","article_modified_time":"2019-05-30T09:30:20+00:00","og_image":[{"url":"https:\/\/www.in2sa.cat\/wp-content\/uploads\/2019\/02\/rsc.jpg"}],"twitter_card":"summary_large_image","twitter_misc":{"Tiempo de lectura":"1 minuto"},"schema":{"@context":"https:\/\/schema.org","@graph":[{"@type":"WebPage","@id":"https:\/\/www.in2sa.cat\/es\/rsc\/","url":"https:\/\/www.in2sa.cat\/es\/rsc\/","name":"RSC - IN2 - Inform\u00e1tica industrial","isPartOf":{"@id":"https:\/\/www.in2sa.cat\/es\/#website"},"datePublished":"2019-02-11T11:07:16+00:00","dateModified":"2019-05-30T09:30:20+00:00","breadcrumb":{"@id":"https:\/\/www.in2sa.cat\/es\/rsc\/#breadcrumb"},"inLanguage":"es","potentialAction":[{"@type":"ReadAction","target":["https:\/\/www.in2sa.cat\/es\/rsc\/"]}]},{"@type":"BreadcrumbList","@id":"https:\/\/www.in2sa.cat\/es\/rsc\/#breadcrumb","itemListElement":[{"@type":"ListItem","position":1,"name":"Home","item":"https:\/\/www.in2sa.cat\/es\/"},{"@type":"ListItem","position":2,"name":"RSC"}]},{"@type":"WebSite","@id":"https:\/\/www.in2sa.cat\/es\/#website","url":"https:\/\/www.in2sa.cat\/es\/","name":"IN2 - Inform\u00e1tica industrial","description":"Services for business","publisher":{"@id":"https:\/\/www.in2sa.cat\/es\/#organization"},"potentialAction":[{"@type":"SearchAction","target":{"@type":"EntryPoint","urlTemplate":"https:\/\/www.in2sa.cat\/es\/?s={search_term_string}"},"query-input":"required name=search_term_string"}],"inLanguage":"es"},{"@type":"Organization","@id":"https:\/\/www.in2sa.cat\/es\/#organization","name":"IN2 - Inform\u00e1tica industrial","url":"https:\/\/www.in2sa.cat\/es\/","logo":{"@type":"ImageObject","inLanguage":"es","@id":"https:\/\/www.in2sa.cat\/es\/#\/schema\/logo\/image\/","url":"https:\/\/www.in2sa.cat\/wp-content\/uploads\/2019\/02\/logo.png","contentUrl":"https:\/\/www.in2sa.cat\/wp-content\/uploads\/2019\/02\/logo.png","width":287,"height":64,"caption":"IN2 - Inform\u00e1tica industrial"},"image":{"@id":"https:\/\/www.in2sa.cat\/es\/#\/schema\/logo\/image\/"}}]}},"_links":{"self":[{"href":"https:\/\/www.in2sa.cat\/es\/wp-json\/wp\/v2\/pages\/131"}],"collection":[{"href":"https:\/\/www.in2sa.cat\/es\/wp-json\/wp\/v2\/pages"}],"about":[{"href":"https:\/\/www.in2sa.cat\/es\/wp-json\/wp\/v2\/types\/page"}],"author":[{"embeddable":true,"href":"https:\/\/www.in2sa.cat\/es\/wp-json\/wp\/v2\/users\/1"}],"replies":[{"embeddable":true,"href":"https:\/\/www.in2sa.cat\/es\/wp-json\/wp\/v2\/comments?post=131"}],"version-history":[{"count":6,"href":"https:\/\/www.in2sa.cat\/es\/wp-json\/wp\/v2\/pages\/131\/revisions"}],"predecessor-version":[{"id":720,"href":"https:\/\/www.in2sa.cat\/es\/wp-json\/wp\/v2\/pages\/131\/revisions\/720"}],"wp:attachment":[{"href":"https:\/\/www.in2sa.cat\/es\/wp-json\/wp\/v2\/media?parent=131"}],"curies":[{"name":"wp","href":"https:\/\/api.w.org\/{rel}","templated":true}]}}