{"id":129,"date":"2019-02-11T13:06:51","date_gmt":"2019-02-11T11:06:51","guid":{"rendered":"https:\/\/www.in2sa.cat\/?page_id=129"},"modified":"2019-03-26T11:33:16","modified_gmt":"2019-03-26T09:33:16","slug":"servicios-it","status":"publish","type":"page","link":"https:\/\/www.in2sa.cat\/es\/servicios-it\/","title":{"rendered":"Servicios IT"},"content":{"rendered":"<p>En Inform\u00e1tica Industrial hemos asistido al gran avance en la forma de trabajar de las empresas que han supuesto la implementaci\u00f3n de las nuevas tecnolog\u00edas.<\/p>\n<p>Las tecnolog\u00edas de la informaci\u00f3n (IT) se refieren a la b\u00fasqueda, gesti\u00f3n y almacenamiento de la informaci\u00f3n utilizando los medios tecnol\u00f3gicos al alcance de cada compa\u00f1\u00eda.<\/p>\n<p>El uso de la informaci\u00f3n en los procesos de la empresa se refiere a la captura y procesamiento de datos que pueden ser de valor para dicha empresa y permitan tomar las mejores decisiones.<\/p>\n<p>La necesidad de gestionar esta informaci\u00f3n ha llevado a desarrollar una serie de herramientas o servicios IT orientados tanto al uso particular como para empresas que desean aprovechar al m\u00e1ximo sus ventajas y en este sentido Inform\u00e1tica Industrial ofrece un amplio abanico de servicios IT:<\/p>\n<p>&nbsp;<\/p>\n<h2 class=\"entry-title\"><a href=\"https:\/\/www.in2sa.cat\/es\/servicios-it\/consultoria-informatica\/\">Consultor\u00eda inform\u00e1tica<\/a><\/h2>\n<div class=\"wp-block-columns has-4-columns\">\n<div class=\"wp-block-column\">\n<ul>\n<li>Almacenamiento<\/li>\n<li>Ofim\u00e1tica<\/li>\n<\/ul>\n<\/div>\n<div class=\"wp-block-column\">\n<ul>\n<li>Virtualizaci\u00f3n<\/li>\n<li>Seguridad perimetral<\/li>\n<\/ul>\n<\/div>\n<div class=\"wp-block-column\">\n<ul>\n<li>Copias de seguridad internas y externas<\/li>\n<\/ul>\n<\/div>\n<div class=\"wp-block-column\">\n<ul>\n<li>Rentings tecnol\u00f3gicos<\/li>\n<li>Redes y cableado<\/li>\n<\/ul>\n<\/div>\n<\/div>\n<h2 class=\"entry-title\"><a href=\"https:\/\/www.in2sa.cat\/es\/servicios-it\/outsourcing-de-servicios-informaticos\/\">Outsourcing de servicios inform\u00e1ticos<\/a><\/h2>\n<div class=\"wp-block-columns has-4-columns\">\n<div class=\"wp-block-column\">\n<ul>\n<li>Migraci\u00f3n de Datos<\/li>\n<\/ul>\n<\/div>\n<div class=\"wp-block-column\">\n<ul>\n<li>Actualizaci\u00f3n de equipos<\/li>\n<\/ul>\n<\/div>\n<div class=\"wp-block-column\">\n<ul>\n<li>Help Desk<\/li>\n<\/ul>\n<\/div>\n<div class=\"wp-block-column\">\n&nbsp;\n<\/div>\n<\/div>\n<h2 class=\"entry-title\"><a href=\"https:\/\/www.in2sa.cat\/es\/servicios-it\/mantenimiento-informatico\/\">Mantenimiento inform\u00e1tico<\/a><\/h2>\n<div class=\"wp-block-columns has-4-columns\">\n<div class=\"wp-block-column\">\n<ul>\n<li>Presencial<\/li>\n<li>Remoto<\/li>\n<\/ul>\n<\/div>\n<div class=\"wp-block-column\">\n<ul>\n<li>Preventivo<\/li>\n<\/ul>\n<\/div>\n<div class=\"wp-block-column\">\n<ul>\n<li>Reactivo<\/li>\n<\/ul>\n<\/div>\n<div class=\"wp-block-column\">\n<ul>\n<li>Extensiones garant\u00eda primeras marcas<\/li>\n<\/ul>\n<\/div>\n<\/div>\n<h2 class=\"entry-title\"><a href=\"https:\/\/www.in2sa.cat\/es\/servicios-it\/venta-equipamiento-informatico\/\">Venta equipamiento inform\u00e1tico<\/a><\/h2>\n<h3>Hardware<\/h3>\n<div class=\"wp-block-columns has-4-columns\">\n<div class=\"wp-block-column\">\n<ul>\n<li>Microinform\u00e1tica<\/li>\n<\/ul>\n<\/div>\n<div class=\"wp-block-column\">\n<ul>\n<li>PC\u2019s<\/li>\n<\/ul>\n<\/div>\n<div class=\"wp-block-column\">\n<ul>\n<li>Servidores<\/li>\n<\/ul>\n<\/div>\n<div class=\"wp-block-column\">\n<ul>\n<li>M\u00f3viles<\/li>\n<\/ul>\n<\/div>\n<\/div>\n<h3>Software<\/h3>\n<div class=\"wp-block-columns has-4-columns\">\n<div class=\"wp-block-column\">\n<ul>\n<li>Veeam-Backup<\/li>\n<\/ul>\n<\/div>\n<div class=\"wp-block-column\">\n<ul>\n<li>Licencias Sistemas operativos, ofimatica, programas de gesti\u00f3n&#8230;<\/li>\n<\/ul>\n<\/div>\n<div class=\"wp-block-column\">\n<ul>\n<li>SQL Server<\/li>\n<li>Terminal server<\/li>\n<\/ul>\n<\/div>\n<div class=\"wp-block-column\">\n<ul>\n<li>Antivirus<\/li>\n<\/ul>\n<\/div>\n<\/div>\n<h3>Consumibles y Accesorios<\/h3>\n<h2 class=\"entry-title\"><a href=\"https:\/\/www.in2sa.cat\/es\/servicios-it\/equipamiento-para-salas-de-videoconferencia\/\">Salas de Videoconferencia<\/a><\/h2>\n<div class=\"wp-block-columns has-4-columns\">\n<div class=\"wp-block-column\">\n<ul>\n<li>De 1 a 5 usuarios<\/li>\n<\/ul>\n<\/div>\n<div class=\"wp-block-column\">\n<ul>\n<li>De 5 a 10 usuarios<\/li>\n<\/ul>\n<\/div>\n<div class=\"wp-block-column\">\n<ul>\n<li>M\u00e1s de 10 usuarios<\/li>\n<\/ul>\n<\/div>\n<div class=\"wp-block-column\">\n&nbsp;\n<\/div>\n<\/div>\n<h2 class=\"entry-title\"><a href=\"https:\/\/www.in2sa.cat\/es\/servicios-it\/gestion-e-impresion-precio-x-copia\/\">Gesti\u00f3n e impresi\u00f3n precio por copia<\/a><\/h2>\n<div class=\"wp-block-columns has-4-columns\">\n<div class=\"wp-block-column\">\n<ul>\n<li>Modalidad de Gesti\u00f3n A<\/li>\n<\/ul>\n<\/div>\n<div class=\"wp-block-column\">\n<ul>\n<li>Modalidad de Gesti\u00f3n B<\/li>\n<\/ul>\n<\/div>\n<div class=\"wp-block-column\">\n<ul>\n<li>Modalidad impresi\u00f3n precio x copia 1 (En propiedad)<\/li>\n<\/ul>\n<\/div>\n<div class=\"wp-block-column\">\n<ul>\n<li>Modalidad impresi\u00f3n precio x copia 2 (Renting)<\/li>\n<\/ul>\n<\/div>\n<\/div>\n","protected":false},"excerpt":{"rendered":"<p>En Inform\u00e1tica Industrial hemos asistido al gran avance en la forma de trabajar de las empresas que han supuesto la implementaci\u00f3n de las nuevas tecnolog\u00edas. Las tecnolog\u00edas de la informaci\u00f3n (IT) se refieren a la b\u00fasqueda, gesti\u00f3n y almacenamiento de la informaci\u00f3n utilizando los medios tecnol\u00f3gicos al alcance de cada compa\u00f1\u00eda. El uso de la [&hellip;]<\/p>\n","protected":false},"author":1,"featured_media":0,"parent":0,"menu_order":3,"comment_status":"closed","ping_status":"closed","template":"","meta":{"inline_featured_image":false},"yoast_head":"<!-- This site is optimized with the Yoast SEO plugin v20.13 - https:\/\/yoast.com\/wordpress\/plugins\/seo\/ -->\n<title>Servicios IT - IN2 - Inform\u00e1tica industrial<\/title>\n<meta name=\"robots\" content=\"index, follow, max-snippet:-1, max-image-preview:large, max-video-preview:-1\" \/>\n<link rel=\"canonical\" href=\"https:\/\/www.in2sa.cat\/es\/servicios-it\/\" \/>\n<meta property=\"og:locale\" content=\"es_ES\" \/>\n<meta property=\"og:type\" content=\"article\" \/>\n<meta property=\"og:title\" content=\"Servicios IT - IN2 - Inform\u00e1tica industrial\" \/>\n<meta property=\"og:description\" content=\"En Inform\u00e1tica Industrial hemos asistido al gran avance en la forma de trabajar de las empresas que han supuesto la implementaci\u00f3n de las nuevas tecnolog\u00edas. Las tecnolog\u00edas de la informaci\u00f3n (IT) se refieren a la b\u00fasqueda, gesti\u00f3n y almacenamiento de la informaci\u00f3n utilizando los medios tecnol\u00f3gicos al alcance de cada compa\u00f1\u00eda. El uso de la [&hellip;]\" \/>\n<meta property=\"og:url\" content=\"https:\/\/www.in2sa.cat\/es\/servicios-it\/\" \/>\n<meta property=\"og:site_name\" content=\"IN2 - Inform\u00e1tica industrial\" \/>\n<meta property=\"article:modified_time\" content=\"2019-03-26T09:33:16+00:00\" \/>\n<meta name=\"twitter:card\" content=\"summary_large_image\" \/>\n<meta name=\"twitter:label1\" content=\"Tiempo de lectura\" \/>\n\t<meta name=\"twitter:data1\" content=\"1 minuto\" \/>\n<script type=\"application\/ld+json\" class=\"yoast-schema-graph\">{\"@context\":\"https:\/\/schema.org\",\"@graph\":[{\"@type\":\"WebPage\",\"@id\":\"https:\/\/www.in2sa.cat\/es\/servicios-it\/\",\"url\":\"https:\/\/www.in2sa.cat\/es\/servicios-it\/\",\"name\":\"Servicios IT - IN2 - Inform\u00e1tica industrial\",\"isPartOf\":{\"@id\":\"https:\/\/www.in2sa.cat\/es\/#website\"},\"datePublished\":\"2019-02-11T11:06:51+00:00\",\"dateModified\":\"2019-03-26T09:33:16+00:00\",\"breadcrumb\":{\"@id\":\"https:\/\/www.in2sa.cat\/es\/servicios-it\/#breadcrumb\"},\"inLanguage\":\"es\",\"potentialAction\":[{\"@type\":\"ReadAction\",\"target\":[\"https:\/\/www.in2sa.cat\/es\/servicios-it\/\"]}]},{\"@type\":\"BreadcrumbList\",\"@id\":\"https:\/\/www.in2sa.cat\/es\/servicios-it\/#breadcrumb\",\"itemListElement\":[{\"@type\":\"ListItem\",\"position\":1,\"name\":\"Home\",\"item\":\"https:\/\/www.in2sa.cat\/es\/\"},{\"@type\":\"ListItem\",\"position\":2,\"name\":\"Servicios IT\"}]},{\"@type\":\"WebSite\",\"@id\":\"https:\/\/www.in2sa.cat\/es\/#website\",\"url\":\"https:\/\/www.in2sa.cat\/es\/\",\"name\":\"IN2 - Inform\u00e1tica industrial\",\"description\":\"Services for business\",\"publisher\":{\"@id\":\"https:\/\/www.in2sa.cat\/es\/#organization\"},\"potentialAction\":[{\"@type\":\"SearchAction\",\"target\":{\"@type\":\"EntryPoint\",\"urlTemplate\":\"https:\/\/www.in2sa.cat\/es\/?s={search_term_string}\"},\"query-input\":\"required name=search_term_string\"}],\"inLanguage\":\"es\"},{\"@type\":\"Organization\",\"@id\":\"https:\/\/www.in2sa.cat\/es\/#organization\",\"name\":\"IN2 - Inform\u00e1tica industrial\",\"url\":\"https:\/\/www.in2sa.cat\/es\/\",\"logo\":{\"@type\":\"ImageObject\",\"inLanguage\":\"es\",\"@id\":\"https:\/\/www.in2sa.cat\/es\/#\/schema\/logo\/image\/\",\"url\":\"https:\/\/www.in2sa.cat\/wp-content\/uploads\/2019\/02\/logo.png\",\"contentUrl\":\"https:\/\/www.in2sa.cat\/wp-content\/uploads\/2019\/02\/logo.png\",\"width\":287,\"height\":64,\"caption\":\"IN2 - Inform\u00e1tica industrial\"},\"image\":{\"@id\":\"https:\/\/www.in2sa.cat\/es\/#\/schema\/logo\/image\/\"}}]}<\/script>\n<!-- \/ Yoast SEO plugin. -->","yoast_head_json":{"title":"Servicios IT - IN2 - Inform\u00e1tica industrial","robots":{"index":"index","follow":"follow","max-snippet":"max-snippet:-1","max-image-preview":"max-image-preview:large","max-video-preview":"max-video-preview:-1"},"canonical":"https:\/\/www.in2sa.cat\/es\/servicios-it\/","og_locale":"es_ES","og_type":"article","og_title":"Servicios IT - IN2 - Inform\u00e1tica industrial","og_description":"En Inform\u00e1tica Industrial hemos asistido al gran avance en la forma de trabajar de las empresas que han supuesto la implementaci\u00f3n de las nuevas tecnolog\u00edas. Las tecnolog\u00edas de la informaci\u00f3n (IT) se refieren a la b\u00fasqueda, gesti\u00f3n y almacenamiento de la informaci\u00f3n utilizando los medios tecnol\u00f3gicos al alcance de cada compa\u00f1\u00eda. El uso de la [&hellip;]","og_url":"https:\/\/www.in2sa.cat\/es\/servicios-it\/","og_site_name":"IN2 - Inform\u00e1tica industrial","article_modified_time":"2019-03-26T09:33:16+00:00","twitter_card":"summary_large_image","twitter_misc":{"Tiempo de lectura":"1 minuto"},"schema":{"@context":"https:\/\/schema.org","@graph":[{"@type":"WebPage","@id":"https:\/\/www.in2sa.cat\/es\/servicios-it\/","url":"https:\/\/www.in2sa.cat\/es\/servicios-it\/","name":"Servicios IT - IN2 - Inform\u00e1tica industrial","isPartOf":{"@id":"https:\/\/www.in2sa.cat\/es\/#website"},"datePublished":"2019-02-11T11:06:51+00:00","dateModified":"2019-03-26T09:33:16+00:00","breadcrumb":{"@id":"https:\/\/www.in2sa.cat\/es\/servicios-it\/#breadcrumb"},"inLanguage":"es","potentialAction":[{"@type":"ReadAction","target":["https:\/\/www.in2sa.cat\/es\/servicios-it\/"]}]},{"@type":"BreadcrumbList","@id":"https:\/\/www.in2sa.cat\/es\/servicios-it\/#breadcrumb","itemListElement":[{"@type":"ListItem","position":1,"name":"Home","item":"https:\/\/www.in2sa.cat\/es\/"},{"@type":"ListItem","position":2,"name":"Servicios IT"}]},{"@type":"WebSite","@id":"https:\/\/www.in2sa.cat\/es\/#website","url":"https:\/\/www.in2sa.cat\/es\/","name":"IN2 - Inform\u00e1tica industrial","description":"Services for business","publisher":{"@id":"https:\/\/www.in2sa.cat\/es\/#organization"},"potentialAction":[{"@type":"SearchAction","target":{"@type":"EntryPoint","urlTemplate":"https:\/\/www.in2sa.cat\/es\/?s={search_term_string}"},"query-input":"required name=search_term_string"}],"inLanguage":"es"},{"@type":"Organization","@id":"https:\/\/www.in2sa.cat\/es\/#organization","name":"IN2 - Inform\u00e1tica industrial","url":"https:\/\/www.in2sa.cat\/es\/","logo":{"@type":"ImageObject","inLanguage":"es","@id":"https:\/\/www.in2sa.cat\/es\/#\/schema\/logo\/image\/","url":"https:\/\/www.in2sa.cat\/wp-content\/uploads\/2019\/02\/logo.png","contentUrl":"https:\/\/www.in2sa.cat\/wp-content\/uploads\/2019\/02\/logo.png","width":287,"height":64,"caption":"IN2 - Inform\u00e1tica industrial"},"image":{"@id":"https:\/\/www.in2sa.cat\/es\/#\/schema\/logo\/image\/"}}]}},"_links":{"self":[{"href":"https:\/\/www.in2sa.cat\/es\/wp-json\/wp\/v2\/pages\/129"}],"collection":[{"href":"https:\/\/www.in2sa.cat\/es\/wp-json\/wp\/v2\/pages"}],"about":[{"href":"https:\/\/www.in2sa.cat\/es\/wp-json\/wp\/v2\/types\/page"}],"author":[{"embeddable":true,"href":"https:\/\/www.in2sa.cat\/es\/wp-json\/wp\/v2\/users\/1"}],"replies":[{"embeddable":true,"href":"https:\/\/www.in2sa.cat\/es\/wp-json\/wp\/v2\/comments?post=129"}],"version-history":[{"count":17,"href":"https:\/\/www.in2sa.cat\/es\/wp-json\/wp\/v2\/pages\/129\/revisions"}],"predecessor-version":[{"id":579,"href":"https:\/\/www.in2sa.cat\/es\/wp-json\/wp\/v2\/pages\/129\/revisions\/579"}],"wp:attachment":[{"href":"https:\/\/www.in2sa.cat\/es\/wp-json\/wp\/v2\/media?parent=129"}],"curies":[{"name":"wp","href":"https:\/\/api.w.org\/{rel}","templated":true}]}}