{"id":127,"date":"2019-02-11T13:06:37","date_gmt":"2019-02-11T11:06:37","guid":{"rendered":"https:\/\/www.in2sa.cat\/?page_id=127"},"modified":"2019-06-13T17:06:31","modified_gmt":"2019-06-13T15:06:31","slug":"trabajar","status":"publish","type":"page","link":"https:\/\/www.in2sa.cat\/es\/empresa\/trabajar\/","title":{"rendered":"Trabajar en IN2"},"content":{"rendered":"<h2>\u00bfQuieres trabajar con nosotros?<\/h2>\r\n<p>Inform\u00e1tica Industrial es una empresa con m\u00e1s de 30 a\u00f1os de experiencia en ofrecer Servicios Profesionales para las Empresas, tanto desde su SAT como buscando optimizar los procesos empresariales con diversas soluciones tecnol\u00f3gicas.<\/p>\r\n<p>Si crees que tu perfil profesional puede encajar en nuestra empresa y est\u00e1s interesado en trabajar con nosotros puedes enviarnos tus datos para inscribirte en nuestra bolsa de empleo.<\/p>\r\n\r\n<div class=\"is-layout-flex wp-container-3 wp-block-columns has-2-columns\">\r\n<div class=\"is-layout-flow wp-block-column\">\r\n\n<div class=\"wpcf7 no-js\" id=\"wpcf7-f565-o1\" lang=\"ca\" dir=\"ltr\">\n<div class=\"screen-reader-response\"><p role=\"status\" aria-live=\"polite\" aria-atomic=\"true\"><\/p> <ul><\/ul><\/div>\n<form action=\"\/es\/wp-json\/wp\/v2\/pages\/127#wpcf7-f565-o1\" method=\"post\" class=\"wpcf7-form init wpcf7-acceptance-as-validation\" aria-label=\"Formulari de contacte\" enctype=\"multipart\/form-data\" novalidate=\"novalidate\" data-status=\"init\">\n<div style=\"display: none;\">\n<input type=\"hidden\" name=\"_wpcf7\" value=\"565\" \/>\n<input type=\"hidden\" name=\"_wpcf7_version\" value=\"5.7.7\" \/>\n<input type=\"hidden\" name=\"_wpcf7_locale\" value=\"ca\" \/>\n<input type=\"hidden\" name=\"_wpcf7_unit_tag\" value=\"wpcf7-f565-o1\" \/>\n<input type=\"hidden\" name=\"_wpcf7_container_post\" value=\"0\" \/>\n<input type=\"hidden\" name=\"_wpcf7_posted_data_hash\" value=\"\" \/>\n<\/div>\n<p><label> Nombre (obligatorio)<br \/>\n<span class=\"wpcf7-form-control-wrap\" data-name=\"your-name\"><input size=\"80\" maxlength=\"80\" minlength=\"10\" class=\"wpcf7-form-control wpcf7-text wpcf7-validates-as-required\" aria-required=\"true\" aria-invalid=\"false\" value=\"\" type=\"text\" name=\"your-name\" \/><\/span> <\/label>\n<\/p>\n<p><label>Su correo electr\u00f3nico (obligatorio)<br \/>\n<span class=\"wpcf7-form-control-wrap\" data-name=\"your-email\"><input size=\"80\" maxlength=\"80\" minlength=\"5\" class=\"wpcf7-form-control wpcf7-text wpcf7-email wpcf7-validates-as-required wpcf7-validates-as-email\" aria-required=\"true\" aria-invalid=\"false\" value=\"\" type=\"email\" name=\"your-email\" \/><\/span> <\/label>\n<\/p>\n<p><label> Asunto<br \/>\n<span class=\"wpcf7-form-control-wrap\" data-name=\"your-subject\"><input size=\"80\" maxlength=\"80\" minlength=\"3\" class=\"wpcf7-form-control wpcf7-text\" aria-invalid=\"false\" value=\"\" type=\"text\" name=\"your-subject\" \/><\/span> <\/label>\n<\/p>\n<p><label>Mensaje<br \/>\n<span class=\"wpcf7-form-control-wrap\" data-name=\"your-message\"><textarea cols=\"90\" rows=\"4\" maxlength=\"80\" minlength=\"10\" class=\"wpcf7-form-control wpcf7-textarea\" aria-invalid=\"false\" name=\"your-message\"><\/textarea><\/span> <\/label><br \/>\n<span class=\"wpcf7-form-control-wrap\" data-name=\"file-8\"><input size=\"40\" class=\"wpcf7-form-control wpcf7-file\" accept=\".doc,.pdf,.docx,.odt\" aria-invalid=\"false\" type=\"file\" name=\"file-8\" \/><\/span><br \/>\n<label><span class=\"wpcf7-form-control-wrap\" data-name=\"acceptance-116\"><span class=\"wpcf7-form-control wpcf7-acceptance\"><span class=\"wpcf7-list-item\"><input type=\"checkbox\" name=\"acceptance-116\" value=\"1\" aria-invalid=\"false\" \/><\/span><\/span><\/span> He le\u00eddo la <a href=\"https:\/\/www.in2sa.cat\/politica-de-privacidad\/\" target=\"blank\">la pol\u00edtica de privacidad<\/a>.<\/label><br \/>\n<div id=\"cf7sr-6a0477ffa6ab5\" class=\"cf7sr-g-recaptcha\" data-theme=\"light\" data-type=\"image\" data-size=\"normal\" data-sitekey=\"6LemVZ0UAAAAADWPbKrcF7wCOZ7sKrN1PNQhgUnY\"><\/div><span class=\"wpcf7-form-control-wrap cf7sr-recaptcha\" data-name=\"cf7sr-recaptcha\"><input type=\"hidden\" name=\"cf7sr-recaptcha\" value=\"\" class=\"wpcf7-form-control\"><\/span><br \/>\n<input class=\"wpcf7-form-control has-spinner wpcf7-submit\" type=\"submit\" value=\"Envia\" \/>\n<\/p>\n<p class=\"aviso-datos\" style=\"font-size:small\">INFORM\u00c1TICA INDUSTRIAL IN2, S.A. como responsable del tratamiento tratar\u00e1 tus datos con la finalidad de gestionar tu<br \/>\nparticipaci\u00f3n en los procesos de selecci\u00f3n de nuestra entidad. Puedes acceder, rectificar y suprimir tus datos, as\u00ed como ejercer<br \/>\notros derechos consultando la informaci\u00f3n adicional y detallada sobre protecci\u00f3n de datos en nuestra <a href=\"https:\/\/www.in2sa.cat\/politica-de-privacidad\/\" target=\"blank\"> pol\u00edtica de privacidad<\/a>\n<\/p><div class=\"wpcf7-response-output\" aria-hidden=\"true\"><\/div>\n<\/form>\n<\/div>\n\r\n<\/div>\r\n\r\n\r\n\r\n<div class=\"is-layout-flow wp-block-column\">\r\n<p>&nbsp;<br \/>&nbsp;<\/p>\r\n<img decoding=\"async\" loading=\"lazy\" src=\"https:\/\/www.in2sa.cat\/wp-content\/uploads\/2019\/06\/trabajo-informatico-terrassa.jpg\" alt=\"\" width=\"550\" height=\"413\" class=\"alignnone size-full wp-image-741\" srcset=\"https:\/\/www.in2sa.cat\/wp-content\/uploads\/2019\/06\/trabajo-informatico-terrassa.jpg 550w, https:\/\/www.in2sa.cat\/wp-content\/uploads\/2019\/06\/trabajo-informatico-terrassa-300x225.jpg 300w\" sizes=\"(max-width: 550px) 100vw, 550px\" \/>\r\n<\/div>\r\n<\/div>\r\n","protected":false},"excerpt":{"rendered":"<p>\u00bfQuieres trabajar con nosotros? Inform\u00e1tica Industrial es una empresa con m\u00e1s de 30 a\u00f1os de experiencia en ofrecer Servicios Profesionales para las Empresas, tanto desde su SAT como buscando optimizar los procesos empresariales con diversas soluciones tecnol\u00f3gicas. Si crees que tu perfil profesional puede encajar en nuestra empresa y est\u00e1s interesado en trabajar con nosotros [&hellip;]<\/p>\n","protected":false},"author":1,"featured_media":0,"parent":125,"menu_order":1,"comment_status":"closed","ping_status":"closed","template":"","meta":{"inline_featured_image":false},"yoast_head":"<!-- This site is optimized with the Yoast SEO plugin v20.13 - https:\/\/yoast.com\/wordpress\/plugins\/seo\/ -->\n<title>Trabajar en IN2 - IN2 - Inform\u00e1tica industrial<\/title>\n<meta name=\"robots\" content=\"index, follow, max-snippet:-1, max-image-preview:large, max-video-preview:-1\" \/>\n<link rel=\"canonical\" href=\"https:\/\/www.in2sa.cat\/es\/empresa\/trabajar\/\" \/>\n<meta property=\"og:locale\" content=\"es_ES\" \/>\n<meta property=\"og:type\" content=\"article\" \/>\n<meta property=\"og:title\" content=\"Trabajar en IN2 - IN2 - Inform\u00e1tica industrial\" \/>\n<meta property=\"og:description\" content=\"\u00bfQuieres trabajar con nosotros? Inform\u00e1tica Industrial es una empresa con m\u00e1s de 30 a\u00f1os de experiencia en ofrecer Servicios Profesionales para las Empresas, tanto desde su SAT como buscando optimizar los procesos empresariales con diversas soluciones tecnol\u00f3gicas. Si crees que tu perfil profesional puede encajar en nuestra empresa y est\u00e1s interesado en trabajar con nosotros [&hellip;]\" \/>\n<meta property=\"og:url\" content=\"https:\/\/www.in2sa.cat\/es\/empresa\/trabajar\/\" \/>\n<meta property=\"og:site_name\" content=\"IN2 - Inform\u00e1tica industrial\" \/>\n<meta property=\"article:modified_time\" content=\"2019-06-13T15:06:31+00:00\" \/>\n<meta property=\"og:image\" content=\"https:\/\/www.in2sa.cat\/wp-content\/uploads\/2019\/06\/trabajo-informatico-terrassa.jpg\" \/>\n<meta name=\"twitter:card\" content=\"summary_large_image\" \/>\n<script type=\"application\/ld+json\" class=\"yoast-schema-graph\">{\"@context\":\"https:\/\/schema.org\",\"@graph\":[{\"@type\":\"WebPage\",\"@id\":\"https:\/\/www.in2sa.cat\/es\/empresa\/trabajar\/\",\"url\":\"https:\/\/www.in2sa.cat\/es\/empresa\/trabajar\/\",\"name\":\"Trabajar en IN2 - IN2 - Inform\u00e1tica industrial\",\"isPartOf\":{\"@id\":\"https:\/\/www.in2sa.cat\/es\/#website\"},\"datePublished\":\"2019-02-11T11:06:37+00:00\",\"dateModified\":\"2019-06-13T15:06:31+00:00\",\"breadcrumb\":{\"@id\":\"https:\/\/www.in2sa.cat\/es\/empresa\/trabajar\/#breadcrumb\"},\"inLanguage\":\"es\",\"potentialAction\":[{\"@type\":\"ReadAction\",\"target\":[\"https:\/\/www.in2sa.cat\/es\/empresa\/trabajar\/\"]}]},{\"@type\":\"BreadcrumbList\",\"@id\":\"https:\/\/www.in2sa.cat\/es\/empresa\/trabajar\/#breadcrumb\",\"itemListElement\":[{\"@type\":\"ListItem\",\"position\":1,\"name\":\"Home\",\"item\":\"https:\/\/www.in2sa.cat\/es\/\"},{\"@type\":\"ListItem\",\"position\":2,\"name\":\"Empresa\",\"item\":\"https:\/\/www.in2sa.cat\/es\/empresa\/\"},{\"@type\":\"ListItem\",\"position\":3,\"name\":\"Trabajar en IN2\"}]},{\"@type\":\"WebSite\",\"@id\":\"https:\/\/www.in2sa.cat\/es\/#website\",\"url\":\"https:\/\/www.in2sa.cat\/es\/\",\"name\":\"IN2 - Inform\u00e1tica industrial\",\"description\":\"Services for business\",\"publisher\":{\"@id\":\"https:\/\/www.in2sa.cat\/es\/#organization\"},\"potentialAction\":[{\"@type\":\"SearchAction\",\"target\":{\"@type\":\"EntryPoint\",\"urlTemplate\":\"https:\/\/www.in2sa.cat\/es\/?s={search_term_string}\"},\"query-input\":\"required name=search_term_string\"}],\"inLanguage\":\"es\"},{\"@type\":\"Organization\",\"@id\":\"https:\/\/www.in2sa.cat\/es\/#organization\",\"name\":\"IN2 - Inform\u00e1tica industrial\",\"url\":\"https:\/\/www.in2sa.cat\/es\/\",\"logo\":{\"@type\":\"ImageObject\",\"inLanguage\":\"es\",\"@id\":\"https:\/\/www.in2sa.cat\/es\/#\/schema\/logo\/image\/\",\"url\":\"https:\/\/www.in2sa.cat\/wp-content\/uploads\/2019\/02\/logo.png\",\"contentUrl\":\"https:\/\/www.in2sa.cat\/wp-content\/uploads\/2019\/02\/logo.png\",\"width\":287,\"height\":64,\"caption\":\"IN2 - Inform\u00e1tica industrial\"},\"image\":{\"@id\":\"https:\/\/www.in2sa.cat\/es\/#\/schema\/logo\/image\/\"}}]}<\/script>\n<!-- \/ Yoast SEO plugin. -->","yoast_head_json":{"title":"Trabajar en IN2 - IN2 - Inform\u00e1tica industrial","robots":{"index":"index","follow":"follow","max-snippet":"max-snippet:-1","max-image-preview":"max-image-preview:large","max-video-preview":"max-video-preview:-1"},"canonical":"https:\/\/www.in2sa.cat\/es\/empresa\/trabajar\/","og_locale":"es_ES","og_type":"article","og_title":"Trabajar en IN2 - IN2 - Inform\u00e1tica industrial","og_description":"\u00bfQuieres trabajar con nosotros? Inform\u00e1tica Industrial es una empresa con m\u00e1s de 30 a\u00f1os de experiencia en ofrecer Servicios Profesionales para las Empresas, tanto desde su SAT como buscando optimizar los procesos empresariales con diversas soluciones tecnol\u00f3gicas. Si crees que tu perfil profesional puede encajar en nuestra empresa y est\u00e1s interesado en trabajar con nosotros [&hellip;]","og_url":"https:\/\/www.in2sa.cat\/es\/empresa\/trabajar\/","og_site_name":"IN2 - Inform\u00e1tica industrial","article_modified_time":"2019-06-13T15:06:31+00:00","og_image":[{"url":"https:\/\/www.in2sa.cat\/wp-content\/uploads\/2019\/06\/trabajo-informatico-terrassa.jpg"}],"twitter_card":"summary_large_image","schema":{"@context":"https:\/\/schema.org","@graph":[{"@type":"WebPage","@id":"https:\/\/www.in2sa.cat\/es\/empresa\/trabajar\/","url":"https:\/\/www.in2sa.cat\/es\/empresa\/trabajar\/","name":"Trabajar en IN2 - IN2 - Inform\u00e1tica industrial","isPartOf":{"@id":"https:\/\/www.in2sa.cat\/es\/#website"},"datePublished":"2019-02-11T11:06:37+00:00","dateModified":"2019-06-13T15:06:31+00:00","breadcrumb":{"@id":"https:\/\/www.in2sa.cat\/es\/empresa\/trabajar\/#breadcrumb"},"inLanguage":"es","potentialAction":[{"@type":"ReadAction","target":["https:\/\/www.in2sa.cat\/es\/empresa\/trabajar\/"]}]},{"@type":"BreadcrumbList","@id":"https:\/\/www.in2sa.cat\/es\/empresa\/trabajar\/#breadcrumb","itemListElement":[{"@type":"ListItem","position":1,"name":"Home","item":"https:\/\/www.in2sa.cat\/es\/"},{"@type":"ListItem","position":2,"name":"Empresa","item":"https:\/\/www.in2sa.cat\/es\/empresa\/"},{"@type":"ListItem","position":3,"name":"Trabajar en IN2"}]},{"@type":"WebSite","@id":"https:\/\/www.in2sa.cat\/es\/#website","url":"https:\/\/www.in2sa.cat\/es\/","name":"IN2 - Inform\u00e1tica industrial","description":"Services for business","publisher":{"@id":"https:\/\/www.in2sa.cat\/es\/#organization"},"potentialAction":[{"@type":"SearchAction","target":{"@type":"EntryPoint","urlTemplate":"https:\/\/www.in2sa.cat\/es\/?s={search_term_string}"},"query-input":"required name=search_term_string"}],"inLanguage":"es"},{"@type":"Organization","@id":"https:\/\/www.in2sa.cat\/es\/#organization","name":"IN2 - Inform\u00e1tica industrial","url":"https:\/\/www.in2sa.cat\/es\/","logo":{"@type":"ImageObject","inLanguage":"es","@id":"https:\/\/www.in2sa.cat\/es\/#\/schema\/logo\/image\/","url":"https:\/\/www.in2sa.cat\/wp-content\/uploads\/2019\/02\/logo.png","contentUrl":"https:\/\/www.in2sa.cat\/wp-content\/uploads\/2019\/02\/logo.png","width":287,"height":64,"caption":"IN2 - Inform\u00e1tica industrial"},"image":{"@id":"https:\/\/www.in2sa.cat\/es\/#\/schema\/logo\/image\/"}}]}},"_links":{"self":[{"href":"https:\/\/www.in2sa.cat\/es\/wp-json\/wp\/v2\/pages\/127"}],"collection":[{"href":"https:\/\/www.in2sa.cat\/es\/wp-json\/wp\/v2\/pages"}],"about":[{"href":"https:\/\/www.in2sa.cat\/es\/wp-json\/wp\/v2\/types\/page"}],"author":[{"embeddable":true,"href":"https:\/\/www.in2sa.cat\/es\/wp-json\/wp\/v2\/users\/1"}],"replies":[{"embeddable":true,"href":"https:\/\/www.in2sa.cat\/es\/wp-json\/wp\/v2\/comments?post=127"}],"version-history":[{"count":11,"href":"https:\/\/www.in2sa.cat\/es\/wp-json\/wp\/v2\/pages\/127\/revisions"}],"predecessor-version":[{"id":745,"href":"https:\/\/www.in2sa.cat\/es\/wp-json\/wp\/v2\/pages\/127\/revisions\/745"}],"up":[{"embeddable":true,"href":"https:\/\/www.in2sa.cat\/es\/wp-json\/wp\/v2\/pages\/125"}],"wp:attachment":[{"href":"https:\/\/www.in2sa.cat\/es\/wp-json\/wp\/v2\/media?parent=127"}],"curies":[{"name":"wp","href":"https:\/\/api.w.org\/{rel}","templated":true}]}}