{"id":125,"date":"2019-02-11T13:06:19","date_gmt":"2019-02-11T11:06:19","guid":{"rendered":"https:\/\/www.in2sa.cat\/?page_id=125"},"modified":"2019-05-30T09:53:38","modified_gmt":"2019-05-30T07:53:38","slug":"empresa","status":"publish","type":"page","link":"https:\/\/www.in2sa.cat\/es\/empresa\/","title":{"rendered":"Empresa"},"content":{"rendered":"<p>En IN2 nuestro compromiso es la Calidad de nuestros Servicios y nuestra garant\u00eda son los m\u00e1s de 30 a\u00f1os que venimos ofreciendo siempre un Servicio de primer nivel.<\/p>\n<p>Inform\u00e1tica Industrial se fundamenta sobre 3 grandes valores:<br \/>\n&#8211; Confianza: M\u00e1s de 10.000 clientes nacionales e Internacionales.<br \/>\n&#8211; Credibilidad: M\u00e1s de 30 a\u00f1os nos avalan.<br \/>\n&#8211; Proximidad: Capacidad de dar servicios con un trato personal.<\/p>\n<p>&#8211; Profesionalidad: los t\u00e9cnicos de Inform\u00e1tica Industrial realizan constantes procesos formativos para poderles ofrecer siempre los servicios m\u00e1s actuales y con las certificaciones pertinentes.<br \/>\n&#8211; Trato personal: en IN2 nos preocupamos y supervisamos todos los proyectos desde una visi\u00f3n humana y con un trato de persona a persona.<br \/>\n&#8211; Trabajo en equipo: Los departamentos de Inform\u00e1tica Industrial est\u00e1n conectados entre s\u00ed para disponer de una comunicaci\u00f3n fluida de las necesidades de cada cliente.<\/p>\n","protected":false},"excerpt":{"rendered":"<p>En IN2 nuestro compromiso es la Calidad de nuestros Servicios y nuestra garant\u00eda son los m\u00e1s de 30 a\u00f1os que venimos ofreciendo siempre un Servicio de primer nivel. Inform\u00e1tica Industrial se fundamenta sobre 3 grandes valores: &#8211; Confianza: M\u00e1s de 10.000 clientes nacionales e Internacionales. &#8211; Credibilidad: M\u00e1s de 30 a\u00f1os nos avalan. &#8211; Proximidad: [&hellip;]<\/p>\n","protected":false},"author":1,"featured_media":0,"parent":0,"menu_order":2,"comment_status":"closed","ping_status":"closed","template":"","meta":{"inline_featured_image":false},"yoast_head":"<!-- This site is optimized with the Yoast SEO plugin v20.13 - https:\/\/yoast.com\/wordpress\/plugins\/seo\/ -->\n<title>Empresa - IN2 - Inform\u00e1tica industrial<\/title>\n<meta name=\"robots\" content=\"index, follow, max-snippet:-1, max-image-preview:large, max-video-preview:-1\" \/>\n<link rel=\"canonical\" href=\"https:\/\/www.in2sa.cat\/es\/empresa\/\" \/>\n<meta property=\"og:locale\" content=\"es_ES\" \/>\n<meta property=\"og:type\" content=\"article\" \/>\n<meta property=\"og:title\" content=\"Empresa - IN2 - Inform\u00e1tica industrial\" \/>\n<meta property=\"og:description\" content=\"En IN2 nuestro compromiso es la Calidad de nuestros Servicios y nuestra garant\u00eda son los m\u00e1s de 30 a\u00f1os que venimos ofreciendo siempre un Servicio de primer nivel. Inform\u00e1tica Industrial se fundamenta sobre 3 grandes valores: &#8211; Confianza: M\u00e1s de 10.000 clientes nacionales e Internacionales. &#8211; Credibilidad: M\u00e1s de 30 a\u00f1os nos avalan. &#8211; Proximidad: [&hellip;]\" \/>\n<meta property=\"og:url\" content=\"https:\/\/www.in2sa.cat\/es\/empresa\/\" \/>\n<meta property=\"og:site_name\" content=\"IN2 - Inform\u00e1tica industrial\" \/>\n<meta property=\"article:modified_time\" content=\"2019-05-30T07:53:38+00:00\" \/>\n<meta name=\"twitter:card\" content=\"summary_large_image\" \/>\n<meta name=\"twitter:label1\" content=\"Tiempo de lectura\" \/>\n\t<meta name=\"twitter:data1\" content=\"1 minuto\" \/>\n<script type=\"application\/ld+json\" class=\"yoast-schema-graph\">{\"@context\":\"https:\/\/schema.org\",\"@graph\":[{\"@type\":\"WebPage\",\"@id\":\"https:\/\/www.in2sa.cat\/es\/empresa\/\",\"url\":\"https:\/\/www.in2sa.cat\/es\/empresa\/\",\"name\":\"Empresa - IN2 - Inform\u00e1tica industrial\",\"isPartOf\":{\"@id\":\"https:\/\/www.in2sa.cat\/es\/#website\"},\"datePublished\":\"2019-02-11T11:06:19+00:00\",\"dateModified\":\"2019-05-30T07:53:38+00:00\",\"breadcrumb\":{\"@id\":\"https:\/\/www.in2sa.cat\/es\/empresa\/#breadcrumb\"},\"inLanguage\":\"es\",\"potentialAction\":[{\"@type\":\"ReadAction\",\"target\":[\"https:\/\/www.in2sa.cat\/es\/empresa\/\"]}]},{\"@type\":\"BreadcrumbList\",\"@id\":\"https:\/\/www.in2sa.cat\/es\/empresa\/#breadcrumb\",\"itemListElement\":[{\"@type\":\"ListItem\",\"position\":1,\"name\":\"Home\",\"item\":\"https:\/\/www.in2sa.cat\/es\/\"},{\"@type\":\"ListItem\",\"position\":2,\"name\":\"Empresa\"}]},{\"@type\":\"WebSite\",\"@id\":\"https:\/\/www.in2sa.cat\/es\/#website\",\"url\":\"https:\/\/www.in2sa.cat\/es\/\",\"name\":\"IN2 - Inform\u00e1tica industrial\",\"description\":\"Services for business\",\"publisher\":{\"@id\":\"https:\/\/www.in2sa.cat\/es\/#organization\"},\"potentialAction\":[{\"@type\":\"SearchAction\",\"target\":{\"@type\":\"EntryPoint\",\"urlTemplate\":\"https:\/\/www.in2sa.cat\/es\/?s={search_term_string}\"},\"query-input\":\"required name=search_term_string\"}],\"inLanguage\":\"es\"},{\"@type\":\"Organization\",\"@id\":\"https:\/\/www.in2sa.cat\/es\/#organization\",\"name\":\"IN2 - Inform\u00e1tica industrial\",\"url\":\"https:\/\/www.in2sa.cat\/es\/\",\"logo\":{\"@type\":\"ImageObject\",\"inLanguage\":\"es\",\"@id\":\"https:\/\/www.in2sa.cat\/es\/#\/schema\/logo\/image\/\",\"url\":\"https:\/\/www.in2sa.cat\/wp-content\/uploads\/2019\/02\/logo.png\",\"contentUrl\":\"https:\/\/www.in2sa.cat\/wp-content\/uploads\/2019\/02\/logo.png\",\"width\":287,\"height\":64,\"caption\":\"IN2 - Inform\u00e1tica industrial\"},\"image\":{\"@id\":\"https:\/\/www.in2sa.cat\/es\/#\/schema\/logo\/image\/\"}}]}<\/script>\n<!-- \/ Yoast SEO plugin. -->","yoast_head_json":{"title":"Empresa - IN2 - Inform\u00e1tica industrial","robots":{"index":"index","follow":"follow","max-snippet":"max-snippet:-1","max-image-preview":"max-image-preview:large","max-video-preview":"max-video-preview:-1"},"canonical":"https:\/\/www.in2sa.cat\/es\/empresa\/","og_locale":"es_ES","og_type":"article","og_title":"Empresa - IN2 - Inform\u00e1tica industrial","og_description":"En IN2 nuestro compromiso es la Calidad de nuestros Servicios y nuestra garant\u00eda son los m\u00e1s de 30 a\u00f1os que venimos ofreciendo siempre un Servicio de primer nivel. Inform\u00e1tica Industrial se fundamenta sobre 3 grandes valores: &#8211; Confianza: M\u00e1s de 10.000 clientes nacionales e Internacionales. &#8211; Credibilidad: M\u00e1s de 30 a\u00f1os nos avalan. &#8211; Proximidad: [&hellip;]","og_url":"https:\/\/www.in2sa.cat\/es\/empresa\/","og_site_name":"IN2 - Inform\u00e1tica industrial","article_modified_time":"2019-05-30T07:53:38+00:00","twitter_card":"summary_large_image","twitter_misc":{"Tiempo de lectura":"1 minuto"},"schema":{"@context":"https:\/\/schema.org","@graph":[{"@type":"WebPage","@id":"https:\/\/www.in2sa.cat\/es\/empresa\/","url":"https:\/\/www.in2sa.cat\/es\/empresa\/","name":"Empresa - IN2 - Inform\u00e1tica industrial","isPartOf":{"@id":"https:\/\/www.in2sa.cat\/es\/#website"},"datePublished":"2019-02-11T11:06:19+00:00","dateModified":"2019-05-30T07:53:38+00:00","breadcrumb":{"@id":"https:\/\/www.in2sa.cat\/es\/empresa\/#breadcrumb"},"inLanguage":"es","potentialAction":[{"@type":"ReadAction","target":["https:\/\/www.in2sa.cat\/es\/empresa\/"]}]},{"@type":"BreadcrumbList","@id":"https:\/\/www.in2sa.cat\/es\/empresa\/#breadcrumb","itemListElement":[{"@type":"ListItem","position":1,"name":"Home","item":"https:\/\/www.in2sa.cat\/es\/"},{"@type":"ListItem","position":2,"name":"Empresa"}]},{"@type":"WebSite","@id":"https:\/\/www.in2sa.cat\/es\/#website","url":"https:\/\/www.in2sa.cat\/es\/","name":"IN2 - Inform\u00e1tica industrial","description":"Services for business","publisher":{"@id":"https:\/\/www.in2sa.cat\/es\/#organization"},"potentialAction":[{"@type":"SearchAction","target":{"@type":"EntryPoint","urlTemplate":"https:\/\/www.in2sa.cat\/es\/?s={search_term_string}"},"query-input":"required name=search_term_string"}],"inLanguage":"es"},{"@type":"Organization","@id":"https:\/\/www.in2sa.cat\/es\/#organization","name":"IN2 - Inform\u00e1tica industrial","url":"https:\/\/www.in2sa.cat\/es\/","logo":{"@type":"ImageObject","inLanguage":"es","@id":"https:\/\/www.in2sa.cat\/es\/#\/schema\/logo\/image\/","url":"https:\/\/www.in2sa.cat\/wp-content\/uploads\/2019\/02\/logo.png","contentUrl":"https:\/\/www.in2sa.cat\/wp-content\/uploads\/2019\/02\/logo.png","width":287,"height":64,"caption":"IN2 - Inform\u00e1tica industrial"},"image":{"@id":"https:\/\/www.in2sa.cat\/es\/#\/schema\/logo\/image\/"}}]}},"_links":{"self":[{"href":"https:\/\/www.in2sa.cat\/es\/wp-json\/wp\/v2\/pages\/125"}],"collection":[{"href":"https:\/\/www.in2sa.cat\/es\/wp-json\/wp\/v2\/pages"}],"about":[{"href":"https:\/\/www.in2sa.cat\/es\/wp-json\/wp\/v2\/types\/page"}],"author":[{"embeddable":true,"href":"https:\/\/www.in2sa.cat\/es\/wp-json\/wp\/v2\/users\/1"}],"replies":[{"embeddable":true,"href":"https:\/\/www.in2sa.cat\/es\/wp-json\/wp\/v2\/comments?post=125"}],"version-history":[{"count":3,"href":"https:\/\/www.in2sa.cat\/es\/wp-json\/wp\/v2\/pages\/125\/revisions"}],"predecessor-version":[{"id":713,"href":"https:\/\/www.in2sa.cat\/es\/wp-json\/wp\/v2\/pages\/125\/revisions\/713"}],"wp:attachment":[{"href":"https:\/\/www.in2sa.cat\/es\/wp-json\/wp\/v2\/media?parent=125"}],"curies":[{"name":"wp","href":"https:\/\/api.w.org\/{rel}","templated":true}]}}