{"id":121,"date":"2019-02-11T13:03:38","date_gmt":"2019-02-11T11:03:38","guid":{"rendered":"https:\/\/www.in2sa.cat\/?page_id=121"},"modified":"2019-02-21T19:32:57","modified_gmt":"2019-02-21T17:32:57","slug":"venta-equipamiento-informatico","status":"publish","type":"page","link":"https:\/\/www.in2sa.cat\/es\/servicios-it\/venta-equipamiento-informatico\/","title":{"rendered":"Venta equipamiento inform\u00e1tico"},"content":{"rendered":"<h2>Hardware<\/h2>\r\n<h3>Microinform\u00e1tica<\/h3>\r\n\r\n<p>IN2 hace m\u00e1s de 30 a\u00f1os que es l\u00edder en la distribuci\u00f3n de todo tipo de material tecnol\u00f3gico de primeras marcas.<\/p>\r\n\r\n\r\n\r\n<p>En Inform\u00e1tica Industrial ofrecemos a nuestros clientes las mejores soluciones de la mano de los mejores fabricantes y le ayudamos a escoger el equipo inform\u00e1tico m\u00e1s adecuado a sus necesidades.<\/p>\r\n\r\n<h3>PC&#8217;s<\/h3>\r\n\r\n<div class=\"is-layout-flex wp-container-3 wp-block-columns has-2-columns\">\r\n<div class=\"is-layout-flow wp-block-column\">\r\n<figure class=\"wp-block-image\"><img decoding=\"async\" loading=\"lazy\" class=\"alignnone size-full wp-image-251\" src=\"https:\/\/www.in2sa.cat\/wp-content\/uploads\/2019\/02\/venta-de-pc.png\" alt=\"venta de pc de empresa\" width=\"350\" height=\"350\" srcset=\"https:\/\/www.in2sa.cat\/wp-content\/uploads\/2019\/02\/venta-de-pc.png 350w, https:\/\/www.in2sa.cat\/wp-content\/uploads\/2019\/02\/venta-de-pc-150x150.png 150w, https:\/\/www.in2sa.cat\/wp-content\/uploads\/2019\/02\/venta-de-pc-300x300.png 300w\" sizes=\"(max-width: 350px) 100vw, 350px\" \/><\/figure>\r\n<\/div>\r\n\r\n\r\n\r\n<div class=\"is-layout-flow wp-block-column\">\r\n<p>Nuestro conocimiento con los a\u00f1os de trayectoria que llevamos y las correspondientes certificaciones con los fabricantes, nos permiten ofrecerle un amplio asesoramiento sobre qu\u00e9 gamas de productos son m\u00e1s adecuados a sus necesidades.<\/p>\r\n\r\n\r\n\r\n<p>En IN2 le ofrecemos desde PC\u2019s, port\u00e1tiles, workstations, thinclients (terminales) y todo ello de la mano de los mejores fabricantes como HP, Dell o Lenovo entre otros.<\/p>\r\n<\/div>\r\n<\/div>\r\n\r\n<h3>Servidores<\/h3>\r\n\r\n<div class=\"is-layout-flex wp-container-6 wp-block-columns has-2-columns\">\r\n<div class=\"is-layout-flow wp-block-column\">\r\n<p>Nuestros t\u00e9cnicos son conscientes que para el buen funcionamiento de su empresa es necesario contar con una infraestructura de IT adecuada.<\/p>\r\n\r\n\r\n\r\n<p>Por ello desde IN2 le ofrecemos asesoramiento, le gestionamos y configuramos su servidor y le ofrecemos las mejores soluciones del mercado.<\/p>\r\n\r\n\r\n\r\n<p>En Inform\u00e1tica Industrial solo trabajamos con tecnolog\u00edas innovadores y eficaces para asegurarle que sus infraestructuras sean las m\u00e1s eficientes.<\/p>\r\n<\/div>\r\n\r\n\r\n\r\n<div class=\"is-layout-flow wp-block-column\">\r\n<figure class=\"wp-block-image\"><img decoding=\"async\" loading=\"lazy\" class=\"alignnone size-full wp-image-253\" src=\"https:\/\/www.in2sa.cat\/wp-content\/uploads\/2019\/02\/venta-de-servidores.png\" alt=\"venta de servidores\" width=\"350\" height=\"350\" srcset=\"https:\/\/www.in2sa.cat\/wp-content\/uploads\/2019\/02\/venta-de-servidores.png 350w, https:\/\/www.in2sa.cat\/wp-content\/uploads\/2019\/02\/venta-de-servidores-150x150.png 150w, https:\/\/www.in2sa.cat\/wp-content\/uploads\/2019\/02\/venta-de-servidores-300x300.png 300w\" sizes=\"(max-width: 350px) 100vw, 350px\" \/><\/figure>\r\n<\/div>\r\n<\/div>\r\n\r\n<h3>M\u00f3viles<\/h3>\r\n\r\n<div class=\"is-layout-flex wp-container-9 wp-block-columns has-2-columns\">\r\n<div class=\"is-layout-flow wp-block-column\">\r\n<figure class=\"wp-block-image\"><img decoding=\"async\" loading=\"lazy\" class=\"alignnone size-full wp-image-255\" src=\"https:\/\/www.in2sa.cat\/wp-content\/uploads\/2019\/02\/venta-de-moviles.png\" alt=\"venta de m\u00f3viles empresariales\" width=\"350\" height=\"350\" srcset=\"https:\/\/www.in2sa.cat\/wp-content\/uploads\/2019\/02\/venta-de-moviles.png 350w, https:\/\/www.in2sa.cat\/wp-content\/uploads\/2019\/02\/venta-de-moviles-150x150.png 150w, https:\/\/www.in2sa.cat\/wp-content\/uploads\/2019\/02\/venta-de-moviles-300x300.png 300w\" sizes=\"(max-width: 350px) 100vw, 350px\" \/><\/figure>\r\n<\/div>\r\n\r\n\r\n\r\n<div class=\"is-layout-flow wp-block-column\">\r\n<p>Las necesidades de movilidad en las empresas son hoy por hoy imprescindibles para garantizar una correcta comunicaci\u00f3n entre los diferentes departamentos.<\/p>\r\n\r\n\r\n\r\n<p>IN2 le ofrece un servicio de asesoramiento en todo tipo de dispositivos de movilidad, adem\u00e1s de la venta de smartphones y tablets de las mejores marcas.<\/p>\r\n\r\n\r\n\r\n<p>Inform\u00e1tica Industrial le garantiza que con sus soluciones estar\u00e1 siempre conectado con diferentes dispositivos desde cualquier lugar.<\/p>\r\n<\/div>\r\n<\/div>\r\n\r\n<h2>Software<\/h2>\r\n<p>Disponer siempre del software actualizado le permite estar al d\u00eda y disfrutar de todas las funcionalidades de los programas inform\u00e1ticos que necesita para la gesti\u00f3n de su compa\u00f1\u00eda.<\/p>\r\n<p>En IN2 le ofrecemos una amplia gama de programas inform\u00e1ticos ya sean de Microsoft o de otros fabricantes, adapt\u00e1ndolos siempre a cada tipo de empresa o entidad, seg\u00fan sean sus necesidades.<\/p>\r\n<h3>Veeam-Backup int<\/h3>\r\n\r\n<div class=\"is-layout-flex wp-container-12 wp-block-columns has-2-columns\">\r\n<div class=\"is-layout-flow wp-block-column\">\r\n<p>El servicio que le ofrece IN2 le permitir\u00e1 realizar las copias de Seguridad de su sistema de virtualizaci\u00f3n de una forma r\u00e1pida y con una gesti\u00f3n muy sencilla.<\/p>\r\n\r\n\r\n\r\n<p>Sus copias ser\u00e1n consistentes, no precisar\u00e1n de agentes adicionales, podr\u00e1 realizarlas en caliente y ser\u00e1 compatible por cualquier sistema operativo, ya sea Windows, Linux, etc.<\/p>\r\n\r\n\r\n\r\n<p>Inform\u00e1tica Industrial le asegura la recuperaci\u00f3n a nivel de archivo y podr\u00e1 guardar backups tanto en un sistema local como en un proveedor externo.<\/p>\r\n<\/div>\r\n\r\n\r\n\r\n<div class=\"is-layout-flow wp-block-column\">\r\n<figure class=\"wp-block-image\"><img decoding=\"async\" loading=\"lazy\" class=\"alignnone size-full wp-image-258\" src=\"https:\/\/www.in2sa.cat\/wp-content\/uploads\/2019\/02\/Veeam-Backup.png\" alt=\"\" width=\"350\" height=\"350\" srcset=\"https:\/\/www.in2sa.cat\/wp-content\/uploads\/2019\/02\/Veeam-Backup.png 350w, https:\/\/www.in2sa.cat\/wp-content\/uploads\/2019\/02\/Veeam-Backup-150x150.png 150w, https:\/\/www.in2sa.cat\/wp-content\/uploads\/2019\/02\/Veeam-Backup-300x300.png 300w\" sizes=\"(max-width: 350px) 100vw, 350px\" \/><\/figure>\r\n<\/div>\r\n<\/div>\r\n\r\n<h3>Licencias<\/h3>\r\n\r\n<div class=\"is-layout-flex wp-container-15 wp-block-columns has-2-columns\">\r\n<div class=\"is-layout-flow wp-block-column\">\r\n<figure class=\"wp-block-image\"><img decoding=\"async\" loading=\"lazy\" class=\"alignnone size-full wp-image-260\" src=\"https:\/\/www.in2sa.cat\/wp-content\/uploads\/2019\/02\/venta-de-licencias.png\" alt=\"\" width=\"350\" height=\"350\" srcset=\"https:\/\/www.in2sa.cat\/wp-content\/uploads\/2019\/02\/venta-de-licencias.png 350w, https:\/\/www.in2sa.cat\/wp-content\/uploads\/2019\/02\/venta-de-licencias-150x150.png 150w, https:\/\/www.in2sa.cat\/wp-content\/uploads\/2019\/02\/venta-de-licencias-300x300.png 300w\" sizes=\"(max-width: 350px) 100vw, 350px\" \/><\/figure>\r\n<\/div>\r\n\r\n\r\n\r\n<div class=\"is-layout-flow wp-block-column\">\r\n<p>Sistemas operativos, correo electr\u00f3nico, hojas de c\u00e1lculo, procesadores de texto, programas de gesti\u00f3n, navegadores &#8230; son algunas de las herramientas b\u00e1sicas e imprescindibles del d\u00eda a d\u00eda en las compa\u00f1\u00edas, que facilitan su trabajo, as\u00ed como el uso adecuado de los equipamientos inform\u00e1ticos.<\/p>\r\n\r\n\r\n\r\n<p>El software que da vida a sus equipos (firmware) requiere de una constante actualizaci\u00f3n y renovaci\u00f3n que podr\u00e1 conseguir gracias al servicio de IN2 de puesta al d\u00eda de las licencias correspondientes.<\/p>\r\n\r\n\r\n\r\n<p>Para tenerlo todo bajo control, ya sea si se ha adquirido en propiedad y se requiere una actualizaci\u00f3n peri\u00f3dica de licencias o si se ha contratado en alquiler o pago por uso, Inform\u00e1tica Industrial cuenta con una metodolog\u00eda que le libera de esta preocupaci\u00f3n.<\/p>\r\n<\/div>\r\n<\/div>\r\n\r\n<h3>SQL Server<\/h3>\r\n\r\n<div class=\"is-layout-flex wp-container-18 wp-block-columns has-2-columns\">\r\n<div class=\"is-layout-flow wp-block-column\">\r\n<p>SQL Server es un sistema de administraci\u00f3n de base de datos relacionales desarrollado por Microsoft.<\/p>\r\n\r\n\r\n\r\n<p>En IN2 le ofrecemos un servicio que le facilitar\u00e1 la configuraci\u00f3n, la utilizaci\u00f3n y el escalado de las implementaciones de SQL Server.<\/p>\r\n\r\n\r\n\r\n<p>En Inform\u00e1tica Industrial nos ocuparemos de las tareas de administraci\u00f3n de bases de datos que tanto tiempo consumen, as\u00ed como el aprovisionamiento, las copias de seguridad los parches de software, la monitorizaci\u00f3n y el escalado del hardware.<\/p>\r\n<\/div>\r\n\r\n\r\n\r\n<div class=\"is-layout-flow wp-block-column\">\r\n<figure class=\"wp-block-image\"><img decoding=\"async\" loading=\"lazy\" class=\"alignnone size-full wp-image-263\" src=\"https:\/\/www.in2sa.cat\/wp-content\/uploads\/2019\/02\/venta-de-licencias-sql.png\" alt=\"\" width=\"350\" height=\"350\" srcset=\"https:\/\/www.in2sa.cat\/wp-content\/uploads\/2019\/02\/venta-de-licencias-sql.png 350w, https:\/\/www.in2sa.cat\/wp-content\/uploads\/2019\/02\/venta-de-licencias-sql-150x150.png 150w, https:\/\/www.in2sa.cat\/wp-content\/uploads\/2019\/02\/venta-de-licencias-sql-300x300.png 300w\" sizes=\"(max-width: 350px) 100vw, 350px\" \/><\/figure>\r\n<\/div>\r\n<\/div>\r\n\r\n<h3>Terminal server<\/h3>\r\n\r\n<div class=\"is-layout-flex wp-container-21 wp-block-columns has-2-columns\">\r\n<div class=\"is-layout-flow wp-block-column\">\r\n<figure class=\"wp-block-image\"><img decoding=\"async\" loading=\"lazy\" class=\"alignnone size-full wp-image-266\" src=\"https:\/\/www.in2sa.cat\/wp-content\/uploads\/2019\/02\/venta-de-licencias-terminal-server.png\" alt=\"venta de licencias terminal server\" width=\"350\" height=\"350\" srcset=\"https:\/\/www.in2sa.cat\/wp-content\/uploads\/2019\/02\/venta-de-licencias-terminal-server.png 350w, https:\/\/www.in2sa.cat\/wp-content\/uploads\/2019\/02\/venta-de-licencias-terminal-server-150x150.png 150w, https:\/\/www.in2sa.cat\/wp-content\/uploads\/2019\/02\/venta-de-licencias-terminal-server-300x300.png 300w\" sizes=\"(max-width: 350px) 100vw, 350px\" \/><\/figure>\r\n<\/div>\r\n\r\n\r\n\r\n<div class=\"is-layout-flow wp-block-column\">\r\n<p>Poder acceder a su servidor central desde cualquier lugar le permitir\u00e1 poder trabajar como si estuvieses en la oficina de su empresa.<\/p>\r\n\r\n\r\n\r\n<p>IN2 le ofrece el servicio de implementaci\u00f3n en su Servidor de Terminal Server, realizando las configuraciones necesarias para su correcto funcionamiento.<\/p>\r\n\r\n\r\n\r\n<p>Inform\u00e1tica Industrial, adem\u00e1s, le garantiza la seguridad de su Sistema.<\/p>\r\n<\/div>\r\n<\/div>\r\n\r\n<h3>Antivirus<\/h3>\r\n\r\n<div class=\"is-layout-flex wp-container-24 wp-block-columns has-2-columns\">\r\n<div class=\"is-layout-flow wp-block-column\">\r\n<p>Proteja su red de las posibles intrusiones, provenientes del correo electr\u00f3nico o por el acceso a p\u00e1ginas no fiables de internet; t\u00e9cnicas cada d\u00eda m\u00e1s habituales para infectar a sus equipos.<\/p>\r\n\r\n\r\n\r\n<p>IN2 aconseja NOD32, un antivirus \u00e1gil, seguro y poco intrusivo para ser utilizado de forma habitual es sus equipos de la red corporativa. Un antivirus no ha de penalizar el rendimiento de su equipo.<\/p>\r\n\r\n\r\n\r\n<p>Inform\u00e1tica Industrial realiza la implementaci\u00f3n de su antivirus de una forma r\u00e1pida y eficaz.<\/p>\r\n<\/div>\r\n\r\n\r\n\r\n<div class=\"is-layout-flow wp-block-column\">\r\n<figure class=\"wp-block-image\"><img decoding=\"async\" loading=\"lazy\" class=\"alignnone size-full wp-image-269\" src=\"https:\/\/www.in2sa.cat\/wp-content\/uploads\/2019\/02\/antivirus.png\" alt=\"\" width=\"350\" height=\"350\" srcset=\"https:\/\/www.in2sa.cat\/wp-content\/uploads\/2019\/02\/antivirus.png 350w, https:\/\/www.in2sa.cat\/wp-content\/uploads\/2019\/02\/antivirus-150x150.png 150w, https:\/\/www.in2sa.cat\/wp-content\/uploads\/2019\/02\/antivirus-300x300.png 300w\" sizes=\"(max-width: 350px) 100vw, 350px\" \/><\/figure>\r\n<\/div>\r\n<\/div>\r\n\r\n<h2>Consumibles y Accesorios<\/h2>\r\n\r\n<p>En la era de los grandes proveedores \u201con line\u201d, los departamentos de compras de las empresas encuentran a faltar proveedores que les aconsejen \u201ctu dime lo que necesitas y yo te buscar\u00e9 lo que mejor se adapta a tus necesidades\u201d.<\/p>\r\n\r\n\r\n\r\n<p>En Inform\u00e1tica Industrial estamos orgullosos de afirmar que empresas con una alta reputaci\u00f3n nos tengan catalogados en esta categor\u00eda de proveedores y por ello cada d\u00eda nos esforzamos en conseguir los servicios en nuestro cat\u00e1logo de consumibles y accesorios.<\/p>\r\n\r\n\r\n\r\n<p>El cable raro, los soportes imposibles, la pieza que no existe, la pantalla extrema, la soluci\u00f3n nunca vista, se convierten por unos d\u00edas en nuestro foco de atenci\u00f3n hasta que le damos una soluci\u00f3n al cliente. Para IN2 no hay misi\u00f3n imposible.<\/p>\r\n\r\n\r\n\r\n<div class=\"is-layout-flex wp-container-27 wp-block-columns has-2-columns\">\r\n<div class=\"is-layout-flow wp-block-column\">\r\n<figure class=\"wp-block-image\"><img decoding=\"async\" loading=\"lazy\" class=\"alignnone size-full wp-image-271\" src=\"https:\/\/www.in2sa.cat\/wp-content\/uploads\/2019\/02\/consumibles.png\" alt=\"consumibles\" width=\"350\" height=\"350\" srcset=\"https:\/\/www.in2sa.cat\/wp-content\/uploads\/2019\/02\/consumibles.png 350w, https:\/\/www.in2sa.cat\/wp-content\/uploads\/2019\/02\/consumibles-150x150.png 150w, https:\/\/www.in2sa.cat\/wp-content\/uploads\/2019\/02\/consumibles-300x300.png 300w\" sizes=\"(max-width: 350px) 100vw, 350px\" \/><\/figure>\r\n<\/div>\r\n\r\n\r\n\r\n<div class=\"is-layout-flow wp-block-column\">\r\n<p>Para los clientes que no tienen sus equipos de impresi\u00f3n en modalidad de pago por uso, IN2 le suministrar\u00e1 consumible original de primeras marcas con plazos de entrega que est\u00e1n entre las 4h y las 48h.<\/p>\r\n<\/div>\r\n<\/div>\r\n\r\n<p>&nbsp;<\/p>","protected":false},"excerpt":{"rendered":"<p>Hardware Microinform\u00e1tica IN2 hace m\u00e1s de 30 a\u00f1os que es l\u00edder en la distribuci\u00f3n de todo tipo de material tecnol\u00f3gico de primeras marcas. En Inform\u00e1tica Industrial ofrecemos a nuestros clientes las mejores soluciones de la mano de los mejores fabricantes y le ayudamos a escoger el equipo inform\u00e1tico m\u00e1s adecuado a sus necesidades. PC&#8217;s Nuestro [&hellip;]<\/p>\n","protected":false},"author":1,"featured_media":0,"parent":129,"menu_order":7,"comment_status":"closed","ping_status":"closed","template":"","meta":{"inline_featured_image":false},"yoast_head":"<!-- This site is optimized with the Yoast SEO plugin v20.13 - https:\/\/yoast.com\/wordpress\/plugins\/seo\/ -->\n<title>Venta equipamiento inform\u00e1tico - IN2 - Inform\u00e1tica industrial<\/title>\n<meta name=\"robots\" content=\"index, follow, max-snippet:-1, max-image-preview:large, max-video-preview:-1\" \/>\n<link rel=\"canonical\" href=\"https:\/\/www.in2sa.cat\/es\/servicios-it\/venta-equipamiento-informatico\/\" \/>\n<meta property=\"og:locale\" content=\"es_ES\" \/>\n<meta property=\"og:type\" content=\"article\" \/>\n<meta property=\"og:title\" content=\"Venta equipamiento inform\u00e1tico - IN2 - Inform\u00e1tica industrial\" \/>\n<meta property=\"og:description\" content=\"Hardware Microinform\u00e1tica IN2 hace m\u00e1s de 30 a\u00f1os que es l\u00edder en la distribuci\u00f3n de todo tipo de material tecnol\u00f3gico de primeras marcas. En Inform\u00e1tica Industrial ofrecemos a nuestros clientes las mejores soluciones de la mano de los mejores fabricantes y le ayudamos a escoger el equipo inform\u00e1tico m\u00e1s adecuado a sus necesidades. PC&#8217;s Nuestro [&hellip;]\" \/>\n<meta property=\"og:url\" content=\"https:\/\/www.in2sa.cat\/es\/servicios-it\/venta-equipamiento-informatico\/\" \/>\n<meta property=\"og:site_name\" content=\"IN2 - Inform\u00e1tica industrial\" \/>\n<meta property=\"article:modified_time\" content=\"2019-02-21T17:32:57+00:00\" \/>\n<meta property=\"og:image\" content=\"https:\/\/www.in2sa.cat\/wp-content\/uploads\/2019\/02\/venta-de-pc.png\" \/>\n<meta name=\"twitter:card\" content=\"summary_large_image\" \/>\n<meta name=\"twitter:label1\" content=\"Tiempo de lectura\" \/>\n\t<meta name=\"twitter:data1\" content=\"5 minutos\" \/>\n<script type=\"application\/ld+json\" class=\"yoast-schema-graph\">{\"@context\":\"https:\/\/schema.org\",\"@graph\":[{\"@type\":\"WebPage\",\"@id\":\"https:\/\/www.in2sa.cat\/es\/servicios-it\/venta-equipamiento-informatico\/\",\"url\":\"https:\/\/www.in2sa.cat\/es\/servicios-it\/venta-equipamiento-informatico\/\",\"name\":\"Venta equipamiento inform\u00e1tico - IN2 - Inform\u00e1tica industrial\",\"isPartOf\":{\"@id\":\"https:\/\/www.in2sa.cat\/es\/#website\"},\"datePublished\":\"2019-02-11T11:03:38+00:00\",\"dateModified\":\"2019-02-21T17:32:57+00:00\",\"breadcrumb\":{\"@id\":\"https:\/\/www.in2sa.cat\/es\/servicios-it\/venta-equipamiento-informatico\/#breadcrumb\"},\"inLanguage\":\"es\",\"potentialAction\":[{\"@type\":\"ReadAction\",\"target\":[\"https:\/\/www.in2sa.cat\/es\/servicios-it\/venta-equipamiento-informatico\/\"]}]},{\"@type\":\"BreadcrumbList\",\"@id\":\"https:\/\/www.in2sa.cat\/es\/servicios-it\/venta-equipamiento-informatico\/#breadcrumb\",\"itemListElement\":[{\"@type\":\"ListItem\",\"position\":1,\"name\":\"Home\",\"item\":\"https:\/\/www.in2sa.cat\/es\/\"},{\"@type\":\"ListItem\",\"position\":2,\"name\":\"Servicios IT\",\"item\":\"https:\/\/www.in2sa.cat\/es\/servicios-it\/\"},{\"@type\":\"ListItem\",\"position\":3,\"name\":\"Venta equipamiento inform\u00e1tico\"}]},{\"@type\":\"WebSite\",\"@id\":\"https:\/\/www.in2sa.cat\/es\/#website\",\"url\":\"https:\/\/www.in2sa.cat\/es\/\",\"name\":\"IN2 - Inform\u00e1tica industrial\",\"description\":\"Services for business\",\"publisher\":{\"@id\":\"https:\/\/www.in2sa.cat\/es\/#organization\"},\"potentialAction\":[{\"@type\":\"SearchAction\",\"target\":{\"@type\":\"EntryPoint\",\"urlTemplate\":\"https:\/\/www.in2sa.cat\/es\/?s={search_term_string}\"},\"query-input\":\"required name=search_term_string\"}],\"inLanguage\":\"es\"},{\"@type\":\"Organization\",\"@id\":\"https:\/\/www.in2sa.cat\/es\/#organization\",\"name\":\"IN2 - Inform\u00e1tica industrial\",\"url\":\"https:\/\/www.in2sa.cat\/es\/\",\"logo\":{\"@type\":\"ImageObject\",\"inLanguage\":\"es\",\"@id\":\"https:\/\/www.in2sa.cat\/es\/#\/schema\/logo\/image\/\",\"url\":\"https:\/\/www.in2sa.cat\/wp-content\/uploads\/2019\/02\/logo.png\",\"contentUrl\":\"https:\/\/www.in2sa.cat\/wp-content\/uploads\/2019\/02\/logo.png\",\"width\":287,\"height\":64,\"caption\":\"IN2 - Inform\u00e1tica industrial\"},\"image\":{\"@id\":\"https:\/\/www.in2sa.cat\/es\/#\/schema\/logo\/image\/\"}}]}<\/script>\n<!-- \/ Yoast SEO plugin. -->","yoast_head_json":{"title":"Venta equipamiento inform\u00e1tico - IN2 - Inform\u00e1tica industrial","robots":{"index":"index","follow":"follow","max-snippet":"max-snippet:-1","max-image-preview":"max-image-preview:large","max-video-preview":"max-video-preview:-1"},"canonical":"https:\/\/www.in2sa.cat\/es\/servicios-it\/venta-equipamiento-informatico\/","og_locale":"es_ES","og_type":"article","og_title":"Venta equipamiento inform\u00e1tico - IN2 - Inform\u00e1tica industrial","og_description":"Hardware Microinform\u00e1tica IN2 hace m\u00e1s de 30 a\u00f1os que es l\u00edder en la distribuci\u00f3n de todo tipo de material tecnol\u00f3gico de primeras marcas. En Inform\u00e1tica Industrial ofrecemos a nuestros clientes las mejores soluciones de la mano de los mejores fabricantes y le ayudamos a escoger el equipo inform\u00e1tico m\u00e1s adecuado a sus necesidades. PC&#8217;s Nuestro [&hellip;]","og_url":"https:\/\/www.in2sa.cat\/es\/servicios-it\/venta-equipamiento-informatico\/","og_site_name":"IN2 - Inform\u00e1tica industrial","article_modified_time":"2019-02-21T17:32:57+00:00","og_image":[{"url":"https:\/\/www.in2sa.cat\/wp-content\/uploads\/2019\/02\/venta-de-pc.png"}],"twitter_card":"summary_large_image","twitter_misc":{"Tiempo de lectura":"5 minutos"},"schema":{"@context":"https:\/\/schema.org","@graph":[{"@type":"WebPage","@id":"https:\/\/www.in2sa.cat\/es\/servicios-it\/venta-equipamiento-informatico\/","url":"https:\/\/www.in2sa.cat\/es\/servicios-it\/venta-equipamiento-informatico\/","name":"Venta equipamiento inform\u00e1tico - IN2 - Inform\u00e1tica industrial","isPartOf":{"@id":"https:\/\/www.in2sa.cat\/es\/#website"},"datePublished":"2019-02-11T11:03:38+00:00","dateModified":"2019-02-21T17:32:57+00:00","breadcrumb":{"@id":"https:\/\/www.in2sa.cat\/es\/servicios-it\/venta-equipamiento-informatico\/#breadcrumb"},"inLanguage":"es","potentialAction":[{"@type":"ReadAction","target":["https:\/\/www.in2sa.cat\/es\/servicios-it\/venta-equipamiento-informatico\/"]}]},{"@type":"BreadcrumbList","@id":"https:\/\/www.in2sa.cat\/es\/servicios-it\/venta-equipamiento-informatico\/#breadcrumb","itemListElement":[{"@type":"ListItem","position":1,"name":"Home","item":"https:\/\/www.in2sa.cat\/es\/"},{"@type":"ListItem","position":2,"name":"Servicios IT","item":"https:\/\/www.in2sa.cat\/es\/servicios-it\/"},{"@type":"ListItem","position":3,"name":"Venta equipamiento inform\u00e1tico"}]},{"@type":"WebSite","@id":"https:\/\/www.in2sa.cat\/es\/#website","url":"https:\/\/www.in2sa.cat\/es\/","name":"IN2 - Inform\u00e1tica industrial","description":"Services for business","publisher":{"@id":"https:\/\/www.in2sa.cat\/es\/#organization"},"potentialAction":[{"@type":"SearchAction","target":{"@type":"EntryPoint","urlTemplate":"https:\/\/www.in2sa.cat\/es\/?s={search_term_string}"},"query-input":"required name=search_term_string"}],"inLanguage":"es"},{"@type":"Organization","@id":"https:\/\/www.in2sa.cat\/es\/#organization","name":"IN2 - Inform\u00e1tica industrial","url":"https:\/\/www.in2sa.cat\/es\/","logo":{"@type":"ImageObject","inLanguage":"es","@id":"https:\/\/www.in2sa.cat\/es\/#\/schema\/logo\/image\/","url":"https:\/\/www.in2sa.cat\/wp-content\/uploads\/2019\/02\/logo.png","contentUrl":"https:\/\/www.in2sa.cat\/wp-content\/uploads\/2019\/02\/logo.png","width":287,"height":64,"caption":"IN2 - Inform\u00e1tica industrial"},"image":{"@id":"https:\/\/www.in2sa.cat\/es\/#\/schema\/logo\/image\/"}}]}},"_links":{"self":[{"href":"https:\/\/www.in2sa.cat\/es\/wp-json\/wp\/v2\/pages\/121"}],"collection":[{"href":"https:\/\/www.in2sa.cat\/es\/wp-json\/wp\/v2\/pages"}],"about":[{"href":"https:\/\/www.in2sa.cat\/es\/wp-json\/wp\/v2\/types\/page"}],"author":[{"embeddable":true,"href":"https:\/\/www.in2sa.cat\/es\/wp-json\/wp\/v2\/users\/1"}],"replies":[{"embeddable":true,"href":"https:\/\/www.in2sa.cat\/es\/wp-json\/wp\/v2\/comments?post=121"}],"version-history":[{"count":14,"href":"https:\/\/www.in2sa.cat\/es\/wp-json\/wp\/v2\/pages\/121\/revisions"}],"predecessor-version":[{"id":249,"href":"https:\/\/www.in2sa.cat\/es\/wp-json\/wp\/v2\/pages\/121\/revisions\/249"}],"up":[{"embeddable":true,"href":"https:\/\/www.in2sa.cat\/es\/wp-json\/wp\/v2\/pages\/129"}],"wp:attachment":[{"href":"https:\/\/www.in2sa.cat\/es\/wp-json\/wp\/v2\/media?parent=121"}],"curies":[{"name":"wp","href":"https:\/\/api.w.org\/{rel}","templated":true}]}}