{"id":1179,"date":"2021-04-26T16:57:21","date_gmt":"2021-04-26T14:57:21","guid":{"rendered":"https:\/\/www.in2sa.cat\/?page_id=1179"},"modified":"2021-04-26T17:01:45","modified_gmt":"2021-04-26T15:01:45","slug":"cloud-backup-veeam","status":"publish","type":"page","link":"https:\/\/www.in2sa.cat\/es\/servicios-it\/servicios-backup-cloud\/cloud-backup-veeam\/","title":{"rendered":"Cloud Backup Veeam"},"content":{"rendered":"\r\n<div class=\"is-layout-flex wp-container-3 wp-block-columns has-2-columns\">\r\n<div class=\"is-layout-flow wp-block-column\">\r\n<p>Podr\u00e1 recuperar m\u00e1quinas virtuales completas, archivos individuales o discos duros de VMs enteros en caso de desastre y hacer copias de seguridad completas y cifradas de todos sus archivos.<\/p>\r\n\r\n\r\n\r\n<p class=\"has-text-color has-cyan-bluish-gray-color\">Opcionalmente puede pedir la protecci\u00f3n anti-hacking. <br>\r\nLa protecci\u00f3n Anti-Hacking le permite recuperar archivos o copias de sistema destruidas por ataques o eliminadas por error los \u00faltimos 7 d\u00edas y protege de ataques malintencionados (hackers).<\/p>\r\n\r\n\r\n\r\n<p class=\"has-text-color has-cyan-bluish-gray-color\">Desde Inform\u00e1tica industrial IN2 aconsejamos hacer copias tanto en local como en la nube y disponer de la protecci\u00f3n a\u00f1adida del Anti-hacking, ya que hoy en d\u00eda las copias de seguridad est\u00e1n siendo atacadas y destruidas por los ataques cibern\u00e9ticos.<\/p>\r\n<\/div>\r\n\r\n\r\n\r\n<div class=\"is-layout-flow wp-block-column\">\r\n<div class=\"wp-block-image\"><figure class=\"aligncenter is-resized\"><img decoding=\"async\" loading=\"lazy\" src=\"https:\/\/www.in2sa.cat\/wp-content\/uploads\/2021\/04\/4-Cloud-Backup-Veeam.png\" alt=\"Cloud Backup Veeam\" class=\"wp-image-952\" width=\"235\" height=\"164\" srcset=\"https:\/\/www.in2sa.cat\/wp-content\/uploads\/2021\/04\/4-Cloud-Backup-Veeam.png 469w, https:\/\/www.in2sa.cat\/wp-content\/uploads\/2021\/04\/4-Cloud-Backup-Veeam-300x210.png 300w\" sizes=\"(max-width: 235px) 100vw, 235px\" \/><\/figure><\/div>\r\n<\/div>\r\n<\/div>\r\n\r\n\r\n\r\n<p><p>Calculadora Veeam Cloud Connect<\/p>\r\n<div class=\"uCalc_347720\"><\/div><script> var widgetOptions347720 = { bg_color: \"transparent\" }; (function() { var a = document.createElement(\"script\"), h = \"head\"; a.async = true; a.src = (document.location.protocol == \"https:\" ? \"https:\" : \"http:\") + \"\/\/ucalc.pro\/api\/widget.js?id=347720&t=\"+Math.floor(new Date()\/18e5); document.getElementsByTagName(h)[0].appendChild(a) })();<\/script>\r\n<p>&nbsp;<\/p><\/p>\r\n\r\n\r\n\r\n<div class=\"is-layout-flex wp-container-8 wp-block-columns has-4-columns\">\r\n<div class=\"is-layout-flow wp-block-column\">\r\n<div class=\"wp-block-button aligncenter butonscloud\"><a class=\"wp-block-button__link\" href=\"https:\/\/www.in2sa.cat\/es\/servicios-it\/servicios-backup-cloud\/cloud-backup-files\/\">Cloud Backup Files <\/a><\/div>\r\n<\/div>\r\n\r\n\r\n\r\n<div class=\"is-layout-flow wp-block-column\">\r\n<div class=\"wp-block-button aligncenter butonscloud\"><a class=\"wp-block-button__link\" href=\"https:\/\/www.in2sa.cat\/es\/servicios-it\/servicios-backup-cloud\/cloud-backup-files-system\/\">Cloud Backup Files &amp; System<\/a><\/div>\r\n<\/div>\r\n\r\n\r\n\r\n<div class=\"is-layout-flow wp-block-column\">\r\n<div class=\"wp-block-button aligncenter butonscloud\"><a class=\"wp-block-button__link\" href=\"https:\/\/www.in2sa.cat\/es\/servicios-it\/servicios-backup-cloud\/cloud-backup-o365-g-suite\/\">Cloud Backup O365 &amp; G-Suite<\/a><\/div>\r\n<\/div>\r\n\r\n\r\n\r\n<div class=\"is-layout-flow wp-block-column\">\r\n<div class=\"wp-block-button aligncenter butonscloud\"><a class=\"wp-block-button__link\" href=\"https:\/\/www.in2sa.cat\/es\/servicios-it\/servicios-backup-cloud\/cloud-backup-veeam\/\">Cloud Backup Veeam<\/a><\/div>\r\n<\/div>\r\n<\/div>\r\n\r\n\r\n\r\n<div class=\"is-layout-flex wp-container-13 wp-block-columns has-4-columns\">\r\n<div class=\"is-layout-flow wp-block-column\">\r\n<div class=\"wp-block-button aligncenter butonscloud\"><a class=\"wp-block-button__link\" href=\"https:\/\/www.in2sa.cat\/es\/servicios-it\/servicios-backup-cloud\/disaster-recovery-veeam\/\">Disaster Recovery <\/a><\/div>\r\n<\/div>\r\n\r\n\r\n\r\n<div class=\"is-layout-flow wp-block-column\">\r\n<div class=\"wp-block-button aligncenter butonscloud\"><a class=\"wp-block-button__link\" href=\"https:\/\/www.in2sa.cat\/es\/servicios-it\/servicios-backup-cloud\/vps-premium\/\">VPS Premium<\/a><\/div>\r\n<\/div>\r\n\r\n\r\n\r\n<div class=\"is-layout-flow wp-block-column\">\r\n<div class=\"wp-block-button aligncenter butonscloud\"><a class=\"wp-block-button__link\" href=\"https:\/\/www.in2sa.cat\/es\/servicios-it\/servicios-backup-cloud\/vps-standard\/\">VPS Standard<\/a><\/div>\r\n<\/div>\r\n\r\n\r\n\r\n<div class=\"is-layout-flow wp-block-column\">\r\n<div class=\"wp-block-button aligncenter butonscloud\"><a class=\"wp-block-button__link\" href=\"https:\/\/www.in2sa.cat\/es\/servicios-it\/servicios-backup-cloud\/servidor-dedicado\/\">Servidor dedicado<\/a><\/div>\r\n<\/div>\r\n<\/div>\r\n\r\n\r\n\r\n<pre class=\"wp-block-preformatted\">Puede escoger la mejor soluci\u00f3n seg\u00fan sus necesidades y saber el coste real de cada soluci\u00f3n.<br>Si necesita ayuda puede llamarnos al <a rel=\"noreferrer noopener\" href=\"tel:937331919\" target=\"_blank\">93 733 19 19<\/a> y un t\u00e9cnico le ayudar\u00e1 a decidir qu\u00e9 soluci\u00f3n le conviene m\u00e1s. <br><br><\/pre>\r\n\r\n\r\n\n<div class=\"wp-block-button aligncenter is-style-fill\"><a class=\"wp-block-button__link has-vivid-cyan-blue-background-color has-background\" href=\"tel:937331919\">Llamar 93 733 19 19<\/a><\/div>\n","protected":false},"excerpt":{"rendered":"<p>Podr\u00e1 recuperar m\u00e1quinas virtuales completas, archivos individuales o discos duros de VMs enteros en caso de desastre y hacer copias de seguridad completas y cifradas de todos sus archivos. Opcionalmente puede pedir la protecci\u00f3n anti-hacking. La protecci\u00f3n Anti-Hacking le permite recuperar archivos o copias de sistema destruidas por ataques o eliminadas por error los \u00faltimos [&hellip;]<\/p>\n","protected":false},"author":1,"featured_media":0,"parent":1167,"menu_order":4,"comment_status":"closed","ping_status":"closed","template":"","meta":{"inline_featured_image":false},"yoast_head":"<!-- This site is optimized with the Yoast SEO plugin v20.13 - https:\/\/yoast.com\/wordpress\/plugins\/seo\/ -->\n<title>Cloud Backup Veeam - IN2 - Inform\u00e1tica industrial<\/title>\n<meta name=\"robots\" content=\"index, follow, max-snippet:-1, max-image-preview:large, max-video-preview:-1\" \/>\n<link rel=\"canonical\" href=\"https:\/\/www.in2sa.cat\/es\/servicios-it\/servicios-backup-cloud\/cloud-backup-veeam\/\" \/>\n<meta property=\"og:locale\" content=\"es_ES\" \/>\n<meta property=\"og:type\" content=\"article\" \/>\n<meta property=\"og:title\" content=\"Cloud Backup Veeam - IN2 - Inform\u00e1tica industrial\" \/>\n<meta property=\"og:description\" content=\"Podr\u00e1 recuperar m\u00e1quinas virtuales completas, archivos individuales o discos duros de VMs enteros en caso de desastre y hacer copias de seguridad completas y cifradas de todos sus archivos. Opcionalmente puede pedir la protecci\u00f3n anti-hacking. La protecci\u00f3n Anti-Hacking le permite recuperar archivos o copias de sistema destruidas por ataques o eliminadas por error los \u00faltimos [&hellip;]\" \/>\n<meta property=\"og:url\" content=\"https:\/\/www.in2sa.cat\/es\/servicios-it\/servicios-backup-cloud\/cloud-backup-veeam\/\" \/>\n<meta property=\"og:site_name\" content=\"IN2 - Inform\u00e1tica industrial\" \/>\n<meta property=\"article:modified_time\" content=\"2021-04-26T15:01:45+00:00\" \/>\n<meta property=\"og:image\" content=\"https:\/\/www.in2sa.cat\/wp-content\/uploads\/2021\/04\/4-Cloud-Backup-Veeam.png\" \/>\n<meta name=\"twitter:card\" content=\"summary_large_image\" \/>\n<meta name=\"twitter:label1\" content=\"Tiempo de lectura\" \/>\n\t<meta name=\"twitter:data1\" content=\"1 minuto\" \/>\n<script type=\"application\/ld+json\" class=\"yoast-schema-graph\">{\"@context\":\"https:\/\/schema.org\",\"@graph\":[{\"@type\":\"WebPage\",\"@id\":\"https:\/\/www.in2sa.cat\/es\/servicios-it\/servicios-backup-cloud\/cloud-backup-veeam\/\",\"url\":\"https:\/\/www.in2sa.cat\/es\/servicios-it\/servicios-backup-cloud\/cloud-backup-veeam\/\",\"name\":\"Cloud Backup Veeam - IN2 - Inform\u00e1tica industrial\",\"isPartOf\":{\"@id\":\"https:\/\/www.in2sa.cat\/es\/#website\"},\"datePublished\":\"2021-04-26T14:57:21+00:00\",\"dateModified\":\"2021-04-26T15:01:45+00:00\",\"breadcrumb\":{\"@id\":\"https:\/\/www.in2sa.cat\/es\/servicios-it\/servicios-backup-cloud\/cloud-backup-veeam\/#breadcrumb\"},\"inLanguage\":\"es\",\"potentialAction\":[{\"@type\":\"ReadAction\",\"target\":[\"https:\/\/www.in2sa.cat\/es\/servicios-it\/servicios-backup-cloud\/cloud-backup-veeam\/\"]}]},{\"@type\":\"BreadcrumbList\",\"@id\":\"https:\/\/www.in2sa.cat\/es\/servicios-it\/servicios-backup-cloud\/cloud-backup-veeam\/#breadcrumb\",\"itemListElement\":[{\"@type\":\"ListItem\",\"position\":1,\"name\":\"Home\",\"item\":\"https:\/\/www.in2sa.cat\/es\/\"},{\"@type\":\"ListItem\",\"position\":2,\"name\":\"Servicios IT\",\"item\":\"https:\/\/www.in2sa.cat\/es\/servicios-it\/\"},{\"@type\":\"ListItem\",\"position\":3,\"name\":\"Servicios backup cloud\",\"item\":\"https:\/\/www.in2sa.cat\/es\/servicios-it\/servicios-backup-cloud\/\"},{\"@type\":\"ListItem\",\"position\":4,\"name\":\"Cloud Backup Veeam\"}]},{\"@type\":\"WebSite\",\"@id\":\"https:\/\/www.in2sa.cat\/es\/#website\",\"url\":\"https:\/\/www.in2sa.cat\/es\/\",\"name\":\"IN2 - Inform\u00e1tica industrial\",\"description\":\"Services for business\",\"publisher\":{\"@id\":\"https:\/\/www.in2sa.cat\/es\/#organization\"},\"potentialAction\":[{\"@type\":\"SearchAction\",\"target\":{\"@type\":\"EntryPoint\",\"urlTemplate\":\"https:\/\/www.in2sa.cat\/es\/?s={search_term_string}\"},\"query-input\":\"required name=search_term_string\"}],\"inLanguage\":\"es\"},{\"@type\":\"Organization\",\"@id\":\"https:\/\/www.in2sa.cat\/es\/#organization\",\"name\":\"IN2 - Inform\u00e1tica industrial\",\"url\":\"https:\/\/www.in2sa.cat\/es\/\",\"logo\":{\"@type\":\"ImageObject\",\"inLanguage\":\"es\",\"@id\":\"https:\/\/www.in2sa.cat\/es\/#\/schema\/logo\/image\/\",\"url\":\"https:\/\/www.in2sa.cat\/wp-content\/uploads\/2019\/02\/logo.png\",\"contentUrl\":\"https:\/\/www.in2sa.cat\/wp-content\/uploads\/2019\/02\/logo.png\",\"width\":287,\"height\":64,\"caption\":\"IN2 - Inform\u00e1tica industrial\"},\"image\":{\"@id\":\"https:\/\/www.in2sa.cat\/es\/#\/schema\/logo\/image\/\"}}]}<\/script>\n<!-- \/ Yoast SEO plugin. -->","yoast_head_json":{"title":"Cloud Backup Veeam - IN2 - Inform\u00e1tica industrial","robots":{"index":"index","follow":"follow","max-snippet":"max-snippet:-1","max-image-preview":"max-image-preview:large","max-video-preview":"max-video-preview:-1"},"canonical":"https:\/\/www.in2sa.cat\/es\/servicios-it\/servicios-backup-cloud\/cloud-backup-veeam\/","og_locale":"es_ES","og_type":"article","og_title":"Cloud Backup Veeam - IN2 - Inform\u00e1tica industrial","og_description":"Podr\u00e1 recuperar m\u00e1quinas virtuales completas, archivos individuales o discos duros de VMs enteros en caso de desastre y hacer copias de seguridad completas y cifradas de todos sus archivos. Opcionalmente puede pedir la protecci\u00f3n anti-hacking. La protecci\u00f3n Anti-Hacking le permite recuperar archivos o copias de sistema destruidas por ataques o eliminadas por error los \u00faltimos [&hellip;]","og_url":"https:\/\/www.in2sa.cat\/es\/servicios-it\/servicios-backup-cloud\/cloud-backup-veeam\/","og_site_name":"IN2 - Inform\u00e1tica industrial","article_modified_time":"2021-04-26T15:01:45+00:00","og_image":[{"url":"https:\/\/www.in2sa.cat\/wp-content\/uploads\/2021\/04\/4-Cloud-Backup-Veeam.png"}],"twitter_card":"summary_large_image","twitter_misc":{"Tiempo de lectura":"1 minuto"},"schema":{"@context":"https:\/\/schema.org","@graph":[{"@type":"WebPage","@id":"https:\/\/www.in2sa.cat\/es\/servicios-it\/servicios-backup-cloud\/cloud-backup-veeam\/","url":"https:\/\/www.in2sa.cat\/es\/servicios-it\/servicios-backup-cloud\/cloud-backup-veeam\/","name":"Cloud Backup Veeam - IN2 - Inform\u00e1tica industrial","isPartOf":{"@id":"https:\/\/www.in2sa.cat\/es\/#website"},"datePublished":"2021-04-26T14:57:21+00:00","dateModified":"2021-04-26T15:01:45+00:00","breadcrumb":{"@id":"https:\/\/www.in2sa.cat\/es\/servicios-it\/servicios-backup-cloud\/cloud-backup-veeam\/#breadcrumb"},"inLanguage":"es","potentialAction":[{"@type":"ReadAction","target":["https:\/\/www.in2sa.cat\/es\/servicios-it\/servicios-backup-cloud\/cloud-backup-veeam\/"]}]},{"@type":"BreadcrumbList","@id":"https:\/\/www.in2sa.cat\/es\/servicios-it\/servicios-backup-cloud\/cloud-backup-veeam\/#breadcrumb","itemListElement":[{"@type":"ListItem","position":1,"name":"Home","item":"https:\/\/www.in2sa.cat\/es\/"},{"@type":"ListItem","position":2,"name":"Servicios IT","item":"https:\/\/www.in2sa.cat\/es\/servicios-it\/"},{"@type":"ListItem","position":3,"name":"Servicios backup cloud","item":"https:\/\/www.in2sa.cat\/es\/servicios-it\/servicios-backup-cloud\/"},{"@type":"ListItem","position":4,"name":"Cloud Backup Veeam"}]},{"@type":"WebSite","@id":"https:\/\/www.in2sa.cat\/es\/#website","url":"https:\/\/www.in2sa.cat\/es\/","name":"IN2 - Inform\u00e1tica industrial","description":"Services for business","publisher":{"@id":"https:\/\/www.in2sa.cat\/es\/#organization"},"potentialAction":[{"@type":"SearchAction","target":{"@type":"EntryPoint","urlTemplate":"https:\/\/www.in2sa.cat\/es\/?s={search_term_string}"},"query-input":"required name=search_term_string"}],"inLanguage":"es"},{"@type":"Organization","@id":"https:\/\/www.in2sa.cat\/es\/#organization","name":"IN2 - Inform\u00e1tica industrial","url":"https:\/\/www.in2sa.cat\/es\/","logo":{"@type":"ImageObject","inLanguage":"es","@id":"https:\/\/www.in2sa.cat\/es\/#\/schema\/logo\/image\/","url":"https:\/\/www.in2sa.cat\/wp-content\/uploads\/2019\/02\/logo.png","contentUrl":"https:\/\/www.in2sa.cat\/wp-content\/uploads\/2019\/02\/logo.png","width":287,"height":64,"caption":"IN2 - Inform\u00e1tica industrial"},"image":{"@id":"https:\/\/www.in2sa.cat\/es\/#\/schema\/logo\/image\/"}}]}},"_links":{"self":[{"href":"https:\/\/www.in2sa.cat\/es\/wp-json\/wp\/v2\/pages\/1179"}],"collection":[{"href":"https:\/\/www.in2sa.cat\/es\/wp-json\/wp\/v2\/pages"}],"about":[{"href":"https:\/\/www.in2sa.cat\/es\/wp-json\/wp\/v2\/types\/page"}],"author":[{"embeddable":true,"href":"https:\/\/www.in2sa.cat\/es\/wp-json\/wp\/v2\/users\/1"}],"replies":[{"embeddable":true,"href":"https:\/\/www.in2sa.cat\/es\/wp-json\/wp\/v2\/comments?post=1179"}],"version-history":[{"count":3,"href":"https:\/\/www.in2sa.cat\/es\/wp-json\/wp\/v2\/pages\/1179\/revisions"}],"predecessor-version":[{"id":1195,"href":"https:\/\/www.in2sa.cat\/es\/wp-json\/wp\/v2\/pages\/1179\/revisions\/1195"}],"up":[{"embeddable":true,"href":"https:\/\/www.in2sa.cat\/es\/wp-json\/wp\/v2\/pages\/1167"}],"wp:attachment":[{"href":"https:\/\/www.in2sa.cat\/es\/wp-json\/wp\/v2\/media?parent=1179"}],"curies":[{"name":"wp","href":"https:\/\/api.w.org\/{rel}","templated":true}]}}