{"id":1178,"date":"2021-04-26T16:57:16","date_gmt":"2021-04-26T14:57:16","guid":{"rendered":"https:\/\/www.in2sa.cat\/?page_id=1178"},"modified":"2021-04-26T17:00:54","modified_gmt":"2021-04-26T15:00:54","slug":"cloud-backup-o365-g-suite","status":"publish","type":"page","link":"https:\/\/www.in2sa.cat\/es\/servicios-it\/servicios-backup-cloud\/cloud-backup-o365-g-suite\/","title":{"rendered":"Cloud Backup O365 &#038; G-Suite"},"content":{"rendered":"\r\n<div class=\"is-layout-flex wp-container-3 wp-block-columns has-2-columns\">\r\n<div class=\"is-layout-flow wp-block-column\">\r\n<p>Tendr\u00e1 acceso, control y protecci\u00f3n de todas sus cuentas de correo Office 365 y recuperar datos borrados gracias al sistema de copia diaria de todos sus datos. <\/p>\r\n\r\n\r\n\r\n<p>Adem\u00e1s le asegura el cumplimiento de los requisitos legales en materia de protecci\u00f3n de datos. <\/p>\r\n<\/div>\r\n\r\n\r\n\r\n<div class=\"is-layout-flow wp-block-column\">\r\n<div class=\"wp-block-image\"><figure class=\"aligncenter is-resized\"><img decoding=\"async\" loading=\"lazy\" src=\"https:\/\/www.in2sa.cat\/wp-content\/uploads\/2021\/04\/3-Cloud-Backup-O365-and-G-Suite.png\" alt=\"Cloud Backup O365 &amp; G-Suite\" class=\"wp-image-954\" width=\"235\" height=\"164\" srcset=\"https:\/\/www.in2sa.cat\/wp-content\/uploads\/2021\/04\/3-Cloud-Backup-O365-and-G-Suite.png 469w, https:\/\/www.in2sa.cat\/wp-content\/uploads\/2021\/04\/3-Cloud-Backup-O365-and-G-Suite-300x210.png 300w\" sizes=\"(max-width: 235px) 100vw, 235px\" \/><\/figure><\/div>\r\n<\/div>\r\n<\/div>\r\n\r\n\r\n\r\n<p>Calculadora O365 &#038; G-Suite Backup<\/p>\r\n<div class=\"uCalc_347729\"><\/div><script> var widgetOptions347729 = { bg_color: \"transparent\" }; (function() { var a = document.createElement(\"script\"), h = \"head\"; a.async = true; a.src = (document.location.protocol == \"https:\" ? \"https:\" : \"http:\") + \"\/\/ucalc.pro\/api\/widget.js?id=347729&t=\"+Math.floor(new Date()\/18e5); document.getElementsByTagName(h)[0].appendChild(a) })();<\/script>\r\n<p>&nbsp;<\/p>\r\n\r\n\r\n\r\n<div class=\"is-layout-flex wp-container-8 wp-block-columns has-4-columns\">\r\n<div class=\"is-layout-flow wp-block-column\">\r\n<div class=\"wp-block-button aligncenter butonscloud\"><a class=\"wp-block-button__link\" href=\"https:\/\/www.in2sa.cat\/es\/servicios-it\/servicios-backup-cloud\/cloud-backup-files\/\">Cloud Backup Files <\/a><\/div>\r\n<\/div>\r\n\r\n\r\n\r\n<div class=\"is-layout-flow wp-block-column\">\r\n<div class=\"wp-block-button aligncenter butonscloud\"><a class=\"wp-block-button__link\" href=\"https:\/\/www.in2sa.cat\/es\/servicios-it\/servicios-backup-cloud\/cloud-backup-files-system\/\">Cloud Backup Files &amp; System<\/a><\/div>\r\n<\/div>\r\n\r\n\r\n\r\n<div class=\"is-layout-flow wp-block-column\">\r\n<div class=\"wp-block-button aligncenter butonscloud\"><a class=\"wp-block-button__link\" href=\"https:\/\/www.in2sa.cat\/es\/servicios-it\/servicios-backup-cloud\/cloud-backup-o365-g-suite\/\">Cloud Backup O365 &amp; G-Suite<\/a><\/div>\r\n<\/div>\r\n\r\n\r\n\r\n<div class=\"is-layout-flow wp-block-column\">\r\n<div class=\"wp-block-button aligncenter butonscloud\"><a class=\"wp-block-button__link\" href=\"https:\/\/www.in2sa.cat\/es\/servicios-it\/servicios-backup-cloud\/cloud-backup-veeam\/\">Cloud Backup Veeam<\/a><\/div>\r\n<\/div>\r\n<\/div>\r\n\r\n\r\n\r\n<div class=\"is-layout-flex wp-container-13 wp-block-columns has-4-columns\">\r\n<div class=\"is-layout-flow wp-block-column\">\r\n<div class=\"wp-block-button aligncenter butonscloud\"><a class=\"wp-block-button__link\" href=\"https:\/\/www.in2sa.cat\/es\/servicios-it\/servicios-backup-cloud\/disaster-recovery-veeam\/\">Disaster Recovery <\/a><\/div>\r\n<\/div>\r\n\r\n\r\n\r\n<div class=\"is-layout-flow wp-block-column\">\r\n<div class=\"wp-block-button aligncenter butonscloud\"><a class=\"wp-block-button__link\" href=\"https:\/\/www.in2sa.cat\/es\/servicios-it\/servicios-backup-cloud\/vps-premium\/\">VPS Premium<\/a><\/div>\r\n<\/div>\r\n\r\n\r\n\r\n<div class=\"is-layout-flow wp-block-column\">\r\n<div class=\"wp-block-button aligncenter butonscloud\"><a class=\"wp-block-button__link\" href=\"https:\/\/www.in2sa.cat\/es\/servicios-it\/servicios-backup-cloud\/vps-standard\/\">VPS Standard<\/a><\/div>\r\n<\/div>\r\n\r\n\r\n\r\n<div class=\"is-layout-flow wp-block-column\">\r\n<div class=\"wp-block-button aligncenter butonscloud\"><a class=\"wp-block-button__link\" href=\"https:\/\/www.in2sa.cat\/es\/servicios-it\/servicios-backup-cloud\/servidor-dedicado\/\">Servidor dedicado<\/a><\/div>\r\n<\/div>\r\n<\/div>\r\n\r\n\r\n\r\n<pre class=\"wp-block-preformatted\">Puede escoger la mejor soluci\u00f3n seg\u00fan sus necesidades y saber el coste real de cada soluci\u00f3n.<br>Si necesita ayuda puede llamarnos al <a rel=\"noreferrer noopener\" href=\"tel:937331919\" target=\"_blank\">93 733 19 19<\/a> y un t\u00e9cnico le ayudar\u00e1 a decidir qu\u00e9 soluci\u00f3n le conviene m\u00e1s. <br><br><\/pre>\r\n\r\n\r\n\n<div class=\"wp-block-button aligncenter is-style-fill\"><a class=\"wp-block-button__link has-vivid-cyan-blue-background-color has-background\" href=\"tel:937331919\">Llamar 93 733 19 19<\/a><\/div>\n","protected":false},"excerpt":{"rendered":"<p>Tendr\u00e1 acceso, control y protecci\u00f3n de todas sus cuentas de correo Office 365 y recuperar datos borrados gracias al sistema de copia diaria de todos sus datos. Adem\u00e1s le asegura el cumplimiento de los requisitos legales en materia de protecci\u00f3n de datos. Calculadora O365 &#038; G-Suite Backup &nbsp;<\/p>\n","protected":false},"author":1,"featured_media":0,"parent":1167,"menu_order":3,"comment_status":"closed","ping_status":"closed","template":"","meta":{"inline_featured_image":false},"yoast_head":"<!-- This site is optimized with the Yoast SEO plugin v20.13 - https:\/\/yoast.com\/wordpress\/plugins\/seo\/ -->\n<title>Cloud Backup O365 &amp; G-Suite - IN2 - Inform\u00e1tica industrial<\/title>\n<meta name=\"robots\" content=\"index, follow, max-snippet:-1, max-image-preview:large, max-video-preview:-1\" \/>\n<link rel=\"canonical\" href=\"https:\/\/www.in2sa.cat\/es\/servicios-it\/servicios-backup-cloud\/cloud-backup-o365-g-suite\/\" \/>\n<meta property=\"og:locale\" content=\"es_ES\" \/>\n<meta property=\"og:type\" content=\"article\" \/>\n<meta property=\"og:title\" content=\"Cloud Backup O365 &amp; G-Suite - IN2 - Inform\u00e1tica industrial\" \/>\n<meta property=\"og:description\" content=\"Tendr\u00e1 acceso, control y protecci\u00f3n de todas sus cuentas de correo Office 365 y recuperar datos borrados gracias al sistema de copia diaria de todos sus datos. Adem\u00e1s le asegura el cumplimiento de los requisitos legales en materia de protecci\u00f3n de datos. Calculadora O365 &#038; G-Suite Backup &nbsp;\" \/>\n<meta property=\"og:url\" content=\"https:\/\/www.in2sa.cat\/es\/servicios-it\/servicios-backup-cloud\/cloud-backup-o365-g-suite\/\" \/>\n<meta property=\"og:site_name\" content=\"IN2 - Inform\u00e1tica industrial\" \/>\n<meta property=\"article:modified_time\" content=\"2021-04-26T15:00:54+00:00\" \/>\n<meta property=\"og:image\" content=\"https:\/\/www.in2sa.cat\/wp-content\/uploads\/2021\/04\/3-Cloud-Backup-O365-and-G-Suite.png\" \/>\n<meta name=\"twitter:card\" content=\"summary_large_image\" \/>\n<script type=\"application\/ld+json\" class=\"yoast-schema-graph\">{\"@context\":\"https:\/\/schema.org\",\"@graph\":[{\"@type\":\"WebPage\",\"@id\":\"https:\/\/www.in2sa.cat\/es\/servicios-it\/servicios-backup-cloud\/cloud-backup-o365-g-suite\/\",\"url\":\"https:\/\/www.in2sa.cat\/es\/servicios-it\/servicios-backup-cloud\/cloud-backup-o365-g-suite\/\",\"name\":\"Cloud Backup O365 & G-Suite - IN2 - Inform\u00e1tica industrial\",\"isPartOf\":{\"@id\":\"https:\/\/www.in2sa.cat\/es\/#website\"},\"datePublished\":\"2021-04-26T14:57:16+00:00\",\"dateModified\":\"2021-04-26T15:00:54+00:00\",\"breadcrumb\":{\"@id\":\"https:\/\/www.in2sa.cat\/es\/servicios-it\/servicios-backup-cloud\/cloud-backup-o365-g-suite\/#breadcrumb\"},\"inLanguage\":\"es\",\"potentialAction\":[{\"@type\":\"ReadAction\",\"target\":[\"https:\/\/www.in2sa.cat\/es\/servicios-it\/servicios-backup-cloud\/cloud-backup-o365-g-suite\/\"]}]},{\"@type\":\"BreadcrumbList\",\"@id\":\"https:\/\/www.in2sa.cat\/es\/servicios-it\/servicios-backup-cloud\/cloud-backup-o365-g-suite\/#breadcrumb\",\"itemListElement\":[{\"@type\":\"ListItem\",\"position\":1,\"name\":\"Home\",\"item\":\"https:\/\/www.in2sa.cat\/es\/\"},{\"@type\":\"ListItem\",\"position\":2,\"name\":\"Servicios IT\",\"item\":\"https:\/\/www.in2sa.cat\/es\/servicios-it\/\"},{\"@type\":\"ListItem\",\"position\":3,\"name\":\"Servicios backup cloud\",\"item\":\"https:\/\/www.in2sa.cat\/es\/servicios-it\/servicios-backup-cloud\/\"},{\"@type\":\"ListItem\",\"position\":4,\"name\":\"Cloud Backup O365 &#038; G-Suite\"}]},{\"@type\":\"WebSite\",\"@id\":\"https:\/\/www.in2sa.cat\/es\/#website\",\"url\":\"https:\/\/www.in2sa.cat\/es\/\",\"name\":\"IN2 - Inform\u00e1tica industrial\",\"description\":\"Services for business\",\"publisher\":{\"@id\":\"https:\/\/www.in2sa.cat\/es\/#organization\"},\"potentialAction\":[{\"@type\":\"SearchAction\",\"target\":{\"@type\":\"EntryPoint\",\"urlTemplate\":\"https:\/\/www.in2sa.cat\/es\/?s={search_term_string}\"},\"query-input\":\"required name=search_term_string\"}],\"inLanguage\":\"es\"},{\"@type\":\"Organization\",\"@id\":\"https:\/\/www.in2sa.cat\/es\/#organization\",\"name\":\"IN2 - Inform\u00e1tica industrial\",\"url\":\"https:\/\/www.in2sa.cat\/es\/\",\"logo\":{\"@type\":\"ImageObject\",\"inLanguage\":\"es\",\"@id\":\"https:\/\/www.in2sa.cat\/es\/#\/schema\/logo\/image\/\",\"url\":\"https:\/\/www.in2sa.cat\/wp-content\/uploads\/2019\/02\/logo.png\",\"contentUrl\":\"https:\/\/www.in2sa.cat\/wp-content\/uploads\/2019\/02\/logo.png\",\"width\":287,\"height\":64,\"caption\":\"IN2 - Inform\u00e1tica industrial\"},\"image\":{\"@id\":\"https:\/\/www.in2sa.cat\/es\/#\/schema\/logo\/image\/\"}}]}<\/script>\n<!-- \/ Yoast SEO plugin. -->","yoast_head_json":{"title":"Cloud Backup O365 & G-Suite - IN2 - Inform\u00e1tica industrial","robots":{"index":"index","follow":"follow","max-snippet":"max-snippet:-1","max-image-preview":"max-image-preview:large","max-video-preview":"max-video-preview:-1"},"canonical":"https:\/\/www.in2sa.cat\/es\/servicios-it\/servicios-backup-cloud\/cloud-backup-o365-g-suite\/","og_locale":"es_ES","og_type":"article","og_title":"Cloud Backup O365 & G-Suite - IN2 - Inform\u00e1tica industrial","og_description":"Tendr\u00e1 acceso, control y protecci\u00f3n de todas sus cuentas de correo Office 365 y recuperar datos borrados gracias al sistema de copia diaria de todos sus datos. Adem\u00e1s le asegura el cumplimiento de los requisitos legales en materia de protecci\u00f3n de datos. Calculadora O365 &#038; G-Suite Backup &nbsp;","og_url":"https:\/\/www.in2sa.cat\/es\/servicios-it\/servicios-backup-cloud\/cloud-backup-o365-g-suite\/","og_site_name":"IN2 - Inform\u00e1tica industrial","article_modified_time":"2021-04-26T15:00:54+00:00","og_image":[{"url":"https:\/\/www.in2sa.cat\/wp-content\/uploads\/2021\/04\/3-Cloud-Backup-O365-and-G-Suite.png"}],"twitter_card":"summary_large_image","schema":{"@context":"https:\/\/schema.org","@graph":[{"@type":"WebPage","@id":"https:\/\/www.in2sa.cat\/es\/servicios-it\/servicios-backup-cloud\/cloud-backup-o365-g-suite\/","url":"https:\/\/www.in2sa.cat\/es\/servicios-it\/servicios-backup-cloud\/cloud-backup-o365-g-suite\/","name":"Cloud Backup O365 & G-Suite - IN2 - Inform\u00e1tica industrial","isPartOf":{"@id":"https:\/\/www.in2sa.cat\/es\/#website"},"datePublished":"2021-04-26T14:57:16+00:00","dateModified":"2021-04-26T15:00:54+00:00","breadcrumb":{"@id":"https:\/\/www.in2sa.cat\/es\/servicios-it\/servicios-backup-cloud\/cloud-backup-o365-g-suite\/#breadcrumb"},"inLanguage":"es","potentialAction":[{"@type":"ReadAction","target":["https:\/\/www.in2sa.cat\/es\/servicios-it\/servicios-backup-cloud\/cloud-backup-o365-g-suite\/"]}]},{"@type":"BreadcrumbList","@id":"https:\/\/www.in2sa.cat\/es\/servicios-it\/servicios-backup-cloud\/cloud-backup-o365-g-suite\/#breadcrumb","itemListElement":[{"@type":"ListItem","position":1,"name":"Home","item":"https:\/\/www.in2sa.cat\/es\/"},{"@type":"ListItem","position":2,"name":"Servicios IT","item":"https:\/\/www.in2sa.cat\/es\/servicios-it\/"},{"@type":"ListItem","position":3,"name":"Servicios backup cloud","item":"https:\/\/www.in2sa.cat\/es\/servicios-it\/servicios-backup-cloud\/"},{"@type":"ListItem","position":4,"name":"Cloud Backup O365 &#038; G-Suite"}]},{"@type":"WebSite","@id":"https:\/\/www.in2sa.cat\/es\/#website","url":"https:\/\/www.in2sa.cat\/es\/","name":"IN2 - Inform\u00e1tica industrial","description":"Services for business","publisher":{"@id":"https:\/\/www.in2sa.cat\/es\/#organization"},"potentialAction":[{"@type":"SearchAction","target":{"@type":"EntryPoint","urlTemplate":"https:\/\/www.in2sa.cat\/es\/?s={search_term_string}"},"query-input":"required name=search_term_string"}],"inLanguage":"es"},{"@type":"Organization","@id":"https:\/\/www.in2sa.cat\/es\/#organization","name":"IN2 - Inform\u00e1tica industrial","url":"https:\/\/www.in2sa.cat\/es\/","logo":{"@type":"ImageObject","inLanguage":"es","@id":"https:\/\/www.in2sa.cat\/es\/#\/schema\/logo\/image\/","url":"https:\/\/www.in2sa.cat\/wp-content\/uploads\/2019\/02\/logo.png","contentUrl":"https:\/\/www.in2sa.cat\/wp-content\/uploads\/2019\/02\/logo.png","width":287,"height":64,"caption":"IN2 - Inform\u00e1tica industrial"},"image":{"@id":"https:\/\/www.in2sa.cat\/es\/#\/schema\/logo\/image\/"}}]}},"_links":{"self":[{"href":"https:\/\/www.in2sa.cat\/es\/wp-json\/wp\/v2\/pages\/1178"}],"collection":[{"href":"https:\/\/www.in2sa.cat\/es\/wp-json\/wp\/v2\/pages"}],"about":[{"href":"https:\/\/www.in2sa.cat\/es\/wp-json\/wp\/v2\/types\/page"}],"author":[{"embeddable":true,"href":"https:\/\/www.in2sa.cat\/es\/wp-json\/wp\/v2\/users\/1"}],"replies":[{"embeddable":true,"href":"https:\/\/www.in2sa.cat\/es\/wp-json\/wp\/v2\/comments?post=1178"}],"version-history":[{"count":2,"href":"https:\/\/www.in2sa.cat\/es\/wp-json\/wp\/v2\/pages\/1178\/revisions"}],"predecessor-version":[{"id":1193,"href":"https:\/\/www.in2sa.cat\/es\/wp-json\/wp\/v2\/pages\/1178\/revisions\/1193"}],"up":[{"embeddable":true,"href":"https:\/\/www.in2sa.cat\/es\/wp-json\/wp\/v2\/pages\/1167"}],"wp:attachment":[{"href":"https:\/\/www.in2sa.cat\/es\/wp-json\/wp\/v2\/media?parent=1178"}],"curies":[{"name":"wp","href":"https:\/\/api.w.org\/{rel}","templated":true}]}}