{"id":117,"date":"2019-02-11T12:51:15","date_gmt":"2019-02-11T10:51:15","guid":{"rendered":"https:\/\/www.in2sa.cat\/?page_id=117"},"modified":"2019-05-30T11:23:42","modified_gmt":"2019-05-30T09:23:42","slug":"equipamiento-para-salas-de-videoconferencia","status":"publish","type":"page","link":"https:\/\/www.in2sa.cat\/es\/servicios-it\/equipamiento-para-salas-de-videoconferencia\/","title":{"rendered":"Salas de Videoconferencia"},"content":{"rendered":"<p>La Videoconferencia es un sistema interactivo que permite a varios usuarios mantener una conversaci\u00f3n virtual por medio de la transmisi\u00f3n en tiempo real de v\u00eddeo, sonido y texto a trav\u00e9s de Internet. Estos sistemas est\u00e1n especialmente dise\u00f1ados para llevar a cabo sesiones de capacitaci\u00f3n, reuniones de trabajo, demostraciones de productos, entrenamiento, soporte, atenci\u00f3n a clientes, marketing de productos, etc. En IN2 le ofrecemos sistemas de audio y v\u00eddeo para conectar salas de reuniones o de eventos con plataforma de VC como Skype for Business, Zoom, Vidyo, etc. mediante sistemas compactos a precios competitivos y con las mejores marcas: Creston, Biamp, Bose, Shure, &#8230; Inform\u00e1tica Industrial le ofrece un estudio personalizado de las necesidades por parte de t\u00e9cnicos cualificados.<\/p>\r\n\r\n<div class=\"wp-block-button aligncenter is-style-default\"><a class=\"wp-block-button__link has-background botopdf\" href=\"https:\/\/www.in2sa.cat\/wp-content\/uploads\/2019\/03\/Salas-de-videoconferencia-IN2.pdf\" target=\"_blank\" rel=\"noopener\"><i class=\"far fa-file-pdf botopdffa\"><\/i>Descargar pdf informativo<\/a><\/div>\r\n\r\n\r\n\r\n<div class=\"is-layout-flex wp-container-3 wp-block-columns has-2-columns\">\r\n<div class=\"is-layout-flow wp-block-column\">\r\n<p>Propuestas a medida para salas tipo, desde 2 usuario hasta m\u00e1s de 10 usuarios.<\/p>\r\n<\/div>\r\n\r\n\r\n\r\n<div class=\"is-layout-flow wp-block-column\">\r\n<figure class=\"wp-block-image\"><img decoding=\"async\" loading=\"lazy\" class=\"alignnone size-full wp-image-274\" src=\"https:\/\/www.in2sa.cat\/wp-content\/uploads\/2019\/02\/salas-de-videoconferencias-3-.png\" alt=\"salas de videoconferencias 1\" width=\"350\" height=\"350\" \/><\/figure>\r\n<\/div>\r\n<\/div>\r\n\r\n<p>&nbsp;<\/p>","protected":false},"excerpt":{"rendered":"<p>La Videoconferencia es un sistema interactivo que permite a varios usuarios mantener una conversaci\u00f3n virtual por medio de la transmisi\u00f3n en tiempo real de v\u00eddeo, sonido y texto a trav\u00e9s de Internet. Estos sistemas est\u00e1n especialmente dise\u00f1ados para llevar a cabo sesiones de capacitaci\u00f3n, reuniones de trabajo, demostraciones de productos, entrenamiento, soporte, atenci\u00f3n a clientes, [&hellip;]<\/p>\n","protected":false},"author":1,"featured_media":0,"parent":129,"menu_order":9,"comment_status":"closed","ping_status":"closed","template":"","meta":{"inline_featured_image":false},"yoast_head":"<!-- This site is optimized with the Yoast SEO plugin v20.13 - https:\/\/yoast.com\/wordpress\/plugins\/seo\/ -->\n<title>Salas de Videoconferencia - IN2 - Inform\u00e1tica industrial<\/title>\n<meta name=\"robots\" content=\"index, follow, max-snippet:-1, max-image-preview:large, max-video-preview:-1\" \/>\n<link rel=\"canonical\" href=\"https:\/\/www.in2sa.cat\/es\/servicios-it\/equipamiento-para-salas-de-videoconferencia\/\" \/>\n<meta property=\"og:locale\" content=\"es_ES\" \/>\n<meta property=\"og:type\" content=\"article\" \/>\n<meta property=\"og:title\" content=\"Salas de Videoconferencia - IN2 - Inform\u00e1tica industrial\" \/>\n<meta property=\"og:description\" content=\"La Videoconferencia es un sistema interactivo que permite a varios usuarios mantener una conversaci\u00f3n virtual por medio de la transmisi\u00f3n en tiempo real de v\u00eddeo, sonido y texto a trav\u00e9s de Internet. Estos sistemas est\u00e1n especialmente dise\u00f1ados para llevar a cabo sesiones de capacitaci\u00f3n, reuniones de trabajo, demostraciones de productos, entrenamiento, soporte, atenci\u00f3n a clientes, [&hellip;]\" \/>\n<meta property=\"og:url\" content=\"https:\/\/www.in2sa.cat\/es\/servicios-it\/equipamiento-para-salas-de-videoconferencia\/\" \/>\n<meta property=\"og:site_name\" content=\"IN2 - Inform\u00e1tica industrial\" \/>\n<meta property=\"article:modified_time\" content=\"2019-05-30T09:23:42+00:00\" \/>\n<meta property=\"og:image\" content=\"https:\/\/www.in2sa.cat\/wp-content\/uploads\/2019\/02\/salas-de-videoconferencias-3-.png\" \/>\n<meta name=\"twitter:card\" content=\"summary_large_image\" \/>\n<meta name=\"twitter:label1\" content=\"Tiempo de lectura\" \/>\n\t<meta name=\"twitter:data1\" content=\"1 minuto\" \/>\n<script type=\"application\/ld+json\" class=\"yoast-schema-graph\">{\"@context\":\"https:\/\/schema.org\",\"@graph\":[{\"@type\":\"WebPage\",\"@id\":\"https:\/\/www.in2sa.cat\/es\/servicios-it\/equipamiento-para-salas-de-videoconferencia\/\",\"url\":\"https:\/\/www.in2sa.cat\/es\/servicios-it\/equipamiento-para-salas-de-videoconferencia\/\",\"name\":\"Salas de Videoconferencia - IN2 - Inform\u00e1tica industrial\",\"isPartOf\":{\"@id\":\"https:\/\/www.in2sa.cat\/es\/#website\"},\"datePublished\":\"2019-02-11T10:51:15+00:00\",\"dateModified\":\"2019-05-30T09:23:42+00:00\",\"breadcrumb\":{\"@id\":\"https:\/\/www.in2sa.cat\/es\/servicios-it\/equipamiento-para-salas-de-videoconferencia\/#breadcrumb\"},\"inLanguage\":\"es\",\"potentialAction\":[{\"@type\":\"ReadAction\",\"target\":[\"https:\/\/www.in2sa.cat\/es\/servicios-it\/equipamiento-para-salas-de-videoconferencia\/\"]}]},{\"@type\":\"BreadcrumbList\",\"@id\":\"https:\/\/www.in2sa.cat\/es\/servicios-it\/equipamiento-para-salas-de-videoconferencia\/#breadcrumb\",\"itemListElement\":[{\"@type\":\"ListItem\",\"position\":1,\"name\":\"Home\",\"item\":\"https:\/\/www.in2sa.cat\/es\/\"},{\"@type\":\"ListItem\",\"position\":2,\"name\":\"Servicios IT\",\"item\":\"https:\/\/www.in2sa.cat\/es\/servicios-it\/\"},{\"@type\":\"ListItem\",\"position\":3,\"name\":\"Salas de Videoconferencia\"}]},{\"@type\":\"WebSite\",\"@id\":\"https:\/\/www.in2sa.cat\/es\/#website\",\"url\":\"https:\/\/www.in2sa.cat\/es\/\",\"name\":\"IN2 - Inform\u00e1tica industrial\",\"description\":\"Services for business\",\"publisher\":{\"@id\":\"https:\/\/www.in2sa.cat\/es\/#organization\"},\"potentialAction\":[{\"@type\":\"SearchAction\",\"target\":{\"@type\":\"EntryPoint\",\"urlTemplate\":\"https:\/\/www.in2sa.cat\/es\/?s={search_term_string}\"},\"query-input\":\"required name=search_term_string\"}],\"inLanguage\":\"es\"},{\"@type\":\"Organization\",\"@id\":\"https:\/\/www.in2sa.cat\/es\/#organization\",\"name\":\"IN2 - Inform\u00e1tica industrial\",\"url\":\"https:\/\/www.in2sa.cat\/es\/\",\"logo\":{\"@type\":\"ImageObject\",\"inLanguage\":\"es\",\"@id\":\"https:\/\/www.in2sa.cat\/es\/#\/schema\/logo\/image\/\",\"url\":\"https:\/\/www.in2sa.cat\/wp-content\/uploads\/2019\/02\/logo.png\",\"contentUrl\":\"https:\/\/www.in2sa.cat\/wp-content\/uploads\/2019\/02\/logo.png\",\"width\":287,\"height\":64,\"caption\":\"IN2 - Inform\u00e1tica industrial\"},\"image\":{\"@id\":\"https:\/\/www.in2sa.cat\/es\/#\/schema\/logo\/image\/\"}}]}<\/script>\n<!-- \/ Yoast SEO plugin. -->","yoast_head_json":{"title":"Salas de Videoconferencia - IN2 - Inform\u00e1tica industrial","robots":{"index":"index","follow":"follow","max-snippet":"max-snippet:-1","max-image-preview":"max-image-preview:large","max-video-preview":"max-video-preview:-1"},"canonical":"https:\/\/www.in2sa.cat\/es\/servicios-it\/equipamiento-para-salas-de-videoconferencia\/","og_locale":"es_ES","og_type":"article","og_title":"Salas de Videoconferencia - IN2 - Inform\u00e1tica industrial","og_description":"La Videoconferencia es un sistema interactivo que permite a varios usuarios mantener una conversaci\u00f3n virtual por medio de la transmisi\u00f3n en tiempo real de v\u00eddeo, sonido y texto a trav\u00e9s de Internet. Estos sistemas est\u00e1n especialmente dise\u00f1ados para llevar a cabo sesiones de capacitaci\u00f3n, reuniones de trabajo, demostraciones de productos, entrenamiento, soporte, atenci\u00f3n a clientes, [&hellip;]","og_url":"https:\/\/www.in2sa.cat\/es\/servicios-it\/equipamiento-para-salas-de-videoconferencia\/","og_site_name":"IN2 - Inform\u00e1tica industrial","article_modified_time":"2019-05-30T09:23:42+00:00","og_image":[{"url":"https:\/\/www.in2sa.cat\/wp-content\/uploads\/2019\/02\/salas-de-videoconferencias-3-.png"}],"twitter_card":"summary_large_image","twitter_misc":{"Tiempo de lectura":"1 minuto"},"schema":{"@context":"https:\/\/schema.org","@graph":[{"@type":"WebPage","@id":"https:\/\/www.in2sa.cat\/es\/servicios-it\/equipamiento-para-salas-de-videoconferencia\/","url":"https:\/\/www.in2sa.cat\/es\/servicios-it\/equipamiento-para-salas-de-videoconferencia\/","name":"Salas de Videoconferencia - IN2 - Inform\u00e1tica industrial","isPartOf":{"@id":"https:\/\/www.in2sa.cat\/es\/#website"},"datePublished":"2019-02-11T10:51:15+00:00","dateModified":"2019-05-30T09:23:42+00:00","breadcrumb":{"@id":"https:\/\/www.in2sa.cat\/es\/servicios-it\/equipamiento-para-salas-de-videoconferencia\/#breadcrumb"},"inLanguage":"es","potentialAction":[{"@type":"ReadAction","target":["https:\/\/www.in2sa.cat\/es\/servicios-it\/equipamiento-para-salas-de-videoconferencia\/"]}]},{"@type":"BreadcrumbList","@id":"https:\/\/www.in2sa.cat\/es\/servicios-it\/equipamiento-para-salas-de-videoconferencia\/#breadcrumb","itemListElement":[{"@type":"ListItem","position":1,"name":"Home","item":"https:\/\/www.in2sa.cat\/es\/"},{"@type":"ListItem","position":2,"name":"Servicios IT","item":"https:\/\/www.in2sa.cat\/es\/servicios-it\/"},{"@type":"ListItem","position":3,"name":"Salas de Videoconferencia"}]},{"@type":"WebSite","@id":"https:\/\/www.in2sa.cat\/es\/#website","url":"https:\/\/www.in2sa.cat\/es\/","name":"IN2 - Inform\u00e1tica industrial","description":"Services for business","publisher":{"@id":"https:\/\/www.in2sa.cat\/es\/#organization"},"potentialAction":[{"@type":"SearchAction","target":{"@type":"EntryPoint","urlTemplate":"https:\/\/www.in2sa.cat\/es\/?s={search_term_string}"},"query-input":"required name=search_term_string"}],"inLanguage":"es"},{"@type":"Organization","@id":"https:\/\/www.in2sa.cat\/es\/#organization","name":"IN2 - Inform\u00e1tica industrial","url":"https:\/\/www.in2sa.cat\/es\/","logo":{"@type":"ImageObject","inLanguage":"es","@id":"https:\/\/www.in2sa.cat\/es\/#\/schema\/logo\/image\/","url":"https:\/\/www.in2sa.cat\/wp-content\/uploads\/2019\/02\/logo.png","contentUrl":"https:\/\/www.in2sa.cat\/wp-content\/uploads\/2019\/02\/logo.png","width":287,"height":64,"caption":"IN2 - Inform\u00e1tica industrial"},"image":{"@id":"https:\/\/www.in2sa.cat\/es\/#\/schema\/logo\/image\/"}}]}},"_links":{"self":[{"href":"https:\/\/www.in2sa.cat\/es\/wp-json\/wp\/v2\/pages\/117"}],"collection":[{"href":"https:\/\/www.in2sa.cat\/es\/wp-json\/wp\/v2\/pages"}],"about":[{"href":"https:\/\/www.in2sa.cat\/es\/wp-json\/wp\/v2\/types\/page"}],"author":[{"embeddable":true,"href":"https:\/\/www.in2sa.cat\/es\/wp-json\/wp\/v2\/users\/1"}],"replies":[{"embeddable":true,"href":"https:\/\/www.in2sa.cat\/es\/wp-json\/wp\/v2\/comments?post=117"}],"version-history":[{"count":22,"href":"https:\/\/www.in2sa.cat\/es\/wp-json\/wp\/v2\/pages\/117\/revisions"}],"predecessor-version":[{"id":718,"href":"https:\/\/www.in2sa.cat\/es\/wp-json\/wp\/v2\/pages\/117\/revisions\/718"}],"up":[{"embeddable":true,"href":"https:\/\/www.in2sa.cat\/es\/wp-json\/wp\/v2\/pages\/129"}],"wp:attachment":[{"href":"https:\/\/www.in2sa.cat\/es\/wp-json\/wp\/v2\/media?parent=117"}],"curies":[{"name":"wp","href":"https:\/\/api.w.org\/{rel}","templated":true}]}}