{"id":114,"date":"2019-02-11T12:33:28","date_gmt":"2019-02-11T10:33:28","guid":{"rendered":"https:\/\/www.in2sa.cat\/?page_id=114"},"modified":"2019-02-21T20:18:03","modified_gmt":"2019-02-21T18:18:03","slug":"gestion-e-impresion-precio-x-copia","status":"publish","type":"page","link":"https:\/\/www.in2sa.cat\/es\/servicios-it\/gestion-e-impresion-precio-x-copia\/","title":{"rendered":"Gesti\u00f3n e Impresi\u00f3n Precio X Copia"},"content":{"rendered":"<h2>Modalidad de Gesti\u00f3n A<\/h2>\r\n\r\n<div class=\"is-layout-flex wp-container-3 wp-block-columns has-2-columns\">\r\n<div class=\"is-layout-flow wp-block-column\">\r\n<p>En IN2 le ofrecemos auditorias de equipos de impresi\u00f3n, estudio de las cargas de Trabajo, planimetr\u00edas, distribuci\u00f3n de las funciones de impresi\u00f3n, escaneado, copia, uso del color, formatos de papel, A3, etc.<\/p>\r\n\r\n\r\n\r\n<p>En Inform\u00e1tica Industrial le aconsejamos siempre la mejor opci\u00f3n bas\u00e1ndonos en el cat\u00e1logo del l\u00edder mundial en impresi\u00f3n, HP.<\/p>\r\n<\/div>\r\n\r\n\r\n\r\n<div class=\"is-layout-flow wp-block-column\">\r\n\r\n<figure class=\"wp-block-image\"><img decoding=\"async\" loading=\"lazy\" class=\"alignnone size-full wp-image-283\" src=\"https:\/\/www.in2sa.cat\/wp-content\/uploads\/2019\/02\/impresion-2.png\" alt=\"\" width=\"350\" height=\"350\" srcset=\"https:\/\/www.in2sa.cat\/wp-content\/uploads\/2019\/02\/impresion-2.png 350w, https:\/\/www.in2sa.cat\/wp-content\/uploads\/2019\/02\/impresion-2-150x150.png 150w, https:\/\/www.in2sa.cat\/wp-content\/uploads\/2019\/02\/impresion-2-300x300.png 300w\" sizes=\"(max-width: 350px) 100vw, 350px\" \/><\/figure>\r\n<\/div>\r\n<\/div>\r\n\r\n<h2>Modalidad de Gesti\u00f3n B<\/h2>\r\n\r\n<div class=\"is-layout-flex wp-container-6 wp-block-columns has-2-columns\">\r\n<div class=\"is-layout-flow wp-block-column\">\r\n\r\n<figure class=\"wp-block-image\"><img decoding=\"async\" loading=\"lazy\" class=\"alignnone size-full wp-image-285\" src=\"https:\/\/www.in2sa.cat\/wp-content\/uploads\/2019\/02\/impresion-4.png\" alt=\"\" width=\"350\" height=\"350\" srcset=\"https:\/\/www.in2sa.cat\/wp-content\/uploads\/2019\/02\/impresion-4.png 350w, https:\/\/www.in2sa.cat\/wp-content\/uploads\/2019\/02\/impresion-4-150x150.png 150w, https:\/\/www.in2sa.cat\/wp-content\/uploads\/2019\/02\/impresion-4-300x300.png 300w\" sizes=\"(max-width: 350px) 100vw, 350px\" \/><\/figure>\r\n<\/div>\r\n\r\n\r\n\r\n<div class=\"is-layout-flow wp-block-column\">\r\n<p>Le ofrecemos consultor\u00edas sobre Seguridad en la impresi\u00f3n, bas\u00e1ndonos en las utilidades que llevan las propias m\u00e1quinas o mediante herramientas externas.<\/p>\r\n\r\n\r\n\r\n<p>En IN2 le ayudaremos a establecer restricciones de acceso o de uso de las funcionalidades que desee.<\/p>\r\n\r\n\r\n\r\n<p>Este servicio de Inform\u00e1tica Industrial le permitir\u00e1 seguir la contabilidad de los trabajos realizados ya sea por usuario, departamento, c\u00f3digo de seguridad o por medio de identificaci\u00f3n.<\/p>\r\n<\/div>\r\n<\/div>\r\n\r\n<h2>Modalidad impresi\u00f3n precio x copia 1 (En propiedad)<\/h2>\r\n\r\n<div class=\"is-layout-flex wp-container-9 wp-block-columns has-2-columns\">\r\n<div class=\"is-layout-flow wp-block-column\">\r\n<p>En IN2 le ofrecemos la adquisici\u00f3n de los equipos en propiedad y la explotaci\u00f3n de los mismos en la modalidad de coste x copia.<\/p>\r\n\r\n\r\n\r\n<p>Pagar\u00e1 solo la tinta utilizada en la modalidad de coste x copia, con los mantenimientos, reparaciones, piezas y desplazamientos incluidos en este precio durante 5 a\u00f1os.<\/p>\r\n\r\n\r\n\r\n<p>Esto le supone un ahorro de hasta un 30% en el consumible original y la maximizaci\u00f3n en los tiempos de funcionamiento de los equipos.<\/p>\r\n<\/div>\r\n\r\n\r\n\r\n<div class=\"is-layout-flow wp-block-column\">\r\n\r\n<figure class=\"wp-block-image\"><img decoding=\"async\" loading=\"lazy\" class=\"alignnone size-full wp-image-288\" src=\"https:\/\/www.in2sa.cat\/wp-content\/uploads\/2019\/02\/impresion-3.png\" alt=\"\" width=\"350\" height=\"350\" srcset=\"https:\/\/www.in2sa.cat\/wp-content\/uploads\/2019\/02\/impresion-3.png 350w, https:\/\/www.in2sa.cat\/wp-content\/uploads\/2019\/02\/impresion-3-150x150.png 150w, https:\/\/www.in2sa.cat\/wp-content\/uploads\/2019\/02\/impresion-3-300x300.png 300w\" sizes=\"(max-width: 350px) 100vw, 350px\" \/><\/figure>\r\n<\/div>\r\n<\/div>\r\n\r\n<h2>Modalidad impresi\u00f3n precio x copia 2 (Renting)<\/h2>\r\n\r\n<div class=\"is-layout-flex wp-container-12 wp-block-columns has-2-columns\">\r\n<div class=\"is-layout-flow wp-block-column\">\r\n\r\n<figure class=\"wp-block-image\"><img decoding=\"async\" loading=\"lazy\" class=\"alignnone size-full wp-image-290\" src=\"https:\/\/www.in2sa.cat\/wp-content\/uploads\/2019\/02\/impresion-1-.png\" alt=\"\" width=\"350\" height=\"350\" srcset=\"https:\/\/www.in2sa.cat\/wp-content\/uploads\/2019\/02\/impresion-1-.png 350w, https:\/\/www.in2sa.cat\/wp-content\/uploads\/2019\/02\/impresion-1--150x150.png 150w, https:\/\/www.in2sa.cat\/wp-content\/uploads\/2019\/02\/impresion-1--300x300.png 300w\" sizes=\"(max-width: 350px) 100vw, 350px\" \/><\/figure>\r\n<\/div>\r\n\r\n\r\n\r\n<div class=\"is-layout-flow wp-block-column\">\r\n<p>En IN2 le ofrecemos la adquisici\u00f3n de los equipos en alquiler o renting y explotaci\u00f3n de los mismos en la modalidad de coste x copia.<\/p>\r\n\r\n\r\n\r\n<p>Pagar\u00e1 solo la tinta utilizada en la modalidad de coste x copia, con los mantenimientos, reparaciones, piezas y desplazamientos incluidos en este precio durante 5 a\u00f1os.<\/p>\r\n\r\n\r\n\r\n<p>Esto le supone un ahorro de hasta un 30% en el consumible original y la maximizaci\u00f3n en los tiempos de funcionamiento de los equipos.<\/p>\r\n<\/div>\r\n<\/div>\r\n\r\n<p>&nbsp;<\/p>","protected":false},"excerpt":{"rendered":"<p>Modalidad de Gesti\u00f3n A En IN2 le ofrecemos auditorias de equipos de impresi\u00f3n, estudio de las cargas de Trabajo, planimetr\u00edas, distribuci\u00f3n de las funciones de impresi\u00f3n, escaneado, copia, uso del color, formatos de papel, A3, etc. En Inform\u00e1tica Industrial le aconsejamos siempre la mejor opci\u00f3n bas\u00e1ndonos en el cat\u00e1logo del l\u00edder mundial en impresi\u00f3n, HP. [&hellip;]<\/p>\n","protected":false},"author":1,"featured_media":0,"parent":129,"menu_order":10,"comment_status":"closed","ping_status":"closed","template":"","meta":{"inline_featured_image":false},"yoast_head":"<!-- This site is optimized with the Yoast SEO plugin v20.13 - https:\/\/yoast.com\/wordpress\/plugins\/seo\/ -->\n<title>Gesti\u00f3n e Impresi\u00f3n Precio X Copia - IN2 - Inform\u00e1tica industrial<\/title>\n<meta name=\"robots\" content=\"index, follow, max-snippet:-1, max-image-preview:large, max-video-preview:-1\" \/>\n<link rel=\"canonical\" href=\"https:\/\/www.in2sa.cat\/es\/servicios-it\/gestion-e-impresion-precio-x-copia\/\" \/>\n<meta property=\"og:locale\" content=\"es_ES\" \/>\n<meta property=\"og:type\" content=\"article\" \/>\n<meta property=\"og:title\" content=\"Gesti\u00f3n e Impresi\u00f3n Precio X Copia - IN2 - Inform\u00e1tica industrial\" \/>\n<meta property=\"og:description\" content=\"Modalidad de Gesti\u00f3n A En IN2 le ofrecemos auditorias de equipos de impresi\u00f3n, estudio de las cargas de Trabajo, planimetr\u00edas, distribuci\u00f3n de las funciones de impresi\u00f3n, escaneado, copia, uso del color, formatos de papel, A3, etc. En Inform\u00e1tica Industrial le aconsejamos siempre la mejor opci\u00f3n bas\u00e1ndonos en el cat\u00e1logo del l\u00edder mundial en impresi\u00f3n, HP. [&hellip;]\" \/>\n<meta property=\"og:url\" content=\"https:\/\/www.in2sa.cat\/es\/servicios-it\/gestion-e-impresion-precio-x-copia\/\" \/>\n<meta property=\"og:site_name\" content=\"IN2 - Inform\u00e1tica industrial\" \/>\n<meta property=\"article:modified_time\" content=\"2019-02-21T18:18:03+00:00\" \/>\n<meta property=\"og:image\" content=\"https:\/\/www.in2sa.cat\/wp-content\/uploads\/2019\/02\/impresion-2.png\" \/>\n<meta name=\"twitter:card\" content=\"summary_large_image\" \/>\n<meta name=\"twitter:label1\" content=\"Tiempo de lectura\" \/>\n\t<meta name=\"twitter:data1\" content=\"2 minutos\" \/>\n<script type=\"application\/ld+json\" class=\"yoast-schema-graph\">{\"@context\":\"https:\/\/schema.org\",\"@graph\":[{\"@type\":\"WebPage\",\"@id\":\"https:\/\/www.in2sa.cat\/es\/servicios-it\/gestion-e-impresion-precio-x-copia\/\",\"url\":\"https:\/\/www.in2sa.cat\/es\/servicios-it\/gestion-e-impresion-precio-x-copia\/\",\"name\":\"Gesti\u00f3n e Impresi\u00f3n Precio X Copia - IN2 - Inform\u00e1tica industrial\",\"isPartOf\":{\"@id\":\"https:\/\/www.in2sa.cat\/es\/#website\"},\"datePublished\":\"2019-02-11T10:33:28+00:00\",\"dateModified\":\"2019-02-21T18:18:03+00:00\",\"breadcrumb\":{\"@id\":\"https:\/\/www.in2sa.cat\/es\/servicios-it\/gestion-e-impresion-precio-x-copia\/#breadcrumb\"},\"inLanguage\":\"es\",\"potentialAction\":[{\"@type\":\"ReadAction\",\"target\":[\"https:\/\/www.in2sa.cat\/es\/servicios-it\/gestion-e-impresion-precio-x-copia\/\"]}]},{\"@type\":\"BreadcrumbList\",\"@id\":\"https:\/\/www.in2sa.cat\/es\/servicios-it\/gestion-e-impresion-precio-x-copia\/#breadcrumb\",\"itemListElement\":[{\"@type\":\"ListItem\",\"position\":1,\"name\":\"Home\",\"item\":\"https:\/\/www.in2sa.cat\/es\/\"},{\"@type\":\"ListItem\",\"position\":2,\"name\":\"Servicios IT\",\"item\":\"https:\/\/www.in2sa.cat\/es\/servicios-it\/\"},{\"@type\":\"ListItem\",\"position\":3,\"name\":\"Gesti\u00f3n e Impresi\u00f3n Precio X Copia\"}]},{\"@type\":\"WebSite\",\"@id\":\"https:\/\/www.in2sa.cat\/es\/#website\",\"url\":\"https:\/\/www.in2sa.cat\/es\/\",\"name\":\"IN2 - Inform\u00e1tica industrial\",\"description\":\"Services for business\",\"publisher\":{\"@id\":\"https:\/\/www.in2sa.cat\/es\/#organization\"},\"potentialAction\":[{\"@type\":\"SearchAction\",\"target\":{\"@type\":\"EntryPoint\",\"urlTemplate\":\"https:\/\/www.in2sa.cat\/es\/?s={search_term_string}\"},\"query-input\":\"required name=search_term_string\"}],\"inLanguage\":\"es\"},{\"@type\":\"Organization\",\"@id\":\"https:\/\/www.in2sa.cat\/es\/#organization\",\"name\":\"IN2 - Inform\u00e1tica industrial\",\"url\":\"https:\/\/www.in2sa.cat\/es\/\",\"logo\":{\"@type\":\"ImageObject\",\"inLanguage\":\"es\",\"@id\":\"https:\/\/www.in2sa.cat\/es\/#\/schema\/logo\/image\/\",\"url\":\"https:\/\/www.in2sa.cat\/wp-content\/uploads\/2019\/02\/logo.png\",\"contentUrl\":\"https:\/\/www.in2sa.cat\/wp-content\/uploads\/2019\/02\/logo.png\",\"width\":287,\"height\":64,\"caption\":\"IN2 - Inform\u00e1tica industrial\"},\"image\":{\"@id\":\"https:\/\/www.in2sa.cat\/es\/#\/schema\/logo\/image\/\"}}]}<\/script>\n<!-- \/ Yoast SEO plugin. -->","yoast_head_json":{"title":"Gesti\u00f3n e Impresi\u00f3n Precio X Copia - IN2 - Inform\u00e1tica industrial","robots":{"index":"index","follow":"follow","max-snippet":"max-snippet:-1","max-image-preview":"max-image-preview:large","max-video-preview":"max-video-preview:-1"},"canonical":"https:\/\/www.in2sa.cat\/es\/servicios-it\/gestion-e-impresion-precio-x-copia\/","og_locale":"es_ES","og_type":"article","og_title":"Gesti\u00f3n e Impresi\u00f3n Precio X Copia - IN2 - Inform\u00e1tica industrial","og_description":"Modalidad de Gesti\u00f3n A En IN2 le ofrecemos auditorias de equipos de impresi\u00f3n, estudio de las cargas de Trabajo, planimetr\u00edas, distribuci\u00f3n de las funciones de impresi\u00f3n, escaneado, copia, uso del color, formatos de papel, A3, etc. En Inform\u00e1tica Industrial le aconsejamos siempre la mejor opci\u00f3n bas\u00e1ndonos en el cat\u00e1logo del l\u00edder mundial en impresi\u00f3n, HP. [&hellip;]","og_url":"https:\/\/www.in2sa.cat\/es\/servicios-it\/gestion-e-impresion-precio-x-copia\/","og_site_name":"IN2 - Inform\u00e1tica industrial","article_modified_time":"2019-02-21T18:18:03+00:00","og_image":[{"url":"https:\/\/www.in2sa.cat\/wp-content\/uploads\/2019\/02\/impresion-2.png"}],"twitter_card":"summary_large_image","twitter_misc":{"Tiempo de lectura":"2 minutos"},"schema":{"@context":"https:\/\/schema.org","@graph":[{"@type":"WebPage","@id":"https:\/\/www.in2sa.cat\/es\/servicios-it\/gestion-e-impresion-precio-x-copia\/","url":"https:\/\/www.in2sa.cat\/es\/servicios-it\/gestion-e-impresion-precio-x-copia\/","name":"Gesti\u00f3n e Impresi\u00f3n Precio X Copia - IN2 - Inform\u00e1tica industrial","isPartOf":{"@id":"https:\/\/www.in2sa.cat\/es\/#website"},"datePublished":"2019-02-11T10:33:28+00:00","dateModified":"2019-02-21T18:18:03+00:00","breadcrumb":{"@id":"https:\/\/www.in2sa.cat\/es\/servicios-it\/gestion-e-impresion-precio-x-copia\/#breadcrumb"},"inLanguage":"es","potentialAction":[{"@type":"ReadAction","target":["https:\/\/www.in2sa.cat\/es\/servicios-it\/gestion-e-impresion-precio-x-copia\/"]}]},{"@type":"BreadcrumbList","@id":"https:\/\/www.in2sa.cat\/es\/servicios-it\/gestion-e-impresion-precio-x-copia\/#breadcrumb","itemListElement":[{"@type":"ListItem","position":1,"name":"Home","item":"https:\/\/www.in2sa.cat\/es\/"},{"@type":"ListItem","position":2,"name":"Servicios IT","item":"https:\/\/www.in2sa.cat\/es\/servicios-it\/"},{"@type":"ListItem","position":3,"name":"Gesti\u00f3n e Impresi\u00f3n Precio X Copia"}]},{"@type":"WebSite","@id":"https:\/\/www.in2sa.cat\/es\/#website","url":"https:\/\/www.in2sa.cat\/es\/","name":"IN2 - Inform\u00e1tica industrial","description":"Services for business","publisher":{"@id":"https:\/\/www.in2sa.cat\/es\/#organization"},"potentialAction":[{"@type":"SearchAction","target":{"@type":"EntryPoint","urlTemplate":"https:\/\/www.in2sa.cat\/es\/?s={search_term_string}"},"query-input":"required name=search_term_string"}],"inLanguage":"es"},{"@type":"Organization","@id":"https:\/\/www.in2sa.cat\/es\/#organization","name":"IN2 - Inform\u00e1tica industrial","url":"https:\/\/www.in2sa.cat\/es\/","logo":{"@type":"ImageObject","inLanguage":"es","@id":"https:\/\/www.in2sa.cat\/es\/#\/schema\/logo\/image\/","url":"https:\/\/www.in2sa.cat\/wp-content\/uploads\/2019\/02\/logo.png","contentUrl":"https:\/\/www.in2sa.cat\/wp-content\/uploads\/2019\/02\/logo.png","width":287,"height":64,"caption":"IN2 - Inform\u00e1tica industrial"},"image":{"@id":"https:\/\/www.in2sa.cat\/es\/#\/schema\/logo\/image\/"}}]}},"_links":{"self":[{"href":"https:\/\/www.in2sa.cat\/es\/wp-json\/wp\/v2\/pages\/114"}],"collection":[{"href":"https:\/\/www.in2sa.cat\/es\/wp-json\/wp\/v2\/pages"}],"about":[{"href":"https:\/\/www.in2sa.cat\/es\/wp-json\/wp\/v2\/types\/page"}],"author":[{"embeddable":true,"href":"https:\/\/www.in2sa.cat\/es\/wp-json\/wp\/v2\/users\/1"}],"replies":[{"embeddable":true,"href":"https:\/\/www.in2sa.cat\/es\/wp-json\/wp\/v2\/comments?post=114"}],"version-history":[{"count":5,"href":"https:\/\/www.in2sa.cat\/es\/wp-json\/wp\/v2\/pages\/114\/revisions"}],"predecessor-version":[{"id":719,"href":"https:\/\/www.in2sa.cat\/es\/wp-json\/wp\/v2\/pages\/114\/revisions\/719"}],"up":[{"embeddable":true,"href":"https:\/\/www.in2sa.cat\/es\/wp-json\/wp\/v2\/pages\/129"}],"wp:attachment":[{"href":"https:\/\/www.in2sa.cat\/es\/wp-json\/wp\/v2\/media?parent=114"}],"curies":[{"name":"wp","href":"https:\/\/api.w.org\/{rel}","templated":true}]}}