{"id":111,"date":"2019-02-11T12:29:23","date_gmt":"2019-02-11T10:29:23","guid":{"rendered":"https:\/\/www.in2sa.cat\/?page_id=111"},"modified":"2019-05-30T11:08:00","modified_gmt":"2019-05-30T09:08:00","slug":"mantenimiento-informatico","status":"publish","type":"page","link":"https:\/\/www.in2sa.cat\/es\/servicios-it\/mantenimiento-informatico\/","title":{"rendered":"Mantenimiento inform\u00e1tico"},"content":{"rendered":"<h2>Presencial<\/h2>\r\n\r\n<div class=\"is-layout-flex wp-container-3 wp-block-columns has-2-columns\">\r\n<div class=\"is-layout-flow wp-block-column\">\r\n<p>Buena parte de la productividad de una empresa se basa en el correcto funcionamiento de sus sistemas inform\u00e1ticos.<\/p>\r\n\r\n\r\n\r\n<p>Conscientes de esta necesidad, en IN2, les ofrecemos un servicio en el que reduciremos al m\u00ednimo las incidencias, gracias a la realizaci\u00f3n de unos mantenimientos presenciales que le garantizar\u00e1n su correcto funcionamiento, evitando problemas de productividad o eficiencia en su empresa.<\/p>\r\n\r\n\r\n\r\n<p>El mercado potencial de Inform\u00e1tica Industrial es el Vall\u00e9s y Barcelon\u00e9s y dentro de este territorio nuestra capacidad de actuaci\u00f3n presencial con personal cualificado es de menos de 4 horas.<\/p>\r\n<\/div>\r\n\r\n\r\n\r\n<div class=\"is-layout-flow wp-block-column\">\r\n<figure class=\"wp-block-image\"><img decoding=\"async\" loading=\"lazy\" class=\"alignnone size-full wp-image-232\" src=\"https:\/\/www.in2sa.cat\/wp-content\/uploads\/2019\/02\/mantenimiento-presencial.png\" alt=\"mantenimiento presencial\" width=\"350\" height=\"350\" srcset=\"https:\/\/www.in2sa.cat\/wp-content\/uploads\/2019\/02\/mantenimiento-presencial.png 350w, https:\/\/www.in2sa.cat\/wp-content\/uploads\/2019\/02\/mantenimiento-presencial-150x150.png 150w, https:\/\/www.in2sa.cat\/wp-content\/uploads\/2019\/02\/mantenimiento-presencial-300x300.png 300w\" sizes=\"(max-width: 350px) 100vw, 350px\" \/><\/figure>\r\n<\/div>\r\n<\/div>\r\n\r\n<h2>Remotos<\/h2>\r\n\r\n<div class=\"is-layout-flex wp-container-6 wp-block-columns has-2-columns\">\r\n<div class=\"is-layout-flow wp-block-column\">\r\n<figure class=\"wp-block-image\"><img decoding=\"async\" loading=\"lazy\" class=\"alignnone size-full wp-image-234\" src=\"https:\/\/www.in2sa.cat\/wp-content\/uploads\/2019\/02\/mantenimiento-remoto.png\" alt=\"mantenimiento remoto\" width=\"350\" height=\"350\" srcset=\"https:\/\/www.in2sa.cat\/wp-content\/uploads\/2019\/02\/mantenimiento-remoto.png 350w, https:\/\/www.in2sa.cat\/wp-content\/uploads\/2019\/02\/mantenimiento-remoto-150x150.png 150w, https:\/\/www.in2sa.cat\/wp-content\/uploads\/2019\/02\/mantenimiento-remoto-300x300.png 300w\" sizes=\"(max-width: 350px) 100vw, 350px\" \/><\/figure>\r\n<\/div>\r\n\r\n\r\n\r\n<div class=\"is-layout-flow wp-block-column\">\r\n<p>El acceso remoto le permite reducir sus costes y mejorar los tiempos de resoluci\u00f3n de incidencias.<\/p>\r\n\r\n\r\n\r\n<p>Ahora IN2 le ofrece el mejor servicio de Mantenimiento Inform\u00e1tico para Empresas con Monitorizaci\u00f3n de sistemas 24 horas los 7 d\u00edas de la semana y Soporte Telef\u00f3nico 8&#215;5.<\/p>\r\n\r\n\r\n\r\n<p>Los servicios de Inform\u00e1tica Industrial de soporte remoto le aseguran un tiempo de respuesta pr\u00e1cticamente inmediato desde la primera llamada.<\/p>\r\n<\/div>\r\n<\/div>\r\n\r\n<h2>Preventivo<\/h2>\r\n\r\n<div class=\"is-layout-flex wp-container-9 wp-block-columns has-2-columns\">\r\n<div class=\"is-layout-flow wp-block-column\">\r\n<p>Si le preocupa que su equipo inform\u00e1tico est\u00e9 siempre al d\u00eda o que pueda estar a punto de sufrir una aver\u00eda o que pierda capacidad ahora nuestras soluciones le permitir\u00e1n estar tranquilo y confiado.<\/p>\r\n\r\n\r\n\r\n<p>IN2 dedica un gran esfuerzo al mantenimiento preventivo ofreci\u00e9ndole unos servicios de primer orden.<\/p>\r\n\r\n\r\n\r\n<p>Inf\u00f3rmese de nuestros contratos de mantenimiento que prev\u00e9n este mantenimiento preventivo y podremos anticiparnos a muchas de estas posibles incidencias.<\/p>\r\n<\/div>\r\n\r\n\r\n\r\n<div class=\"is-layout-flow wp-block-column\">\r\n<figure class=\"wp-block-image\"><img decoding=\"async\" loading=\"lazy\" class=\"alignnone size-full wp-image-245\" src=\"https:\/\/www.in2sa.cat\/wp-content\/uploads\/2019\/02\/mantenimiento-preventivo-1.png\" alt=\"mantenimiento preventivo\" width=\"350\" height=\"350\" srcset=\"https:\/\/www.in2sa.cat\/wp-content\/uploads\/2019\/02\/mantenimiento-preventivo-1.png 350w, https:\/\/www.in2sa.cat\/wp-content\/uploads\/2019\/02\/mantenimiento-preventivo-1-150x150.png 150w, https:\/\/www.in2sa.cat\/wp-content\/uploads\/2019\/02\/mantenimiento-preventivo-1-300x300.png 300w\" sizes=\"(max-width: 350px) 100vw, 350px\" \/><\/figure>\r\n<\/div>\r\n<\/div>\r\n\r\n<h2>Reactivo<\/h2>\r\n\r\n<div class=\"is-layout-flex wp-container-12 wp-block-columns has-2-columns\">\r\n<div class=\"is-layout-flow wp-block-column\">\r\n<figure class=\"wp-block-image\"><img decoding=\"async\" loading=\"lazy\" class=\"alignnone size-full wp-image-238\" src=\"https:\/\/www.in2sa.cat\/wp-content\/uploads\/2019\/02\/mantenimiento-reactivo.png\" alt=\"mantenimiento reactivo\" width=\"350\" height=\"350\" srcset=\"https:\/\/www.in2sa.cat\/wp-content\/uploads\/2019\/02\/mantenimiento-reactivo.png 350w, https:\/\/www.in2sa.cat\/wp-content\/uploads\/2019\/02\/mantenimiento-reactivo-150x150.png 150w, https:\/\/www.in2sa.cat\/wp-content\/uploads\/2019\/02\/mantenimiento-reactivo-300x300.png 300w\" sizes=\"(max-width: 350px) 100vw, 350px\" \/><\/figure>\r\n<\/div>\r\n\r\n\r\n\r\n<div class=\"is-layout-flow wp-block-column\">\r\n<p>\u00bfNo pueden encender su ordenador o a su servidor se le ha encendido la luz roja o una tempestad ha provocado da\u00f1os importantes en su infraestructura?<\/p>\r\n\r\n\r\n\r\n<p>Conscientes de los problemas que esta situaci\u00f3n puede provocarles, IN2 ha dise\u00f1ado diferentes planes de acci\u00f3n basados en contratos de mantenimiento a medida con los que fijaremos un tiempo de respuesta o acordaremos el nivel del servicio seg\u00fan sus necesidades.<\/p>\r\n\r\n\r\n\r\n<p>Con las soluciones de Inform\u00e1tica Industrial le aseguramos que se sentir\u00e1 seguro ante cualquier contratiempo.<\/p>\r\n<\/div>\r\n<\/div>\r\n\r\n<h2>Extensiones garant\u00eda primeras marcas<\/h2>\r\n\r\n<div class=\"is-layout-flex wp-container-15 wp-block-columns has-2-columns\">\r\n<div class=\"is-layout-flow wp-block-column\">\r\n<p>Hoy las garant\u00edas de muchos equipos solo son de dos a\u00f1os y estas no cubren siempre todas las necesidades de las empresas.<\/p>\r\n\r\n\r\n\r\n<p>En IN2 solo trabajamos con los mejores proveedores de piezas de recambio de las primeras marcas lo que nos permite ofrecerle ampliaciones de garant\u00eda de servidores, equipos de almacenamiento y conectividad a precios muy competitivos.<\/p>\r\n\r\n\r\n\r\n<p>Adem\u00e1s, los niveles de Servicio de Inform\u00e1tica Industrial alcanzan tiempos de respuesta de hasta 4 horas, 24X7 con el valor a\u00f1adido del trato personal de una empresa f\u00edsicamente cercana.<\/p>\r\n<\/div>\r\n\r\n\r\n\r\n<div class=\"is-layout-flow wp-block-column\">\r\n<figure class=\"wp-block-image\"><img decoding=\"async\" loading=\"lazy\" class=\"alignnone size-full wp-image-240\" src=\"https:\/\/www.in2sa.cat\/wp-content\/uploads\/2019\/02\/extensiones-de-garantia.png\" alt=\"extensiones de garant\u00eda\" width=\"350\" height=\"350\" srcset=\"https:\/\/www.in2sa.cat\/wp-content\/uploads\/2019\/02\/extensiones-de-garantia.png 350w, https:\/\/www.in2sa.cat\/wp-content\/uploads\/2019\/02\/extensiones-de-garantia-150x150.png 150w, https:\/\/www.in2sa.cat\/wp-content\/uploads\/2019\/02\/extensiones-de-garantia-300x300.png 300w\" sizes=\"(max-width: 350px) 100vw, 350px\" \/><\/figure>\r\n<\/div>\r\n<\/div>\r\n\r\n<p>&nbsp;<\/p>","protected":false},"excerpt":{"rendered":"<p>Presencial Buena parte de la productividad de una empresa se basa en el correcto funcionamiento de sus sistemas inform\u00e1ticos. Conscientes de esta necesidad, en IN2, les ofrecemos un servicio en el que reduciremos al m\u00ednimo las incidencias, gracias a la realizaci\u00f3n de unos mantenimientos presenciales que le garantizar\u00e1n su correcto funcionamiento, evitando problemas de productividad [&hellip;]<\/p>\n","protected":false},"author":1,"featured_media":0,"parent":129,"menu_order":5,"comment_status":"closed","ping_status":"closed","template":"","meta":{"inline_featured_image":false},"yoast_head":"<!-- This site is optimized with the Yoast SEO plugin v20.13 - https:\/\/yoast.com\/wordpress\/plugins\/seo\/ -->\n<title>Mantenimiento inform\u00e1tico - IN2 - Inform\u00e1tica industrial<\/title>\n<meta name=\"robots\" content=\"index, follow, max-snippet:-1, max-image-preview:large, max-video-preview:-1\" \/>\n<link rel=\"canonical\" href=\"https:\/\/www.in2sa.cat\/es\/servicios-it\/mantenimiento-informatico\/\" \/>\n<meta property=\"og:locale\" content=\"es_ES\" \/>\n<meta property=\"og:type\" content=\"article\" \/>\n<meta property=\"og:title\" content=\"Mantenimiento inform\u00e1tico - IN2 - Inform\u00e1tica industrial\" \/>\n<meta property=\"og:description\" content=\"Presencial Buena parte de la productividad de una empresa se basa en el correcto funcionamiento de sus sistemas inform\u00e1ticos. Conscientes de esta necesidad, en IN2, les ofrecemos un servicio en el que reduciremos al m\u00ednimo las incidencias, gracias a la realizaci\u00f3n de unos mantenimientos presenciales que le garantizar\u00e1n su correcto funcionamiento, evitando problemas de productividad [&hellip;]\" \/>\n<meta property=\"og:url\" content=\"https:\/\/www.in2sa.cat\/es\/servicios-it\/mantenimiento-informatico\/\" \/>\n<meta property=\"og:site_name\" content=\"IN2 - Inform\u00e1tica industrial\" \/>\n<meta property=\"article:modified_time\" content=\"2019-05-30T09:08:00+00:00\" \/>\n<meta property=\"og:image\" content=\"https:\/\/www.in2sa.cat\/wp-content\/uploads\/2019\/02\/mantenimiento-presencial.png\" \/>\n<meta name=\"twitter:card\" content=\"summary_large_image\" \/>\n<meta name=\"twitter:label1\" content=\"Tiempo de lectura\" \/>\n\t<meta name=\"twitter:data1\" content=\"2 minutos\" \/>\n<script type=\"application\/ld+json\" class=\"yoast-schema-graph\">{\"@context\":\"https:\/\/schema.org\",\"@graph\":[{\"@type\":\"WebPage\",\"@id\":\"https:\/\/www.in2sa.cat\/es\/servicios-it\/mantenimiento-informatico\/\",\"url\":\"https:\/\/www.in2sa.cat\/es\/servicios-it\/mantenimiento-informatico\/\",\"name\":\"Mantenimiento inform\u00e1tico - IN2 - Inform\u00e1tica industrial\",\"isPartOf\":{\"@id\":\"https:\/\/www.in2sa.cat\/es\/#website\"},\"datePublished\":\"2019-02-11T10:29:23+00:00\",\"dateModified\":\"2019-05-30T09:08:00+00:00\",\"breadcrumb\":{\"@id\":\"https:\/\/www.in2sa.cat\/es\/servicios-it\/mantenimiento-informatico\/#breadcrumb\"},\"inLanguage\":\"es\",\"potentialAction\":[{\"@type\":\"ReadAction\",\"target\":[\"https:\/\/www.in2sa.cat\/es\/servicios-it\/mantenimiento-informatico\/\"]}]},{\"@type\":\"BreadcrumbList\",\"@id\":\"https:\/\/www.in2sa.cat\/es\/servicios-it\/mantenimiento-informatico\/#breadcrumb\",\"itemListElement\":[{\"@type\":\"ListItem\",\"position\":1,\"name\":\"Home\",\"item\":\"https:\/\/www.in2sa.cat\/es\/\"},{\"@type\":\"ListItem\",\"position\":2,\"name\":\"Servicios IT\",\"item\":\"https:\/\/www.in2sa.cat\/es\/servicios-it\/\"},{\"@type\":\"ListItem\",\"position\":3,\"name\":\"Mantenimiento inform\u00e1tico\"}]},{\"@type\":\"WebSite\",\"@id\":\"https:\/\/www.in2sa.cat\/es\/#website\",\"url\":\"https:\/\/www.in2sa.cat\/es\/\",\"name\":\"IN2 - Inform\u00e1tica industrial\",\"description\":\"Services for business\",\"publisher\":{\"@id\":\"https:\/\/www.in2sa.cat\/es\/#organization\"},\"potentialAction\":[{\"@type\":\"SearchAction\",\"target\":{\"@type\":\"EntryPoint\",\"urlTemplate\":\"https:\/\/www.in2sa.cat\/es\/?s={search_term_string}\"},\"query-input\":\"required name=search_term_string\"}],\"inLanguage\":\"es\"},{\"@type\":\"Organization\",\"@id\":\"https:\/\/www.in2sa.cat\/es\/#organization\",\"name\":\"IN2 - Inform\u00e1tica industrial\",\"url\":\"https:\/\/www.in2sa.cat\/es\/\",\"logo\":{\"@type\":\"ImageObject\",\"inLanguage\":\"es\",\"@id\":\"https:\/\/www.in2sa.cat\/es\/#\/schema\/logo\/image\/\",\"url\":\"https:\/\/www.in2sa.cat\/wp-content\/uploads\/2019\/02\/logo.png\",\"contentUrl\":\"https:\/\/www.in2sa.cat\/wp-content\/uploads\/2019\/02\/logo.png\",\"width\":287,\"height\":64,\"caption\":\"IN2 - Inform\u00e1tica industrial\"},\"image\":{\"@id\":\"https:\/\/www.in2sa.cat\/es\/#\/schema\/logo\/image\/\"}}]}<\/script>\n<!-- \/ Yoast SEO plugin. -->","yoast_head_json":{"title":"Mantenimiento inform\u00e1tico - IN2 - Inform\u00e1tica industrial","robots":{"index":"index","follow":"follow","max-snippet":"max-snippet:-1","max-image-preview":"max-image-preview:large","max-video-preview":"max-video-preview:-1"},"canonical":"https:\/\/www.in2sa.cat\/es\/servicios-it\/mantenimiento-informatico\/","og_locale":"es_ES","og_type":"article","og_title":"Mantenimiento inform\u00e1tico - IN2 - Inform\u00e1tica industrial","og_description":"Presencial Buena parte de la productividad de una empresa se basa en el correcto funcionamiento de sus sistemas inform\u00e1ticos. Conscientes de esta necesidad, en IN2, les ofrecemos un servicio en el que reduciremos al m\u00ednimo las incidencias, gracias a la realizaci\u00f3n de unos mantenimientos presenciales que le garantizar\u00e1n su correcto funcionamiento, evitando problemas de productividad [&hellip;]","og_url":"https:\/\/www.in2sa.cat\/es\/servicios-it\/mantenimiento-informatico\/","og_site_name":"IN2 - Inform\u00e1tica industrial","article_modified_time":"2019-05-30T09:08:00+00:00","og_image":[{"url":"https:\/\/www.in2sa.cat\/wp-content\/uploads\/2019\/02\/mantenimiento-presencial.png"}],"twitter_card":"summary_large_image","twitter_misc":{"Tiempo de lectura":"2 minutos"},"schema":{"@context":"https:\/\/schema.org","@graph":[{"@type":"WebPage","@id":"https:\/\/www.in2sa.cat\/es\/servicios-it\/mantenimiento-informatico\/","url":"https:\/\/www.in2sa.cat\/es\/servicios-it\/mantenimiento-informatico\/","name":"Mantenimiento inform\u00e1tico - IN2 - Inform\u00e1tica industrial","isPartOf":{"@id":"https:\/\/www.in2sa.cat\/es\/#website"},"datePublished":"2019-02-11T10:29:23+00:00","dateModified":"2019-05-30T09:08:00+00:00","breadcrumb":{"@id":"https:\/\/www.in2sa.cat\/es\/servicios-it\/mantenimiento-informatico\/#breadcrumb"},"inLanguage":"es","potentialAction":[{"@type":"ReadAction","target":["https:\/\/www.in2sa.cat\/es\/servicios-it\/mantenimiento-informatico\/"]}]},{"@type":"BreadcrumbList","@id":"https:\/\/www.in2sa.cat\/es\/servicios-it\/mantenimiento-informatico\/#breadcrumb","itemListElement":[{"@type":"ListItem","position":1,"name":"Home","item":"https:\/\/www.in2sa.cat\/es\/"},{"@type":"ListItem","position":2,"name":"Servicios IT","item":"https:\/\/www.in2sa.cat\/es\/servicios-it\/"},{"@type":"ListItem","position":3,"name":"Mantenimiento inform\u00e1tico"}]},{"@type":"WebSite","@id":"https:\/\/www.in2sa.cat\/es\/#website","url":"https:\/\/www.in2sa.cat\/es\/","name":"IN2 - Inform\u00e1tica industrial","description":"Services for business","publisher":{"@id":"https:\/\/www.in2sa.cat\/es\/#organization"},"potentialAction":[{"@type":"SearchAction","target":{"@type":"EntryPoint","urlTemplate":"https:\/\/www.in2sa.cat\/es\/?s={search_term_string}"},"query-input":"required name=search_term_string"}],"inLanguage":"es"},{"@type":"Organization","@id":"https:\/\/www.in2sa.cat\/es\/#organization","name":"IN2 - Inform\u00e1tica industrial","url":"https:\/\/www.in2sa.cat\/es\/","logo":{"@type":"ImageObject","inLanguage":"es","@id":"https:\/\/www.in2sa.cat\/es\/#\/schema\/logo\/image\/","url":"https:\/\/www.in2sa.cat\/wp-content\/uploads\/2019\/02\/logo.png","contentUrl":"https:\/\/www.in2sa.cat\/wp-content\/uploads\/2019\/02\/logo.png","width":287,"height":64,"caption":"IN2 - Inform\u00e1tica industrial"},"image":{"@id":"https:\/\/www.in2sa.cat\/es\/#\/schema\/logo\/image\/"}}]}},"_links":{"self":[{"href":"https:\/\/www.in2sa.cat\/es\/wp-json\/wp\/v2\/pages\/111"}],"collection":[{"href":"https:\/\/www.in2sa.cat\/es\/wp-json\/wp\/v2\/pages"}],"about":[{"href":"https:\/\/www.in2sa.cat\/es\/wp-json\/wp\/v2\/types\/page"}],"author":[{"embeddable":true,"href":"https:\/\/www.in2sa.cat\/es\/wp-json\/wp\/v2\/users\/1"}],"replies":[{"embeddable":true,"href":"https:\/\/www.in2sa.cat\/es\/wp-json\/wp\/v2\/comments?post=111"}],"version-history":[{"count":10,"href":"https:\/\/www.in2sa.cat\/es\/wp-json\/wp\/v2\/pages\/111\/revisions"}],"predecessor-version":[{"id":242,"href":"https:\/\/www.in2sa.cat\/es\/wp-json\/wp\/v2\/pages\/111\/revisions\/242"}],"up":[{"embeddable":true,"href":"https:\/\/www.in2sa.cat\/es\/wp-json\/wp\/v2\/pages\/129"}],"wp:attachment":[{"href":"https:\/\/www.in2sa.cat\/es\/wp-json\/wp\/v2\/media?parent=111"}],"curies":[{"name":"wp","href":"https:\/\/api.w.org\/{rel}","templated":true}]}}